{"id":1205,"date":"2023-04-18T11:45:36","date_gmt":"2023-04-18T16:45:36","guid":{"rendered":"https:\/\/muniabancay.gob.pe\/web\/?page_id=1205"},"modified":"2023-05-08T13:52:07","modified_gmt":"2023-05-08T18:52:07","slug":"mision-y-vision","status":"publish","type":"page","link":"https:\/\/muniabancay.gob.pe\/web\/mision-y-vision\/","title":{"rendered":"Misi\u00f3n y Visi\u00f3n"},"content":{"rendered":"<p><section class=\"kc-elm kc-css-557934 kc_row\"><div class=\"kc-row-container\"><div class=\"kc-wrap-columns\"><div class=\"kc-elm kc-css-382984 kc_col-sm-12 kc_column kc_col-sm-12\"><div class=\"kc-col-container\"><div class=\"kc-elm kc-css-906444\" style=\"height: 75px; clear: both; width:100%;\"><\/div><\/div><\/div><\/div><\/div><\/section><section class=\"kc-elm kc-css-193971 kc_row\"><div class=\"kc-row-container  kc-container\"><div class=\"kc-wrap-columns\"><div class=\"kc-elm kc-css-285540 kc_col-sm-6 kc_column kc_col-sm-6\"><div class=\"kc-col-container\">\r\n\t\t\t<div class=\"kc-elm kc-css-61165 kc-animated kc-animate-eff-fadeIn kc-cbx kc-cbx-top boxmuniabc kc-cbx-middle\">\r\n\t\t\t\t<div class=\"kc-cbx-front\">\r\n\t\t\t\t\t<div class=\"kc-cbx-front-content\">\r\n\t\t\t\t\t\t<div class=\"kc-cbx-box-content\">\r\n\t\t\t\t\t\t\t\t\t\t\t\t\t\t\t\t<div class=\"kc-cbx-icon\"><i class=\"sl-rocket\"><\/i><\/div>\r\n\t\t\t\t\t\t\t\r\n\t\t\t\t\t\t\t\t\t\t\t\t\t\t\t<div class=\"kc-cbx-title\">MISI\u00d3N <\/div>\r\n\t\t\t\t\t\t\t\r\n\t\t\t\t\t\t\t\t\t\t\t\t\t\t\t<div class=\"kc-cbx-desc\">Prestar servicios de calidad, de manera oportuna y eficiente con transparencia, inclusi\u00f3n y modernidad, que satisfaga las necesidades del ciudadano, logrando el desarrollo integral y sostenible de la comunidad, a trav\u00e9s de una gesti\u00f3n participativa.<\/div>\r\n\t\t\t\t\t\t\t\t\t\t\t\t\t<\/div>\r\n\t\t\t\t\t<\/div>\r\n\t\t\t\t<\/div>\r\n\r\n\t\t\t\t<div class=\"kc-cbx-back\">\r\n\t\t\t\t\t<div class=\"kc-cbx-back-content\">\r\n\t\t\t\t\t\t<div class=\"kc-cbx-box-content\"><\/div>\r\n\t\t\t\t\t<\/div>\r\n\t\t\t\t<\/div>\r\n\t\t\t<\/div>\r\n\r\n\t\t<\/div><\/div><div class=\"kc-elm kc-css-974147 kc_col-sm-6 kc_column kc_col-sm-6\"><div class=\"kc-col-container\">\r\n\t\t\t<div class=\"kc-elm kc-css-116385 kc-animated kc-animate-eff-fadeIn kc-cbx kc-cbx-top box\">\r\n\t\t\t\t<div class=\"kc-cbx-front\">\r\n\t\t\t\t\t<div class=\"kc-cbx-front-content\">\r\n\t\t\t\t\t\t<div class=\"kc-cbx-box-content\">\r\n\t\t\t\t\t\t\t\t\t\t\t\t\t\t\t\t<div class=\"kc-cbx-icon\"><i class=\"sl-eye\"><\/i><\/div>\r\n\t\t\t\t\t\t\t\r\n\t\t\t\t\t\t\t\t\t\t\t\t\t\t\t<div class=\"kc-cbx-title\">VISI\u00d3N <\/div>\r\n\t\t\t\t\t\t\t\r\n\t\t\t\t\t\t\t\t\t\t\t\t\t\t\t<div class=\"kc-cbx-desc\">L\u00edder, que promueva el desarrollo integral de la Provincia de Abancay, con una gesti\u00f3n eficaz, eficiente, oportuno, transparente y participativa, posicionando como una ciudad ordenada, limpia, verde, segura, moderna, inclusiva y saludable, donde se fomente la cultura y el turismo, sobre la base de un manejo sostenible de sus recursos naturales y productivos.<\/div>\r\n\t\t\t\t\t\t\t\t\t\t\t\t\t<\/div>\r\n\t\t\t\t\t<\/div>\r\n\t\t\t\t<\/div>\r\n\r\n\t\t\t\t<div class=\"kc-cbx-back\">\r\n\t\t\t\t\t<div class=\"kc-cbx-back-content\">\r\n\t\t\t\t\t\t<div class=\"kc-cbx-box-content\"><\/div>\r\n\t\t\t\t\t<\/div>\r\n\t\t\t\t<\/div>\r\n\t\t\t<\/div>\r\n\r\n\t\t<\/div><\/div><\/div><\/div><\/section><section class=\"kc-elm kc-css-33666 kc_row\"><div class=\"kc-row-container  kc-container\"><div class=\"kc-wrap-columns\"><div class=\"kc-elm kc-css-243953 kc_col-sm-12 kc_column kc_col-sm-12\"><div class=\"kc-col-container\"><div class=\"kc-elm kc-css-670414\" style=\"height: 95px; clear: both; width:100%;\"><\/div>\n<div class=\"kc-elm kc-css-297969 kc-title-wrap \">\n\n\t<h2 class=\"kc_title\">Nuestros Principios<\/h2>\n<\/div>\n<div class=\"kc-elm kc-css-396351\" style=\"height: 61px; clear: both; width:100%;\"><\/div><\/div><\/div><\/div><\/div><\/section><section class=\"kc-elm kc-css-786406 kc_row\"><div class=\"kc-row-container  kc-container\"><div class=\"kc-wrap-columns\"><div class=\"kc-elm kc-css-620226 kc_col-sm-3 kc_column kc_col-sm-3\"><div class=\"kc-col-container\"><div class=\"kc-elm kc-css-950761 kc-feature-boxes kc-fb-layout-1\">\n\n\t<div class=\"content-icon\"><i class=\"fa-hands-helping\"><\/i><\/div><div class=\"content-title\">Respeto<\/div>\n<\/div>\n<\/div><\/div><div class=\"kc-elm kc-css-646866 kc_col-sm-3 kc_column kc_col-sm-3\"><div class=\"kc-col-container\"><div class=\"kc-elm kc-css-129720 kc-feature-boxes kc-fb-layout-1\">\n\n\t<div class=\"content-icon\"><i class=\"fa-hands\"><\/i><\/div><div class=\"content-title\">Probidad<\/div>\n<\/div>\n<\/div><\/div><div class=\"kc-elm kc-css-817861 kc_col-sm-3 kc_column kc_col-sm-3\"><div class=\"kc-col-container\"><div class=\"kc-elm kc-css-117777 kc-feature-boxes kc-fb-layout-1\">\n\n\t<div class=\"content-icon\"><i class=\"fa-people-carry\"><\/i><\/div><div class=\"content-title\">Eficiencia<\/div>\n<\/div>\n<\/div><\/div><div class=\"kc-elm kc-css-726684 kc_col-sm-3 kc_column kc_col-sm-3\"><div class=\"kc-col-container\"><div class=\"kc-elm kc-css-680608 kc-feature-boxes kc-fb-layout-1\">\n\n\t<div class=\"content-icon\"><i class=\"fa-child\"><\/i><\/div><div class=\"content-title\">Honradez<\/div>\n<\/div>\n<\/div><\/div><\/div><\/div><\/section><section class=\"kc-elm kc-css-45702 kc_row\"><div class=\"kc-row-container  kc-container\"><div class=\"kc-wrap-columns\"><div class=\"kc-elm kc-css-2875 kc_col-sm-12 kc_column kc_col-sm-12\"><div class=\"kc-col-container\"><div class=\"kc-elm kc-css-410235\" style=\"height: 55px; clear: both; width:100%;\"><\/div><\/div><\/div><\/div><\/div><\/section><section class=\"kc-elm kc-css-901583 kc_row\"><div class=\"kc-row-container  kc-container\"><div class=\"kc-wrap-columns\"><div class=\"kc-elm kc-css-62463 kc_col-sm-3 kc_column kc_col-sm-3\"><div class=\"kc-col-container\"><div class=\"kc-elm kc-css-184206 kc-feature-boxes kc-fb-layout-1\">\n\n\t<div class=\"content-icon\"><i class=\"fa-file-alt\"><\/i><\/div><div class=\"content-title\">Veracidad<\/div>\n<\/div>\n<\/div><\/div><div class=\"kc-elm kc-css-943315 kc_col-sm-3 kc_column kc_col-sm-3\"><div class=\"kc-col-container\"><div class=\"kc-elm kc-css-977385 kc-feature-boxes kc-fb-layout-1\">\n\n\t<div class=\"content-icon\"><i class=\"fa-hand-holding-heart\"><\/i><\/div><div class=\"content-title\">Lealtad y obediencia<\/div>\n<\/div>\n<\/div><\/div><div class=\"kc-elm kc-css-889553 kc_col-sm-3 kc_column kc_col-sm-3\"><div class=\"kc-col-container\"><div class=\"kc-elm kc-css-333452 kc-feature-boxes kc-fb-layout-1\">\n\n\t<div class=\"content-icon\"><i class=\"fa-users\"><\/i><\/div><div class=\"content-title\">Lealtad al estado de derecho<\/div>\n<\/div>\n<\/div><\/div><div class=\"kc-elm kc-css-598341 kc_col-sm-3 kc_column kc_col-sm-3\"><div class=\"kc-col-container\"><div class=\"kc-elm kc-css-943744 kc-feature-boxes kc-fb-layout-1\">\n\n\t<div class=\"content-icon\"><i class=\"fa-balance-scale\"><\/i><\/div><div class=\"content-title\">Justicia y equidad<\/div>\n<\/div>\n<\/div><\/div><\/div><\/div><\/section><section class=\"kc-elm kc-css-263809 kc_row\"><div class=\"kc-row-container  kc-container\"><div class=\"kc-wrap-columns\"><div class=\"kc-elm kc-css-683904 kc_col-sm-12 kc_column kc_col-sm-12\"><div class=\"kc-col-container\"><div class=\"kc-elm kc-css-702704\" style=\"height: 99px; clear: both; width:100%;\"><\/div><div class=\"kc-carousel-post kc-elm kc-css-785462 kc-animated kc-animate-eff-bounceIn\"><h3 class=\"list-post-title\">\u00daltimas Noticias<\/h3><div class=\"kc-owl-post-carousel owl-carousel list-post category  owl-nav-round\" data-owl-options='{\"items\":\"3\",\"mobile\":\"1\",\"tablet\":\"2\",\"speed\":500,\"navigation\":\"yes\",\"pagination\":\"yes\",\"autoheight\":\"\",\"autoplay\":\"yes\"}'>\t\t<div class=\"item list-item post-11842\">\n\n\t\t\t<div class=\"post-content\">\n\n\t\t\t\t<div class=\"image\"><img loading=\"lazy\" decoding=\"async\" width=\"1024\" height=\"768\" src=\"https:\/\/muniabancay.gob.pe\/web\/wp-content\/uploads\/2026\/04\/668480586_1381115854042354_3660096550821940234_n-1024x768.jpg\" class=\"attachment-large size-large wp-post-image\" alt=\"\" srcset=\"https:\/\/muniabancay.gob.pe\/web\/wp-content\/uploads\/2026\/04\/668480586_1381115854042354_3660096550821940234_n-1024x768.jpg 1024w, https:\/\/muniabancay.gob.pe\/web\/wp-content\/uploads\/2026\/04\/668480586_1381115854042354_3660096550821940234_n-300x225.jpg 300w, https:\/\/muniabancay.gob.pe\/web\/wp-content\/uploads\/2026\/04\/668480586_1381115854042354_3660096550821940234_n-768x576.jpg 768w, https:\/\/muniabancay.gob.pe\/web\/wp-content\/uploads\/2026\/04\/668480586_1381115854042354_3660096550821940234_n-1536x1152.jpg 1536w, https:\/\/muniabancay.gob.pe\/web\/wp-content\/uploads\/2026\/04\/668480586_1381115854042354_3660096550821940234_n-600x450.jpg 600w, https:\/\/muniabancay.gob.pe\/web\/wp-content\/uploads\/2026\/04\/668480586_1381115854042354_3660096550821940234_n.jpg 2048w\" sizes=\"auto, (max-width: 1024px) 100vw, 1024px\" \/><h3 class=\"caption\"><a href=\"https:\/\/muniabancay.gob.pe\/web\/2026\/04\/09\/municipalidad-provincial-de-abancay-inicia-procedimiento-sancionador-por-construccion-sin-licencia-en-faja-marginal-del-rio-ullpuhuaycco\/\">MUNICIPALIDAD PROVINCIAL DE ABANCAY INICIA PROCEDIMIENTO SANCIONADOR POR CONSTRUCCI\u00d3N SIN LICENCIA EN FAJA MARGINAL DEL R\u00cdO ULLPUHUAYCCO<\/a><\/h3><\/div>\n\t\t\t\t\n\t\t\t\t<div class=\"in-post-content\">Intervenci\u00f3n de la Subgerencia de Desarrollo Urbano busca garantizar el ordenamiento territorial y el respeto a la normativa vigente. La intervenci\u00f3n ejecutada por la Subgerencia ...<\/div>\n\t\t\t\t\t\t\t<\/div>\n\n\t\t<\/div>\n\t\t\t\t<div class=\"item list-item post-11841\">\n\n\t\t\t<div class=\"post-content\">\n\n\t\t\t\t<div class=\"image\"><img loading=\"lazy\" decoding=\"async\" width=\"1024\" height=\"704\" src=\"https:\/\/muniabancay.gob.pe\/web\/wp-content\/uploads\/2026\/04\/669586200_1381082627379010_1735401929187641995_n-1024x704.jpg\" class=\"attachment-large size-large wp-post-image\" alt=\"\" srcset=\"https:\/\/muniabancay.gob.pe\/web\/wp-content\/uploads\/2026\/04\/669586200_1381082627379010_1735401929187641995_n-1024x704.jpg 1024w, https:\/\/muniabancay.gob.pe\/web\/wp-content\/uploads\/2026\/04\/669586200_1381082627379010_1735401929187641995_n-300x206.jpg 300w, https:\/\/muniabancay.gob.pe\/web\/wp-content\/uploads\/2026\/04\/669586200_1381082627379010_1735401929187641995_n-768x528.jpg 768w, https:\/\/muniabancay.gob.pe\/web\/wp-content\/uploads\/2026\/04\/669586200_1381082627379010_1735401929187641995_n-1536x1056.jpg 1536w, https:\/\/muniabancay.gob.pe\/web\/wp-content\/uploads\/2026\/04\/669586200_1381082627379010_1735401929187641995_n-350x240.jpg 350w, https:\/\/muniabancay.gob.pe\/web\/wp-content\/uploads\/2026\/04\/669586200_1381082627379010_1735401929187641995_n-600x413.jpg 600w, https:\/\/muniabancay.gob.pe\/web\/wp-content\/uploads\/2026\/04\/669586200_1381082627379010_1735401929187641995_n.jpg 2048w\" sizes=\"auto, (max-width: 1024px) 100vw, 1024px\" \/><h3 class=\"caption\"><a href=\"https:\/\/muniabancay.gob.pe\/web\/2026\/04\/09\/municipalidad-ejecuta-nuevo-operativo-para-garantizar-la-proteccion-al-consumidor-y-combatir-el-uso-de-balanzas-adulteradas-en-las-americas\/\">MUNICIPALIDAD EJECUTA NUEVO OPERATIVO PARA GARANTIZAR LA PROTECCI\u00d3N AL CONSUMIDOR Y COMBATIR EL USO DE BALANZAS ADULTERADAS EN LAS AM\u00c9RICAS<\/a><\/h3><\/div>\n\t\t\t\t\n\t\t\t\t<div class=\"in-post-content\">Se decomisaron balanzas adulteradas que pon\u00edan en riesgo los derechos de los consumidores y contraven\u00edan las normativas vigentes. La Municipalidad Provincial de Abancay (MPA), en ...<\/div>\n\t\t\t\t\t\t\t<\/div>\n\n\t\t<\/div>\n\t\t\t\t<div class=\"item list-item post-11836\">\n\n\t\t\t<div class=\"post-content\">\n\n\t\t\t\t<div class=\"image\"><img loading=\"lazy\" decoding=\"async\" width=\"640\" height=\"1024\" src=\"https:\/\/muniabancay.gob.pe\/web\/wp-content\/uploads\/2026\/04\/669472092_1380967517390521_5348964008960021889_n-640x1024.jpg\" class=\"attachment-large size-large wp-post-image\" alt=\"\" srcset=\"https:\/\/muniabancay.gob.pe\/web\/wp-content\/uploads\/2026\/04\/669472092_1380967517390521_5348964008960021889_n-640x1024.jpg 640w, https:\/\/muniabancay.gob.pe\/web\/wp-content\/uploads\/2026\/04\/669472092_1380967517390521_5348964008960021889_n-188x300.jpg 188w, https:\/\/muniabancay.gob.pe\/web\/wp-content\/uploads\/2026\/04\/669472092_1380967517390521_5348964008960021889_n-768x1229.jpg 768w, https:\/\/muniabancay.gob.pe\/web\/wp-content\/uploads\/2026\/04\/669472092_1380967517390521_5348964008960021889_n-960x1536.jpg 960w, https:\/\/muniabancay.gob.pe\/web\/wp-content\/uploads\/2026\/04\/669472092_1380967517390521_5348964008960021889_n-600x960.jpg 600w, https:\/\/muniabancay.gob.pe\/web\/wp-content\/uploads\/2026\/04\/669472092_1380967517390521_5348964008960021889_n.jpg 1280w\" sizes=\"auto, (max-width: 640px) 100vw, 640px\" \/><h3 class=\"caption\"><a href=\"https:\/\/muniabancay.gob.pe\/web\/2026\/04\/09\/avenida-brasil-queda-lista-y-consolida-el-eje-comercial-de-las-americas\/\">AVENIDA BRASIL QUEDA LISTA Y CONSOLIDA EL EJE COMERCIAL DE LAS AM\u00c9RICAS<\/a><\/h3><\/div>\n\t\t\t\t\n\t\t\t\t<div class=\"in-post-content\">Este proyecto pone fin al abandono de una v\u00eda clave para el desarrollo urbano de Las Am\u00e9ricas. La intervenci\u00f3n forma parte del plan de interconexi\u00f3n ...<\/div>\n\t\t\t\t\t\t\t<\/div>\n\n\t\t<\/div>\n\t\t\t\t<div class=\"item list-item post-11832\">\n\n\t\t\t<div class=\"post-content\">\n\n\t\t\t\t<div class=\"image\"><img loading=\"lazy\" decoding=\"async\" width=\"1024\" height=\"736\" src=\"https:\/\/muniabancay.gob.pe\/web\/wp-content\/uploads\/2026\/04\/661651353_1378563164297623_715228526004002596_n-1024x736.jpg\" class=\"attachment-large size-large wp-post-image\" alt=\"\" srcset=\"https:\/\/muniabancay.gob.pe\/web\/wp-content\/uploads\/2026\/04\/661651353_1378563164297623_715228526004002596_n-1024x736.jpg 1024w, https:\/\/muniabancay.gob.pe\/web\/wp-content\/uploads\/2026\/04\/661651353_1378563164297623_715228526004002596_n-300x216.jpg 300w, https:\/\/muniabancay.gob.pe\/web\/wp-content\/uploads\/2026\/04\/661651353_1378563164297623_715228526004002596_n-768x552.jpg 768w, https:\/\/muniabancay.gob.pe\/web\/wp-content\/uploads\/2026\/04\/661651353_1378563164297623_715228526004002596_n-600x431.jpg 600w, https:\/\/muniabancay.gob.pe\/web\/wp-content\/uploads\/2026\/04\/661651353_1378563164297623_715228526004002596_n.jpg 1500w\" sizes=\"auto, (max-width: 1024px) 100vw, 1024px\" \/><h3 class=\"caption\"><a href=\"https:\/\/muniabancay.gob.pe\/web\/2026\/04\/06\/deslizamiento-en-huayllabamba-activa-alerta-y-trabajos-urgentes-en-abancay\/\">DESLIZAMIENTO EN HUAYLLABAMBA ACTIVA ALERTA Y TRABAJOS URGENTES EN ABANCAY<\/a><\/h3><\/div>\n\t\t\t\t\n\t\t\t\t<div class=\"in-post-content\">Municipalidad Provincial interviene ante afectaci\u00f3n de \u00e1reas de cultivo y riesgo en la quebrada \u00d1acchero. Las lluvias intensas de las \u00faltimas semanas terminaron pasando factura ...<\/div>\n\t\t\t\t\t\t\t<\/div>\n\n\t\t<\/div>\n\t\t\t\t<div class=\"item list-item post-11828\">\n\n\t\t\t<div class=\"post-content\">\n\n\t\t\t\t<div class=\"image\"><img loading=\"lazy\" decoding=\"async\" width=\"1024\" height=\"576\" src=\"https:\/\/muniabancay.gob.pe\/web\/wp-content\/uploads\/2026\/04\/662327282_1373540114799928_1615652295588277496_n-1024x576.jpg\" class=\"attachment-large size-large wp-post-image\" alt=\"\" srcset=\"https:\/\/muniabancay.gob.pe\/web\/wp-content\/uploads\/2026\/04\/662327282_1373540114799928_1615652295588277496_n-1024x576.jpg 1024w, https:\/\/muniabancay.gob.pe\/web\/wp-content\/uploads\/2026\/04\/662327282_1373540114799928_1615652295588277496_n-300x169.jpg 300w, https:\/\/muniabancay.gob.pe\/web\/wp-content\/uploads\/2026\/04\/662327282_1373540114799928_1615652295588277496_n-768x432.jpg 768w, https:\/\/muniabancay.gob.pe\/web\/wp-content\/uploads\/2026\/04\/662327282_1373540114799928_1615652295588277496_n-600x338.jpg 600w, https:\/\/muniabancay.gob.pe\/web\/wp-content\/uploads\/2026\/04\/662327282_1373540114799928_1615652295588277496_n.jpg 1440w\" sizes=\"auto, (max-width: 1024px) 100vw, 1024px\" \/><h3 class=\"caption\"><a href=\"https:\/\/muniabancay.gob.pe\/web\/2026\/04\/01\/%f0%9f%9f%a3%e2%9a%aa-abancay-vibro-con-orgullo-y-pasion-%f0%9f%8e%89-17\/\">\u00a1PRE-MUNI ABANCAY CONSOLIDA RESULTADOS! MUNICIPALIDAD RECONOCE A NUEVOS INGRESANTES A UNIVERSIDADES<\/a><\/h3><\/div>\n\t\t\t\t\n\t\t\t\t<div class=\"in-post-content\">J\u00f3venes accedieron a casas de estudio de la regi\u00f3n y del pa\u00eds gracias al programa impulsado por la gesti\u00f3n municipal. ,,,,,,,,,,,,,,,,,,,,,,,,,,,,,,,,,,,,,,,,,,,,,,,,,,,,,,,,,,,,,,,,,,,,,,,,,,,,,,,,,,,,,,,,,,,,,,,,,,,,,,,,,,,,,,,,,,,,,,,,,,,,,,,,,,,, En un acto sencillo ...<\/div>\n\t\t\t\t\t\t\t<\/div>\n\n\t\t<\/div>\n\t\t<\/div><\/div><div class=\"kc-elm kc-css-850669\" style=\"height: 99px; clear: both; width:100%;\"><\/div><\/div><\/div><\/div><\/div><\/section><section class=\"kc-elm kc-css-259206 kc_row\"><div class=\"kc-row-container\"><div class=\"kc-wrap-columns\"><div class=\"kc-elm kc-css-296577 kc_col-sm-12 kc_column kc_col-sm-12\"><div class=\"kc-col-container\"><!--Call To Action Section-->\n<section class=\"call-to-action-section\" style=\"background-image:url(http:\/\/wp3.commonsupport.com\/newwp\/metron\/wp-content\/uploads\/2018\/04\/5.jpg)\">\n    <div class=\"auto-container\">\n        <div class=\"row clearfix\">\n            <div class=\"col-md-9 col-sm-12 col-xs-12\">\n                <h2>Busca aqu\u00ed tr\u00e1mites, servicios e informaci\u00f3n<\/h2>\n            <\/div>\n            <div class=\"link-column col-md-3 col-sm-12 col-xs-12\">\n                <a class=\"apointment\" href=\"https:\/\/www.gob.pe\/muniabancay\">gob.pe <span class=\"icon flaticon-arrow-pointing-to-right\"><\/span><\/a>\n            <\/div>\n        <\/div>\n    <\/div>\n<\/section>\n<!--End Call To Action Section--><\/div><\/div><\/div><\/div><\/section><\/p>\n","protected":false},"excerpt":{"rendered":"","protected":false},"author":1,"featured_media":0,"parent":0,"menu_order":0,"comment_status":"closed","ping_status":"closed","template":"tpl-king_composer.php","meta":{"footnotes":""},"class_list":["post-1205","page","type-page","status-publish","hentry"],"yoast_head":"<!-- This site is optimized with the Yoast SEO plugin v21.8 - https:\/\/yoast.com\/wordpress\/plugins\/seo\/ -->\n<title>Misi\u00f3n y Visi\u00f3n - Municipalidad Provincial de Abancay<\/title>\n<meta name=\"robots\" content=\"index, follow, max-snippet:-1, max-image-preview:large, max-video-preview:-1\" \/>\n<link rel=\"canonical\" href=\"https:\/\/muniabancay.gob.pe\/web\/mision-y-vision\/\" \/>\n<meta property=\"og:locale\" content=\"es_ES\" \/>\n<meta property=\"og:type\" content=\"article\" \/>\n<meta property=\"og:title\" content=\"Misi\u00f3n y Visi\u00f3n - Municipalidad Provincial de Abancay\" \/>\n<meta property=\"og:description\" content=\"MISI\u00d3N Prestar servicios de calidad, de manera oportuna y eficiente con transparencia, inclusi\u00f3n y modernidad, que satisfaga las necesidades del ciudadano, logrando el desarrollo integral y sostenible de la comunidad, a trav\u00e9s de una gesti\u00f3n participativa. VISI\u00d3N L\u00edder, que promueva el desarrollo integral de la Provincia de Abancay, con una gesti\u00f3n eficaz, eficiente, oportuno, transparente\" \/>\n<meta property=\"og:url\" content=\"https:\/\/muniabancay.gob.pe\/web\/mision-y-vision\/\" \/>\n<meta property=\"og:site_name\" content=\"Municipalidad Provincial de Abancay\" \/>\n<meta property=\"article:publisher\" content=\"https:\/\/www.facebook.com\/profile.php?id=61551095133565\" \/>\n<meta property=\"article:modified_time\" content=\"2023-05-08T18:52:07+00:00\" \/>\n<meta property=\"og:image\" content=\"https:\/\/muniabancay.gob.pe\/web\/wp-content\/uploads\/2023\/05\/migrp.jpg\" \/>\n<meta name=\"twitter:card\" content=\"summary_large_image\" \/>\n<meta name=\"twitter:label1\" content=\"Est. reading time\" \/>\n\t<meta name=\"twitter:data1\" content=\"2 minutos\" \/>\n<script type=\"application\/ld+json\" class=\"yoast-schema-graph\">{\"@context\":\"https:\/\/schema.org\",\"@graph\":[{\"@type\":\"WebPage\",\"@id\":\"https:\/\/muniabancay.gob.pe\/web\/mision-y-vision\/\",\"url\":\"https:\/\/muniabancay.gob.pe\/web\/mision-y-vision\/\",\"name\":\"Misi\u00f3n y Visi\u00f3n - Municipalidad Provincial de Abancay\",\"isPartOf\":{\"@id\":\"https:\/\/muniabancay.gob.pe\/web\/#website\"},\"datePublished\":\"2023-04-18T16:45:36+00:00\",\"dateModified\":\"2023-05-08T18:52:07+00:00\",\"breadcrumb\":{\"@id\":\"https:\/\/muniabancay.gob.pe\/web\/mision-y-vision\/#breadcrumb\"},\"inLanguage\":\"es-PE\",\"potentialAction\":[{\"@type\":\"ReadAction\",\"target\":[\"https:\/\/muniabancay.gob.pe\/web\/mision-y-vision\/\"]}]},{\"@type\":\"BreadcrumbList\",\"@id\":\"https:\/\/muniabancay.gob.pe\/web\/mision-y-vision\/#breadcrumb\",\"itemListElement\":[{\"@type\":\"ListItem\",\"position\":1,\"name\":\"Portada\",\"item\":\"https:\/\/muniabancay.gob.pe\/web\/\"},{\"@type\":\"ListItem\",\"position\":2,\"name\":\"Misi\u00f3n y Visi\u00f3n\"}]},{\"@type\":\"WebSite\",\"@id\":\"https:\/\/muniabancay.gob.pe\/web\/#website\",\"url\":\"https:\/\/muniabancay.gob.pe\/web\/\",\"name\":\"Municipalidad Provincial de Abancay\",\"description\":\"MPA\",\"publisher\":{\"@id\":\"https:\/\/muniabancay.gob.pe\/web\/#organization\"},\"alternateName\":\"Municipalidad Provincial de Abancay\",\"potentialAction\":[{\"@type\":\"SearchAction\",\"target\":{\"@type\":\"EntryPoint\",\"urlTemplate\":\"https:\/\/muniabancay.gob.pe\/web\/?s={search_term_string}\"},\"query-input\":\"required name=search_term_string\"}],\"inLanguage\":\"es-PE\"},{\"@type\":\"Organization\",\"@id\":\"https:\/\/muniabancay.gob.pe\/web\/#organization\",\"name\":\"Municipalidad Provincial de Abancay\",\"alternateName\":\"Municipalidad Provincial de Abancay\",\"url\":\"https:\/\/muniabancay.gob.pe\/web\/\",\"logo\":{\"@type\":\"ImageObject\",\"inLanguage\":\"es-PE\",\"@id\":\"https:\/\/muniabancay.gob.pe\/web\/#\/schema\/logo\/image\/\",\"url\":\"https:\/\/muniabancay.gob.pe\/web\/wp-content\/uploads\/2023\/10\/logo_abc23.png\",\"contentUrl\":\"https:\/\/muniabancay.gob.pe\/web\/wp-content\/uploads\/2023\/10\/logo_abc23.png\",\"width\":699,\"height\":700,\"caption\":\"Municipalidad Provincial de Abancay\"},\"image\":{\"@id\":\"https:\/\/muniabancay.gob.pe\/web\/#\/schema\/logo\/image\/\"},\"sameAs\":[\"https:\/\/www.facebook.com\/profile.php?id=61551095133565\",\"https:\/\/www.tiktok.com\/@tiktokmuniabancay?_t=8cBFA7r1OHV&_r=1\"]}]}<\/script>\n<!-- \/ Yoast SEO plugin. -->","yoast_head_json":{"title":"Misi\u00f3n y Visi\u00f3n - Municipalidad Provincial de Abancay","robots":{"index":"index","follow":"follow","max-snippet":"max-snippet:-1","max-image-preview":"max-image-preview:large","max-video-preview":"max-video-preview:-1"},"canonical":"https:\/\/muniabancay.gob.pe\/web\/mision-y-vision\/","og_locale":"es_ES","og_type":"article","og_title":"Misi\u00f3n y Visi\u00f3n - Municipalidad Provincial de Abancay","og_description":"MISI\u00d3N Prestar servicios de calidad, de manera oportuna y eficiente con transparencia, inclusi\u00f3n y modernidad, que satisfaga las necesidades del ciudadano, logrando el desarrollo integral y sostenible de la comunidad, a trav\u00e9s de una gesti\u00f3n participativa. VISI\u00d3N L\u00edder, que promueva el desarrollo integral de la Provincia de Abancay, con una gesti\u00f3n eficaz, eficiente, oportuno, transparente","og_url":"https:\/\/muniabancay.gob.pe\/web\/mision-y-vision\/","og_site_name":"Municipalidad Provincial de Abancay","article_publisher":"https:\/\/www.facebook.com\/profile.php?id=61551095133565","article_modified_time":"2023-05-08T18:52:07+00:00","og_image":[{"url":"https:\/\/muniabancay.gob.pe\/web\/wp-content\/uploads\/2023\/05\/migrp.jpg"}],"twitter_card":"summary_large_image","twitter_misc":{"Est. reading time":"2 minutos"},"schema":{"@context":"https:\/\/schema.org","@graph":[{"@type":"WebPage","@id":"https:\/\/muniabancay.gob.pe\/web\/mision-y-vision\/","url":"https:\/\/muniabancay.gob.pe\/web\/mision-y-vision\/","name":"Misi\u00f3n y Visi\u00f3n - Municipalidad Provincial de Abancay","isPartOf":{"@id":"https:\/\/muniabancay.gob.pe\/web\/#website"},"datePublished":"2023-04-18T16:45:36+00:00","dateModified":"2023-05-08T18:52:07+00:00","breadcrumb":{"@id":"https:\/\/muniabancay.gob.pe\/web\/mision-y-vision\/#breadcrumb"},"inLanguage":"es-PE","potentialAction":[{"@type":"ReadAction","target":["https:\/\/muniabancay.gob.pe\/web\/mision-y-vision\/"]}]},{"@type":"BreadcrumbList","@id":"https:\/\/muniabancay.gob.pe\/web\/mision-y-vision\/#breadcrumb","itemListElement":[{"@type":"ListItem","position":1,"name":"Portada","item":"https:\/\/muniabancay.gob.pe\/web\/"},{"@type":"ListItem","position":2,"name":"Misi\u00f3n y Visi\u00f3n"}]},{"@type":"WebSite","@id":"https:\/\/muniabancay.gob.pe\/web\/#website","url":"https:\/\/muniabancay.gob.pe\/web\/","name":"Municipalidad Provincial de Abancay","description":"MPA","publisher":{"@id":"https:\/\/muniabancay.gob.pe\/web\/#organization"},"alternateName":"Municipalidad Provincial de Abancay","potentialAction":[{"@type":"SearchAction","target":{"@type":"EntryPoint","urlTemplate":"https:\/\/muniabancay.gob.pe\/web\/?s={search_term_string}"},"query-input":"required name=search_term_string"}],"inLanguage":"es-PE"},{"@type":"Organization","@id":"https:\/\/muniabancay.gob.pe\/web\/#organization","name":"Municipalidad Provincial de Abancay","alternateName":"Municipalidad Provincial de Abancay","url":"https:\/\/muniabancay.gob.pe\/web\/","logo":{"@type":"ImageObject","inLanguage":"es-PE","@id":"https:\/\/muniabancay.gob.pe\/web\/#\/schema\/logo\/image\/","url":"https:\/\/muniabancay.gob.pe\/web\/wp-content\/uploads\/2023\/10\/logo_abc23.png","contentUrl":"https:\/\/muniabancay.gob.pe\/web\/wp-content\/uploads\/2023\/10\/logo_abc23.png","width":699,"height":700,"caption":"Municipalidad Provincial de Abancay"},"image":{"@id":"https:\/\/muniabancay.gob.pe\/web\/#\/schema\/logo\/image\/"},"sameAs":["https:\/\/www.facebook.com\/profile.php?id=61551095133565","https:\/\/www.tiktok.com\/@tiktokmuniabancay?_t=8cBFA7r1OHV&_r=1"]}]}},"_links":{"self":[{"href":"https:\/\/muniabancay.gob.pe\/web\/wp-json\/wp\/v2\/pages\/1205","targetHints":{"allow":["GET"]}}],"collection":[{"href":"https:\/\/muniabancay.gob.pe\/web\/wp-json\/wp\/v2\/pages"}],"about":[{"href":"https:\/\/muniabancay.gob.pe\/web\/wp-json\/wp\/v2\/types\/page"}],"author":[{"embeddable":true,"href":"https:\/\/muniabancay.gob.pe\/web\/wp-json\/wp\/v2\/users\/1"}],"replies":[{"embeddable":true,"href":"https:\/\/muniabancay.gob.pe\/web\/wp-json\/wp\/v2\/comments?post=1205"}],"version-history":[{"count":83,"href":"https:\/\/muniabancay.gob.pe\/web\/wp-json\/wp\/v2\/pages\/1205\/revisions"}],"predecessor-version":[{"id":1784,"href":"https:\/\/muniabancay.gob.pe\/web\/wp-json\/wp\/v2\/pages\/1205\/revisions\/1784"}],"wp:attachment":[{"href":"https:\/\/muniabancay.gob.pe\/web\/wp-json\/wp\/v2\/media?parent=1205"}],"curies":[{"name":"wp","href":"https:\/\/api.w.org\/{rel}","templated":true}]}}