{"id":1216,"date":"2023-04-18T12:19:30","date_gmt":"2023-04-18T17:19:30","guid":{"rendered":"https:\/\/muniabancay.gob.pe\/web\/?page_id=1216"},"modified":"2025-07-09T12:58:33","modified_gmt":"2025-07-09T17:58:33","slug":"historia","status":"publish","type":"page","link":"https:\/\/muniabancay.gob.pe\/web\/historia\/","title":{"rendered":"Historia"},"content":{"rendered":"<p><section class=\"kc-elm kc-css-795688 kc_row\"><div class=\"kc-row-container  kc-container\"><div class=\"kc-wrap-columns\"><div class=\"kc-elm kc-css-312566 kc_col-sm-12 kc_column kc_col-sm-12\"><div class=\"kc-col-container\"><div class=\"kc-elm kc-css-772327\" style=\"height: 67px; clear: both; width:100%;\"><\/div>\n<div class=\"kc-elm kc-css-485491 kc-title-wrap \">\n\n\t<h2 class=\"kc_title\">Historia<\/h2>\n<\/div>\n<div class=\"kc-elm kc-css-60675\" style=\"height: 20px; clear: both; width:100%;\"><\/div><\/div><\/div><\/div><\/div><\/section><section class=\"kc-elm kc-css-707451 kc_row\"><div class=\"kc-row-container  kc-container\"><div class=\"kc-wrap-columns\"><div class=\"kc-elm kc-css-595419 kc_col-sm-6 kc_column kc_col-sm-6\"><div class=\"kc-col-container\"><div class=\"kc-elm kc-css-109550 kc-animated kc-animate-eff-fadeIn kc_shortcode kc_single_image\">\n\n        <img decoding=\"async\" src=\"https:\/\/muniabancay.gob.pe\/web\/wp-content\/uploads\/2023\/04\/fotoabc.jpg\" class=\"\" alt=\"\" \/>    <\/div>\n<\/div><\/div><div class=\"kc-elm kc-css-122567 kc_col-sm-6 kc_column kc_col-sm-6\"><div class=\"kc-col-container\"><div class=\"kc-elm kc-css-584078 kc_text_block\"><\/p>\n<p>Abancay ya era un centro poblado antes de la llegada de los incas. Fue la frontera cultural incaica pues m\u00e1s all\u00e1 del Valle del Pachachaca empezaba la zona de influencia Chanka. Los espa\u00f1oles nombraron este sitio como Amancay, Villa de Santiago de los Reyes luego de trasliterar la palabra quechua Amankay, que es una flor nativa de la zona. Es posterior que se pierde el nombre original de la ciudad llam\u00e1ndosele Villa de Abancay a pricipios de la \u00e9poca Republicana y posteriormente es elevada a la categor\u00eda de ciudad durante la Rep\u00fablica.<br \/>\nLa decisiva Batalla de Abancay entre conquistadores almagristas y pizarristas tuvo lugar en el valle que se encuentra cerca a la ciudad.<br \/>\nDurante la colonia fue importante lugar de tr\u00e1nsito de mercanc\u00edas entre las ciudades costeras y la sierra sureste. Micaela Bastidas, miembro de una familia de arrieros de la zona, en 1781, junto a su marido T\u00fapac Amaru II, se sublev\u00f3 contra el imperio espa\u00f1ol, en lo que se constituy\u00f3 en uno de los primeros gritos de emancipaci\u00f3n del continente americano.<\/p>\n<p>\n<\/div><\/div><\/div><\/div><\/div><\/section><section class=\"kc-elm kc-css-82006 kc_row\"><div class=\"kc-row-container  kc-container\"><div class=\"kc-wrap-columns\"><div class=\"kc-elm kc-css-370142 kc_col-sm-12 kc_column kc_col-sm-12\"><div class=\"kc-col-container\"><div class=\"kc-elm kc-css-946998\" style=\"height: 10px; clear: both; width:100%;\"><\/div><div class=\"kc-elm kc-css-74288 kc_text_block\"><\/p>\n<p>Fue parte del departamento del Cusco hasta la creaci\u00f3n del\u00a0<a href=\"http:\/\/es.wikipedia.org\/wiki\/Departamento_de_Apur%C3%ADmac\">Departamento de Apur\u00edmac<\/a>\u00a0el 28 de abril de 1873. Hacia 1940 se construy\u00f3 la carretera entre Nazca y Cusco, que pasa por Abancay, as\u00ed como la V\u00eda de los Libertadores entre Ayacucho y Cusco, convirtiendo a la ciudad en un nudo carretero que ha impulsado su econom\u00eda. En los \u00faltimos a\u00f1os con el asfaltado del corredor interoc\u00e9anico se ha visto incrementado el movimiento econ\u00f3mico de la ciudad y de los distritos y provincias aleda\u00f1os.<\/p>\n<p>La presencia de familias extranjeras que en cantidades importantes afluyeron a la ciudad de Abancay a partir de 1930, le ha proporcionado caracter\u00edsticas muy peculiares a esta ciudad. La influencia se evidencia por ejemplo en su comida (tallarines hecho a mano). Tambi\u00e9n en la presencia de numerosos centros de atenci\u00f3n con caracter\u00edsticas sociales: orfelinato, asilo de ancianos, centros de atenci\u00f3n m\u00e9dica, centros de apoyo a la juventud, centros de formaci\u00f3n educativa b\u00e1sica y superior, internados, etc.<br \/>\nEn la actualidad Abancay es una poblaci\u00f3n heterog\u00e9nea conformada por personas provenientes de diferentes partes del departamento, del pa\u00eds y del mundo. Esto ha contribuido a ser una ciudad con caracter\u00edsticas de modernidad pese a estar enclavada en una zona muy agreste de la geograf\u00eda peruana. En los \u00faltimos a\u00f1os se nota una fuerte inversi\u00f3n privada en viviendas modernas que est\u00e1n construidas a base de concreto armado. Llama la atenci\u00f3n la presencia de un n\u00famero creciente de condominios con edificaciones de hasta cinco pisos que alberga numerosos departamentos de hasta tres dormitorios. En el \u00e1rea de servicios es notoria una fuerte inversi\u00f3n privada en centros de esparcimiento y de comida. La inversi\u00f3n p\u00fablica no se ha quedado atr\u00e1s y se muestra en la construcci\u00f3n de modernos complejos educativos y calles que en grandes sectores de la ciudad han sido asfaltadas.<\/p>\n<p>\n<\/div><div class=\"kc-elm kc-css-844955\" style=\"height: 20px; clear: both; width:100%;\"><\/div>\n<div class=\"kc-elm kc-css-279191 kc-title-wrap \">\n\n\t<h2 class=\"kc_title\">Fundaci\u00f3n de Abancay<\/h2>\n<\/div>\n<div class=\"kc-elm kc-css-862824\" style=\"height: 20px; clear: both; width:100%;\"><\/div><div class=\"kc-elm kc-css-918145 kc_text_block\"><\/p>\n<p>La ciudad fue fundada el 18 de enero de 1572 por los espa\u00f1oles bajo el nombre de \u201cVilla de Santiago de los Reyes\u201d. Durante la colonia la Villa fue fundamental para el transporte de mercanc\u00edas entre las ciudades costeras y la sierra sureste, adem\u00e1s cuentan los historiadores que Micaela Bastidas era miembro de una familia de la zona y junto a su marido T\u00fapac Amaru II se rebel\u00f3 contra la corona espa\u00f1ola en 1781 en uno de los primeros gritos de independencia del continente americano.<\/p>\n<p>El 28 de abril de 1873, el valle de la eterna primavera dej\u00f3 de ser parte del departamento de Cusco para integrarse al reci\u00e9n creado departamento de Apur\u00edmac. Entre otros datos importantes, se debe mencionar que en 1940 se construy\u00f3 la carretera que atraviesa la ciudad que comunica los habitantes de Nazca y Cusco, que hasta ahora ha impulsado la econom\u00eda de Abancay.<\/p>\n<p>Actualmente, a\u00fan es posible apreciar las construcciones que fueron testigos de la historia de la ciudad como la Catedral de la Virgen del Rosario construida en 1645, la Plaza de Tamburco y la Calle Miscabamba en donde se encuentran muchas de las casas construidas en la \u00e9poca colonial.<\/p>\n<p>\n<\/div><div class=\"kc-elm kc-css-12942\" style=\"height: 71px; clear: both; width:100%;\"><\/div><\/div><\/div><\/div><\/div><\/section><section class=\"kc-elm kc-css-695554 kc_row\"><div class=\"kc-row-container  kc-container\"><div class=\"kc-wrap-columns\"><div class=\"kc-elm kc-css-20654 kc_col-sm-12 kc_column kc_col-sm-12\"><div class=\"kc-col-container\"><div class=\"kc-elm kc-css-939051\" style=\"height: 71px; clear: both; width:100%;\"><\/div><div class=\"kc-carousel-post kc-elm kc-css-696170\"><h3 class=\"list-post-title\"> \u00daltimas Noticias<\/h3><div class=\"kc-owl-post-carousel owl-carousel list-post category  owl-nav-round\" data-owl-options='{\"items\":\"3\",\"mobile\":\"1\",\"tablet\":\"2\",\"speed\":500,\"navigation\":\"yes\",\"pagination\":\"yes\",\"autoheight\":\"\",\"autoplay\":\"yes\"}'>\t\t<div class=\"item list-item post-161\">\n\n\t\t\t<div class=\"post-content\">\n\n\t\t\t\t<div class=\"image\"><img loading=\"lazy\" decoding=\"async\" width=\"770\" height=\"400\" src=\"https:\/\/muniabancay.gob.pe\/web\/wp-content\/uploads\/2018\/04\/n1_noti_v2.jpg\" class=\"attachment-large size-large wp-post-image\" alt=\"\" srcset=\"https:\/\/muniabancay.gob.pe\/web\/wp-content\/uploads\/2018\/04\/n1_noti_v2.jpg 770w, https:\/\/muniabancay.gob.pe\/web\/wp-content\/uploads\/2018\/04\/n1_noti_v2-600x312.jpg 600w, https:\/\/muniabancay.gob.pe\/web\/wp-content\/uploads\/2018\/04\/n1_noti_v2-300x156.jpg 300w, https:\/\/muniabancay.gob.pe\/web\/wp-content\/uploads\/2018\/04\/n1_noti_v2-768x399.jpg 768w\" sizes=\"auto, (max-width: 770px) 100vw, 770px\" \/><h3 class=\"caption\"><a href=\"https:\/\/muniabancay.gob.pe\/web\/2018\/04\/24\/alcalde-de-abancay-raul-pena-un-lider-comprometido-y-consciente-de-las-necesidades-de-la-poblacion\/\">Alcalde de Abancay Ra\u00fal Pe\u00f1a: Un l\u00edder comprometido<\/a><\/h3><\/div>\n\t\t\t\t\n\t\t\t\t<div class=\"in-post-content\">Durante las movilizaciones de hoy, por las principales arterias de la ciudad, un grupo de ciudadanos comprometidos y que, de manera pac\u00edfica, expresaron sus demandas ...<\/div>\n\t\t\t\t\t\t\t<\/div>\n\n\t\t<\/div>\n\t\t\t\t<div class=\"item list-item post-163\">\n\n\t\t\t<div class=\"post-content\">\n\n\t\t\t\t<div class=\"image\"><img loading=\"lazy\" decoding=\"async\" width=\"770\" height=\"400\" src=\"https:\/\/muniabancay.gob.pe\/web\/wp-content\/uploads\/2018\/04\/logom2.jpg\" class=\"attachment-large size-large wp-post-image\" alt=\"\" srcset=\"https:\/\/muniabancay.gob.pe\/web\/wp-content\/uploads\/2018\/04\/logom2.jpg 770w, https:\/\/muniabancay.gob.pe\/web\/wp-content\/uploads\/2018\/04\/logom2-300x156.jpg 300w, https:\/\/muniabancay.gob.pe\/web\/wp-content\/uploads\/2018\/04\/logom2-768x399.jpg 768w, https:\/\/muniabancay.gob.pe\/web\/wp-content\/uploads\/2018\/04\/logom2-600x312.jpg 600w\" sizes=\"auto, (max-width: 770px) 100vw, 770px\" \/><h3 class=\"caption\"><a href=\"https:\/\/muniabancay.gob.pe\/web\/2018\/04\/24\/por-un-camal-mas-seguro-y-eficiente\/\">\u00a1Por un CAMAL m\u00e1s seguro y eficiente!<\/a><\/h3><\/div>\n\t\t\t\t\n\t\t\t\t<div class=\"in-post-content\">SENASA y Municipalidad Provincial Abancay proponen mejoras en su infraestructura. El Camal de Abancay ha presentado un petitorio en coordinaci\u00f3n con el Servicio Nacional de ...<\/div>\n\t\t\t\t\t\t\t<\/div>\n\n\t\t<\/div>\n\t\t\t\t<div class=\"item list-item post-165\">\n\n\t\t\t<div class=\"post-content\">\n\n\t\t\t\t<div class=\"image\"><img loading=\"lazy\" decoding=\"async\" width=\"770\" height=\"400\" src=\"https:\/\/muniabancay.gob.pe\/web\/wp-content\/uploads\/2018\/04\/logom3.jpg\" class=\"attachment-large size-large wp-post-image\" alt=\"\" srcset=\"https:\/\/muniabancay.gob.pe\/web\/wp-content\/uploads\/2018\/04\/logom3.jpg 770w, https:\/\/muniabancay.gob.pe\/web\/wp-content\/uploads\/2018\/04\/logom3-300x156.jpg 300w, https:\/\/muniabancay.gob.pe\/web\/wp-content\/uploads\/2018\/04\/logom3-768x399.jpg 768w, https:\/\/muniabancay.gob.pe\/web\/wp-content\/uploads\/2018\/04\/logom3-600x312.jpg 600w\" sizes=\"auto, (max-width: 770px) 100vw, 770px\" \/><h3 class=\"caption\"><a href=\"https:\/\/muniabancay.gob.pe\/web\/2018\/04\/24\/a-fiscalizacion-es-un-tema-de-prioridad-para-el-concejo-municipal\/\">La Fiscalizaci\u00f3n es un Tema de Prioridad Para El Concejo Municipal<\/a><\/h3><\/div>\n\t\t\t\t\n\t\t\t\t<div class=\"in-post-content\">El Concejo Municipal recibi\u00f3 charla informativa, por parte de la Fiscal\u00eda Provincial Corporativa Especializada en Delitos de Corrupci\u00f3n. El objetivo de dicha jornada fue sensibilizar ...<\/div>\n\t\t\t\t\t\t\t<\/div>\n\n\t\t<\/div>\n\t\t\t\t<div class=\"item list-item post-167\">\n\n\t\t\t<div class=\"post-content\">\n\n\t\t\t\t<div class=\"image\"><img loading=\"lazy\" decoding=\"async\" width=\"770\" height=\"400\" src=\"https:\/\/muniabancay.gob.pe\/web\/wp-content\/uploads\/2018\/04\/logom4n4.jpg\" class=\"attachment-large size-large wp-post-image\" alt=\"\" srcset=\"https:\/\/muniabancay.gob.pe\/web\/wp-content\/uploads\/2018\/04\/logom4n4.jpg 770w, https:\/\/muniabancay.gob.pe\/web\/wp-content\/uploads\/2018\/04\/logom4n4-300x156.jpg 300w, https:\/\/muniabancay.gob.pe\/web\/wp-content\/uploads\/2018\/04\/logom4n4-768x399.jpg 768w, https:\/\/muniabancay.gob.pe\/web\/wp-content\/uploads\/2018\/04\/logom4n4-600x312.jpg 600w\" sizes=\"auto, (max-width: 770px) 100vw, 770px\" \/><h3 class=\"caption\"><a href=\"https:\/\/muniabancay.gob.pe\/web\/2018\/04\/24\/fiscalizacion-a-terminales-de-transporte-publico\/\">Fiscalizaci\u00f3n a Terminales de Transporte P\u00fablico<\/a><\/h3><\/div>\n\t\t\t\t\n\t\t\t\t<div class=\"in-post-content\">La Municipalidad Provincial de Abancay mediante la Gerencia de Transporte P\u00fablico, Sub Gerencia de Comercializaci\u00f3n y Desarrollo Empresarial y la Sub Gerencia de Fiscalizaci\u00f3n Tributaria, ...<\/div>\n\t\t\t\t\t\t\t<\/div>\n\n\t\t<\/div>\n\t\t\t\t<div class=\"item list-item post-169\">\n\n\t\t\t<div class=\"post-content\">\n\n\t\t\t\t<div class=\"image\"><img loading=\"lazy\" decoding=\"async\" width=\"770\" height=\"400\" src=\"https:\/\/muniabancay.gob.pe\/web\/wp-content\/uploads\/2018\/04\/logom4n4barr.jpg\" class=\"attachment-large size-large wp-post-image\" alt=\"\" srcset=\"https:\/\/muniabancay.gob.pe\/web\/wp-content\/uploads\/2018\/04\/logom4n4barr.jpg 770w, https:\/\/muniabancay.gob.pe\/web\/wp-content\/uploads\/2018\/04\/logom4n4barr-300x156.jpg 300w, https:\/\/muniabancay.gob.pe\/web\/wp-content\/uploads\/2018\/04\/logom4n4barr-768x399.jpg 768w, https:\/\/muniabancay.gob.pe\/web\/wp-content\/uploads\/2018\/04\/logom4n4barr-600x312.jpg 600w\" sizes=\"auto, (max-width: 770px) 100vw, 770px\" \/><h3 class=\"caption\"><a href=\"https:\/\/muniabancay.gob.pe\/web\/2018\/04\/24\/alcalde-raul-pena-realiza-visitas-inopinadas-a-obras\/\">Alcalde Ra\u00fal Pe\u00f1a, Realiza Visitas Inopinadas A Obras<\/a><\/h3><\/div>\n\t\t\t\t\n\t\t\t\t<div class=\"in-post-content\">Hoy desde tempranas horas el Alcalde Provincial Ra\u00fal Pe\u00f1a, realiz\u00f3 visitas inopinadas a las obras: \u201cMejoramiento de los Servicios de Transitabilidad Vehicular y Peatonal del ...<\/div>\n\t\t\t\t\t\t\t<\/div>\n\n\t\t<\/div>\n\t\t<\/div><\/div><\/div><\/div><\/div><\/div><\/section><section class=\"kc-elm kc-css-526797 kc_row\"><div class=\"kc-row-container\"><div class=\"kc-wrap-columns\"><div class=\"kc-elm kc-css-671196 kc_col-sm-12 kc_column kc_col-sm-12\"><div class=\"kc-col-container\"><!--Call To Action Section-->\n<section class=\"call-to-action-section\" style=\"background-image:url(http:\/\/wp3.commonsupport.com\/newwp\/metron\/wp-content\/uploads\/2018\/04\/5.jpg)\">\n    <div class=\"auto-container\">\n        <div class=\"row clearfix\">\n            <div class=\"col-md-9 col-sm-12 col-xs-12\">\n                <h2>Busca aqu\u00ed tr\u00e1mites, servicios e informaci\u00f3n<\/h2>\n            <\/div>\n            <div class=\"link-column col-md-3 col-sm-12 col-xs-12\">\n                <a class=\"apointment\" href=\"https:\/\/www.gob.pe\/muniabancay\">GOB.PE <span class=\"icon flaticon-arrow-pointing-to-right\"><\/span><\/a>\n            <\/div>\n        <\/div>\n    <\/div>\n<\/section>\n<!--End Call To Action Section--><\/div><\/div><\/div><\/div><\/section><\/p>\n","protected":false},"excerpt":{"rendered":"","protected":false},"author":1,"featured_media":0,"parent":0,"menu_order":0,"comment_status":"closed","ping_status":"closed","template":"tpl-king_composer.php","meta":{"footnotes":""},"class_list":["post-1216","page","type-page","status-publish","hentry"],"yoast_head":"<!-- This site is optimized with the Yoast SEO plugin v21.8 - https:\/\/yoast.com\/wordpress\/plugins\/seo\/ -->\n<title>Historia - Municipalidad Provincial de Abancay<\/title>\n<meta name=\"robots\" content=\"index, follow, max-snippet:-1, max-image-preview:large, max-video-preview:-1\" \/>\n<link rel=\"canonical\" href=\"https:\/\/muniabancay.gob.pe\/web\/historia\/\" \/>\n<meta property=\"og:locale\" content=\"es_ES\" \/>\n<meta property=\"og:type\" content=\"article\" \/>\n<meta property=\"og:title\" content=\"Historia - Municipalidad Provincial de Abancay\" \/>\n<meta property=\"og:description\" content=\"Historia Abancay ya era un centro poblado antes de la llegada de los incas. Fue la frontera cultural incaica pues m\u00e1s all\u00e1 del Valle del Pachachaca empezaba la zona de influencia Chanka. Los espa\u00f1oles nombraron este sitio como Amancay, Villa de Santiago de los Reyes luego de trasliterar la palabra quechua Amankay, que es una\" \/>\n<meta property=\"og:url\" content=\"https:\/\/muniabancay.gob.pe\/web\/historia\/\" \/>\n<meta property=\"og:site_name\" content=\"Municipalidad Provincial de Abancay\" \/>\n<meta property=\"article:publisher\" content=\"https:\/\/www.facebook.com\/profile.php?id=61551095133565\" \/>\n<meta property=\"article:modified_time\" content=\"2025-07-09T17:58:33+00:00\" \/>\n<meta property=\"og:image\" content=\"https:\/\/muniabancay.gob.pe\/web\/wp-content\/uploads\/2023\/04\/fotoabc.jpg\" \/>\n<meta name=\"twitter:card\" content=\"summary_large_image\" \/>\n<meta name=\"twitter:label1\" content=\"Est. reading time\" \/>\n\t<meta name=\"twitter:data1\" content=\"4 minutos\" \/>\n<script type=\"application\/ld+json\" class=\"yoast-schema-graph\">{\"@context\":\"https:\/\/schema.org\",\"@graph\":[{\"@type\":\"WebPage\",\"@id\":\"https:\/\/muniabancay.gob.pe\/web\/historia\/\",\"url\":\"https:\/\/muniabancay.gob.pe\/web\/historia\/\",\"name\":\"Historia - Municipalidad Provincial de Abancay\",\"isPartOf\":{\"@id\":\"https:\/\/muniabancay.gob.pe\/web\/#website\"},\"datePublished\":\"2023-04-18T17:19:30+00:00\",\"dateModified\":\"2025-07-09T17:58:33+00:00\",\"breadcrumb\":{\"@id\":\"https:\/\/muniabancay.gob.pe\/web\/historia\/#breadcrumb\"},\"inLanguage\":\"es-PE\",\"potentialAction\":[{\"@type\":\"ReadAction\",\"target\":[\"https:\/\/muniabancay.gob.pe\/web\/historia\/\"]}]},{\"@type\":\"BreadcrumbList\",\"@id\":\"https:\/\/muniabancay.gob.pe\/web\/historia\/#breadcrumb\",\"itemListElement\":[{\"@type\":\"ListItem\",\"position\":1,\"name\":\"Portada\",\"item\":\"https:\/\/muniabancay.gob.pe\/web\/\"},{\"@type\":\"ListItem\",\"position\":2,\"name\":\"Historia\"}]},{\"@type\":\"WebSite\",\"@id\":\"https:\/\/muniabancay.gob.pe\/web\/#website\",\"url\":\"https:\/\/muniabancay.gob.pe\/web\/\",\"name\":\"Municipalidad Provincial de Abancay\",\"description\":\"MPA\",\"publisher\":{\"@id\":\"https:\/\/muniabancay.gob.pe\/web\/#organization\"},\"alternateName\":\"Municipalidad Provincial de Abancay\",\"potentialAction\":[{\"@type\":\"SearchAction\",\"target\":{\"@type\":\"EntryPoint\",\"urlTemplate\":\"https:\/\/muniabancay.gob.pe\/web\/?s={search_term_string}\"},\"query-input\":\"required name=search_term_string\"}],\"inLanguage\":\"es-PE\"},{\"@type\":\"Organization\",\"@id\":\"https:\/\/muniabancay.gob.pe\/web\/#organization\",\"name\":\"Municipalidad Provincial de Abancay\",\"alternateName\":\"Municipalidad Provincial de Abancay\",\"url\":\"https:\/\/muniabancay.gob.pe\/web\/\",\"logo\":{\"@type\":\"ImageObject\",\"inLanguage\":\"es-PE\",\"@id\":\"https:\/\/muniabancay.gob.pe\/web\/#\/schema\/logo\/image\/\",\"url\":\"https:\/\/muniabancay.gob.pe\/web\/wp-content\/uploads\/2023\/10\/logo_abc23.png\",\"contentUrl\":\"https:\/\/muniabancay.gob.pe\/web\/wp-content\/uploads\/2023\/10\/logo_abc23.png\",\"width\":699,\"height\":700,\"caption\":\"Municipalidad Provincial de Abancay\"},\"image\":{\"@id\":\"https:\/\/muniabancay.gob.pe\/web\/#\/schema\/logo\/image\/\"},\"sameAs\":[\"https:\/\/www.facebook.com\/profile.php?id=61551095133565\",\"https:\/\/www.tiktok.com\/@tiktokmuniabancay?_t=8cBFA7r1OHV&_r=1\"]}]}<\/script>\n<!-- \/ Yoast SEO plugin. -->","yoast_head_json":{"title":"Historia - Municipalidad Provincial de Abancay","robots":{"index":"index","follow":"follow","max-snippet":"max-snippet:-1","max-image-preview":"max-image-preview:large","max-video-preview":"max-video-preview:-1"},"canonical":"https:\/\/muniabancay.gob.pe\/web\/historia\/","og_locale":"es_ES","og_type":"article","og_title":"Historia - Municipalidad Provincial de Abancay","og_description":"Historia Abancay ya era un centro poblado antes de la llegada de los incas. Fue la frontera cultural incaica pues m\u00e1s all\u00e1 del Valle del Pachachaca empezaba la zona de influencia Chanka. Los espa\u00f1oles nombraron este sitio como Amancay, Villa de Santiago de los Reyes luego de trasliterar la palabra quechua Amankay, que es una","og_url":"https:\/\/muniabancay.gob.pe\/web\/historia\/","og_site_name":"Municipalidad Provincial de Abancay","article_publisher":"https:\/\/www.facebook.com\/profile.php?id=61551095133565","article_modified_time":"2025-07-09T17:58:33+00:00","og_image":[{"url":"https:\/\/muniabancay.gob.pe\/web\/wp-content\/uploads\/2023\/04\/fotoabc.jpg"}],"twitter_card":"summary_large_image","twitter_misc":{"Est. reading time":"4 minutos"},"schema":{"@context":"https:\/\/schema.org","@graph":[{"@type":"WebPage","@id":"https:\/\/muniabancay.gob.pe\/web\/historia\/","url":"https:\/\/muniabancay.gob.pe\/web\/historia\/","name":"Historia - Municipalidad Provincial de Abancay","isPartOf":{"@id":"https:\/\/muniabancay.gob.pe\/web\/#website"},"datePublished":"2023-04-18T17:19:30+00:00","dateModified":"2025-07-09T17:58:33+00:00","breadcrumb":{"@id":"https:\/\/muniabancay.gob.pe\/web\/historia\/#breadcrumb"},"inLanguage":"es-PE","potentialAction":[{"@type":"ReadAction","target":["https:\/\/muniabancay.gob.pe\/web\/historia\/"]}]},{"@type":"BreadcrumbList","@id":"https:\/\/muniabancay.gob.pe\/web\/historia\/#breadcrumb","itemListElement":[{"@type":"ListItem","position":1,"name":"Portada","item":"https:\/\/muniabancay.gob.pe\/web\/"},{"@type":"ListItem","position":2,"name":"Historia"}]},{"@type":"WebSite","@id":"https:\/\/muniabancay.gob.pe\/web\/#website","url":"https:\/\/muniabancay.gob.pe\/web\/","name":"Municipalidad Provincial de Abancay","description":"MPA","publisher":{"@id":"https:\/\/muniabancay.gob.pe\/web\/#organization"},"alternateName":"Municipalidad Provincial de Abancay","potentialAction":[{"@type":"SearchAction","target":{"@type":"EntryPoint","urlTemplate":"https:\/\/muniabancay.gob.pe\/web\/?s={search_term_string}"},"query-input":"required name=search_term_string"}],"inLanguage":"es-PE"},{"@type":"Organization","@id":"https:\/\/muniabancay.gob.pe\/web\/#organization","name":"Municipalidad Provincial de Abancay","alternateName":"Municipalidad Provincial de Abancay","url":"https:\/\/muniabancay.gob.pe\/web\/","logo":{"@type":"ImageObject","inLanguage":"es-PE","@id":"https:\/\/muniabancay.gob.pe\/web\/#\/schema\/logo\/image\/","url":"https:\/\/muniabancay.gob.pe\/web\/wp-content\/uploads\/2023\/10\/logo_abc23.png","contentUrl":"https:\/\/muniabancay.gob.pe\/web\/wp-content\/uploads\/2023\/10\/logo_abc23.png","width":699,"height":700,"caption":"Municipalidad Provincial de Abancay"},"image":{"@id":"https:\/\/muniabancay.gob.pe\/web\/#\/schema\/logo\/image\/"},"sameAs":["https:\/\/www.facebook.com\/profile.php?id=61551095133565","https:\/\/www.tiktok.com\/@tiktokmuniabancay?_t=8cBFA7r1OHV&_r=1"]}]}},"_links":{"self":[{"href":"https:\/\/muniabancay.gob.pe\/web\/wp-json\/wp\/v2\/pages\/1216","targetHints":{"allow":["GET"]}}],"collection":[{"href":"https:\/\/muniabancay.gob.pe\/web\/wp-json\/wp\/v2\/pages"}],"about":[{"href":"https:\/\/muniabancay.gob.pe\/web\/wp-json\/wp\/v2\/types\/page"}],"author":[{"embeddable":true,"href":"https:\/\/muniabancay.gob.pe\/web\/wp-json\/wp\/v2\/users\/1"}],"replies":[{"embeddable":true,"href":"https:\/\/muniabancay.gob.pe\/web\/wp-json\/wp\/v2\/comments?post=1216"}],"version-history":[{"count":25,"href":"https:\/\/muniabancay.gob.pe\/web\/wp-json\/wp\/v2\/pages\/1216\/revisions"}],"predecessor-version":[{"id":9725,"href":"https:\/\/muniabancay.gob.pe\/web\/wp-json\/wp\/v2\/pages\/1216\/revisions\/9725"}],"wp:attachment":[{"href":"https:\/\/muniabancay.gob.pe\/web\/wp-json\/wp\/v2\/media?parent=1216"}],"curies":[{"name":"wp","href":"https:\/\/api.w.org\/{rel}","templated":true}]}}