{"id":1364,"date":"2023-04-19T12:28:48","date_gmt":"2023-04-19T17:28:48","guid":{"rendered":"https:\/\/muniabancay.gob.pe\/web\/?page_id=1364"},"modified":"2023-05-30T07:54:30","modified_gmt":"2023-05-30T12:54:30","slug":"alcalde","status":"publish","type":"page","link":"https:\/\/muniabancay.gob.pe\/web\/alcalde\/","title":{"rendered":"Alcalde"},"content":{"rendered":"<p><section class=\"kc-elm kc-css-704141 kc_row\"><div class=\"kc-row-container  kc-container\"><div class=\"kc-wrap-columns\"><div class=\"kc-elm kc-css-667055 kc_col-sm-12 kc_column kc_col-sm-12\"><div class=\"kc-col-container\"><div class=\"kc-elm kc-css-343601\" style=\"height: 75px; clear: both; width:100%;\"><\/div>\n<div class=\"kc-elm kc-css-217415 kc-title-wrap \">\n\n\t<h2 class=\"kc_title\">Alcalde<\/h2>\n<\/div>\n<div class=\"kc-elm kc-css-454793\" style=\"height: 10px; clear: both; width:100%;\"><\/div><\/div><\/div><\/div><\/div><\/section><section class=\"kc-elm kc-css-154244 kc_row\"><div class=\"kc-row-container  kc-container\"><div class=\"kc-wrap-columns\"><div class=\"kc-elm kc-css-603573 kc_col-sm-6 kc_column kc_col-sm-6\"><div class=\"kc-col-container\"><div class=\"kc-elm kc-css-861798 kc_shortcode kc_single_image\">\n\n        <img decoding=\"async\" src=\"https:\/\/muniabancay.gob.pe\/web\/wp-content\/uploads\/2023\/04\/alcandeabc.jpg\" class=\"\" alt=\"\" \/>    <\/div>\n<\/div><\/div><div class=\"kc-elm kc-css-549315 kc_col-sm-6 kc_column kc_col-sm-6\"><div class=\"kc-col-container\"><div class=\"kc-elm kc-css-733060 kc_text_block\"><\/p>\n<p>Es un verdadero placer poder escribir estas palabras dirigi\u00e9ndome a todos ustedes desde el despacho de la alcald\u00eda. Quiero agradecerle el voto de confianza puesto al nuevo equipo de trabajo. Con humildad, honestidad, coherencia y transparencia, ir\u00e9 desarrollando todas esas acciones para que nuestra linda ciudad de Abancay ocupe el lugar que merece. De primera mano les digo que el camino no ser\u00e1 f\u00e1cil, soy muy consciente de las dificultades y adversidades que nos afectan a todos; pero,  con trabajo y una gesti\u00f3n eficaz de nuestros recursos, los resultados se ir\u00e1n viendo.<br \/>Iremos demostrando nuestro trabajo y compromiso hacia ustedes durante los pr\u00f3ximos cuatro a\u00f1os y que fruto de ello, construiremos una ciudad  mejor. Este equipo, no est\u00e1 formado por colores; sino, por un equipo de abanquinos y abanquinas, cuyo \u00fanico objetivo es nuestra ciudad de Abancay.<br \/>Por ello, nuestras puertas siempre estar\u00e1n abiertas a todos y cada uno de ustedes estimados ciudadanos, para atender todas sus necesidades. Desde este peque\u00f1o espacio digital, queremos ir comunicando todo lo que acontece en nuestra localidad, brindando la  informaci\u00f3n y  las herramientas digitales que les puedan resultar de utilidad en su d\u00eda a d\u00eda. No quiero finalizar estas l\u00edneas sin mandar un c\u00e1lido abrazo a todos los abanquinos y abanquinas, que se encuentran fuera de nuestro pueblo y tambi\u00e9n a todos aquellos que, sin ser de aqu\u00ed, hacen de nuestra tierra la suya.<br \/>Muchas gracias a todos y cada uno de ustedes.<br \/>Un abrazo de su alcalde.<\/p>\n<p>\n<\/div><div class=\"kc-elm kc-css-852071 kc_text_block\"><\/p>\n<p><strong>Alcalde de la Municipalidad Provincial de Abancay.<\/strong><\/p>\n<p><strong>Gesti\u00f3n 2023 &#8211; 2026.<\/strong><\/p>\n<p>\n<\/div><div class=\"kc-elm kc-css-959381 kc-animated kc-animate-eff-bounceIn kc_shortcode kc_single_image\">\n\n        <img decoding=\"async\" src=\"https:\/\/muniabancay.gob.pe\/web\/wp-content\/uploads\/2023\/04\/logo_gestion2023-300x300.png\" class=\"\" alt=\"\" \/>    <\/div>\n<\/div><\/div><\/div><\/div><\/section><section class=\"kc-elm kc-css-19734 kc_row\"><div class=\"kc-row-container  kc-container\"><div class=\"kc-wrap-columns\"><div class=\"kc-elm kc-css-283060 kc_col-sm-12 kc_column kc_col-sm-12\"><div class=\"kc-col-container\"><div class=\"kc-elm kc-css-631584\" style=\"height: 101px; clear: both; width:100%;\"><\/div><div class=\"kc-carousel-post kc-elm kc-css-828297\"><h3 class=\"list-post-title\"> \u00daltimas Noticias<\/h3><div class=\"kc-owl-post-carousel owl-carousel list-post category \" data-owl-options='{\"items\":\"3\",\"mobile\":\"1\",\"tablet\":\"2\",\"speed\":500,\"navigation\":\"\",\"pagination\":\"yes\",\"autoheight\":\"\",\"autoplay\":\"yes\"}'>\t\t<div class=\"item list-item post-161\">\n\n\t\t\t<div class=\"post-content\">\n\n\t\t\t\t<div class=\"image\"><img loading=\"lazy\" decoding=\"async\" width=\"770\" height=\"400\" src=\"https:\/\/muniabancay.gob.pe\/web\/wp-content\/uploads\/2018\/04\/n1_noti_v2.jpg\" class=\"attachment-large size-large wp-post-image\" alt=\"\" srcset=\"https:\/\/muniabancay.gob.pe\/web\/wp-content\/uploads\/2018\/04\/n1_noti_v2.jpg 770w, https:\/\/muniabancay.gob.pe\/web\/wp-content\/uploads\/2018\/04\/n1_noti_v2-600x312.jpg 600w, https:\/\/muniabancay.gob.pe\/web\/wp-content\/uploads\/2018\/04\/n1_noti_v2-300x156.jpg 300w, https:\/\/muniabancay.gob.pe\/web\/wp-content\/uploads\/2018\/04\/n1_noti_v2-768x399.jpg 768w\" sizes=\"auto, (max-width: 770px) 100vw, 770px\" \/><h3 class=\"caption\"><a href=\"https:\/\/muniabancay.gob.pe\/web\/2018\/04\/24\/alcalde-de-abancay-raul-pena-un-lider-comprometido-y-consciente-de-las-necesidades-de-la-poblacion\/\">Alcalde de Abancay Ra\u00fal Pe\u00f1a: Un l\u00edder comprometido<\/a><\/h3><\/div>\n\t\t\t\t\n\t\t\t\t<div class=\"in-post-content\">Durante las movilizaciones de hoy, por las principales arterias de la ciudad, un grupo de ciudadanos comprometidos y que, de manera pac\u00edfica, expresaron sus demandas ...<\/div>\n\t\t\t\t\t\t\t<\/div>\n\n\t\t<\/div>\n\t\t\t\t<div class=\"item list-item post-163\">\n\n\t\t\t<div class=\"post-content\">\n\n\t\t\t\t<div class=\"image\"><img loading=\"lazy\" decoding=\"async\" width=\"770\" height=\"400\" src=\"https:\/\/muniabancay.gob.pe\/web\/wp-content\/uploads\/2018\/04\/logom2.jpg\" class=\"attachment-large size-large wp-post-image\" alt=\"\" srcset=\"https:\/\/muniabancay.gob.pe\/web\/wp-content\/uploads\/2018\/04\/logom2.jpg 770w, https:\/\/muniabancay.gob.pe\/web\/wp-content\/uploads\/2018\/04\/logom2-300x156.jpg 300w, https:\/\/muniabancay.gob.pe\/web\/wp-content\/uploads\/2018\/04\/logom2-768x399.jpg 768w, https:\/\/muniabancay.gob.pe\/web\/wp-content\/uploads\/2018\/04\/logom2-600x312.jpg 600w\" sizes=\"auto, (max-width: 770px) 100vw, 770px\" \/><h3 class=\"caption\"><a href=\"https:\/\/muniabancay.gob.pe\/web\/2018\/04\/24\/por-un-camal-mas-seguro-y-eficiente\/\">\u00a1Por un CAMAL m\u00e1s seguro y eficiente!<\/a><\/h3><\/div>\n\t\t\t\t\n\t\t\t\t<div class=\"in-post-content\">SENASA y Municipalidad Provincial Abancay proponen mejoras en su infraestructura. El Camal de Abancay ha presentado un petitorio en coordinaci\u00f3n con el Servicio Nacional de ...<\/div>\n\t\t\t\t\t\t\t<\/div>\n\n\t\t<\/div>\n\t\t\t\t<div class=\"item list-item post-165\">\n\n\t\t\t<div class=\"post-content\">\n\n\t\t\t\t<div class=\"image\"><img loading=\"lazy\" decoding=\"async\" width=\"770\" height=\"400\" src=\"https:\/\/muniabancay.gob.pe\/web\/wp-content\/uploads\/2018\/04\/logom3.jpg\" class=\"attachment-large size-large wp-post-image\" alt=\"\" srcset=\"https:\/\/muniabancay.gob.pe\/web\/wp-content\/uploads\/2018\/04\/logom3.jpg 770w, https:\/\/muniabancay.gob.pe\/web\/wp-content\/uploads\/2018\/04\/logom3-300x156.jpg 300w, https:\/\/muniabancay.gob.pe\/web\/wp-content\/uploads\/2018\/04\/logom3-768x399.jpg 768w, https:\/\/muniabancay.gob.pe\/web\/wp-content\/uploads\/2018\/04\/logom3-600x312.jpg 600w\" sizes=\"auto, (max-width: 770px) 100vw, 770px\" \/><h3 class=\"caption\"><a href=\"https:\/\/muniabancay.gob.pe\/web\/2018\/04\/24\/a-fiscalizacion-es-un-tema-de-prioridad-para-el-concejo-municipal\/\">La Fiscalizaci\u00f3n es un Tema de Prioridad Para El Concejo Municipal<\/a><\/h3><\/div>\n\t\t\t\t\n\t\t\t\t<div class=\"in-post-content\">El Concejo Municipal recibi\u00f3 charla informativa, por parte de la Fiscal\u00eda Provincial Corporativa Especializada en Delitos de Corrupci\u00f3n. El objetivo de dicha jornada fue sensibilizar ...<\/div>\n\t\t\t\t\t\t\t<\/div>\n\n\t\t<\/div>\n\t\t\t\t<div class=\"item list-item post-167\">\n\n\t\t\t<div class=\"post-content\">\n\n\t\t\t\t<div class=\"image\"><img loading=\"lazy\" decoding=\"async\" width=\"770\" height=\"400\" src=\"https:\/\/muniabancay.gob.pe\/web\/wp-content\/uploads\/2018\/04\/logom4n4.jpg\" class=\"attachment-large size-large wp-post-image\" alt=\"\" srcset=\"https:\/\/muniabancay.gob.pe\/web\/wp-content\/uploads\/2018\/04\/logom4n4.jpg 770w, https:\/\/muniabancay.gob.pe\/web\/wp-content\/uploads\/2018\/04\/logom4n4-300x156.jpg 300w, https:\/\/muniabancay.gob.pe\/web\/wp-content\/uploads\/2018\/04\/logom4n4-768x399.jpg 768w, https:\/\/muniabancay.gob.pe\/web\/wp-content\/uploads\/2018\/04\/logom4n4-600x312.jpg 600w\" sizes=\"auto, (max-width: 770px) 100vw, 770px\" \/><h3 class=\"caption\"><a href=\"https:\/\/muniabancay.gob.pe\/web\/2018\/04\/24\/fiscalizacion-a-terminales-de-transporte-publico\/\">Fiscalizaci\u00f3n a Terminales de Transporte P\u00fablico<\/a><\/h3><\/div>\n\t\t\t\t\n\t\t\t\t<div class=\"in-post-content\">La Municipalidad Provincial de Abancay mediante la Gerencia de Transporte P\u00fablico, Sub Gerencia de Comercializaci\u00f3n y Desarrollo Empresarial y la Sub Gerencia de Fiscalizaci\u00f3n Tributaria, ...<\/div>\n\t\t\t\t\t\t\t<\/div>\n\n\t\t<\/div>\n\t\t\t\t<div class=\"item list-item post-169\">\n\n\t\t\t<div class=\"post-content\">\n\n\t\t\t\t<div class=\"image\"><img loading=\"lazy\" decoding=\"async\" width=\"770\" height=\"400\" src=\"https:\/\/muniabancay.gob.pe\/web\/wp-content\/uploads\/2018\/04\/logom4n4barr.jpg\" class=\"attachment-large size-large wp-post-image\" alt=\"\" srcset=\"https:\/\/muniabancay.gob.pe\/web\/wp-content\/uploads\/2018\/04\/logom4n4barr.jpg 770w, https:\/\/muniabancay.gob.pe\/web\/wp-content\/uploads\/2018\/04\/logom4n4barr-300x156.jpg 300w, https:\/\/muniabancay.gob.pe\/web\/wp-content\/uploads\/2018\/04\/logom4n4barr-768x399.jpg 768w, https:\/\/muniabancay.gob.pe\/web\/wp-content\/uploads\/2018\/04\/logom4n4barr-600x312.jpg 600w\" sizes=\"auto, (max-width: 770px) 100vw, 770px\" \/><h3 class=\"caption\"><a href=\"https:\/\/muniabancay.gob.pe\/web\/2018\/04\/24\/alcalde-raul-pena-realiza-visitas-inopinadas-a-obras\/\">Alcalde Ra\u00fal Pe\u00f1a, Realiza Visitas Inopinadas A Obras<\/a><\/h3><\/div>\n\t\t\t\t\n\t\t\t\t<div class=\"in-post-content\">Hoy desde tempranas horas el Alcalde Provincial Ra\u00fal Pe\u00f1a, realiz\u00f3 visitas inopinadas a las obras: \u201cMejoramiento de los Servicios de Transitabilidad Vehicular y Peatonal del ...<\/div>\n\t\t\t\t\t\t\t<\/div>\n\n\t\t<\/div>\n\t\t<\/div><\/div><\/div><\/div><\/div><\/div><\/section><section class=\"kc-elm kc-css-793360 kc_row\"><div class=\"kc-row-container\"><div class=\"kc-wrap-columns\"><div class=\"kc-elm kc-css-178908 kc_col-sm-12 kc_column kc_col-sm-12\"><div class=\"kc-col-container\"><!--Call To Action Section-->\n<section class=\"call-to-action-section\" style=\"background-image:url(https:\/\/muniabancay.gob.pe\/web\/wp-content\/themes\/metron\/images\/background\/5.jpg)\">\n    <div class=\"auto-container\">\n        <div class=\"row clearfix\">\n            <div class=\"col-md-9 col-sm-12 col-xs-12\">\n                <h2>Busca aqu\u00ed tr\u00e1mites, servicios e informaci\u00f3n<\/h2>\n            <\/div>\n            <div class=\"link-column col-md-3 col-sm-12 col-xs-12\">\n                <a class=\"apointment\" href=\"https:\/\/www.gob.pe\/muniabancay\">GOB.PE <span class=\"icon flaticon-arrow-pointing-to-right\"><\/span><\/a>\n            <\/div>\n        <\/div>\n    <\/div>\n<\/section>\n<!--End Call To Action Section--><\/div><\/div><\/div><\/div><\/section><\/p>\n","protected":false},"excerpt":{"rendered":"","protected":false},"author":1,"featured_media":0,"parent":0,"menu_order":0,"comment_status":"closed","ping_status":"closed","template":"tpl-king_composer.php","meta":{"footnotes":""},"class_list":["post-1364","page","type-page","status-publish","hentry"],"yoast_head":"<!-- This site is optimized with the Yoast SEO plugin v21.8 - https:\/\/yoast.com\/wordpress\/plugins\/seo\/ -->\n<title>Alcalde - Municipalidad Provincial de Abancay<\/title>\n<meta name=\"robots\" content=\"index, follow, max-snippet:-1, max-image-preview:large, max-video-preview:-1\" \/>\n<link rel=\"canonical\" href=\"https:\/\/muniabancay.gob.pe\/web\/alcalde\/\" \/>\n<meta property=\"og:locale\" content=\"es_ES\" \/>\n<meta property=\"og:type\" content=\"article\" \/>\n<meta property=\"og:title\" content=\"Alcalde - Municipalidad Provincial de Abancay\" \/>\n<meta property=\"og:description\" content=\"Alcalde Es un verdadero placer poder escribir estas palabras dirigi\u00e9ndome a todos ustedes desde el despacho de la alcald\u00eda. Quiero agradecerle el voto de confianza puesto al nuevo equipo de trabajo. Con humildad, honestidad, coherencia y transparencia, ir\u00e9 desarrollando todas esas acciones para que nuestra linda ciudad de Abancay ocupe el lugar que merece. De\" \/>\n<meta property=\"og:url\" content=\"https:\/\/muniabancay.gob.pe\/web\/alcalde\/\" \/>\n<meta property=\"og:site_name\" content=\"Municipalidad Provincial de Abancay\" \/>\n<meta property=\"article:publisher\" content=\"https:\/\/www.facebook.com\/profile.php?id=61551095133565\" \/>\n<meta property=\"article:modified_time\" content=\"2023-05-30T12:54:30+00:00\" \/>\n<meta property=\"og:image\" content=\"https:\/\/muniabancay.gob.pe\/web\/wp-content\/uploads\/2023\/04\/alcandeabc.jpg\" \/>\n<meta name=\"twitter:card\" content=\"summary_large_image\" \/>\n<meta name=\"twitter:label1\" content=\"Est. reading time\" \/>\n\t<meta name=\"twitter:data1\" content=\"2 minutos\" \/>\n<script type=\"application\/ld+json\" class=\"yoast-schema-graph\">{\"@context\":\"https:\/\/schema.org\",\"@graph\":[{\"@type\":\"WebPage\",\"@id\":\"https:\/\/muniabancay.gob.pe\/web\/alcalde\/\",\"url\":\"https:\/\/muniabancay.gob.pe\/web\/alcalde\/\",\"name\":\"Alcalde - Municipalidad Provincial de Abancay\",\"isPartOf\":{\"@id\":\"https:\/\/muniabancay.gob.pe\/web\/#website\"},\"datePublished\":\"2023-04-19T17:28:48+00:00\",\"dateModified\":\"2023-05-30T12:54:30+00:00\",\"breadcrumb\":{\"@id\":\"https:\/\/muniabancay.gob.pe\/web\/alcalde\/#breadcrumb\"},\"inLanguage\":\"es-PE\",\"potentialAction\":[{\"@type\":\"ReadAction\",\"target\":[\"https:\/\/muniabancay.gob.pe\/web\/alcalde\/\"]}]},{\"@type\":\"BreadcrumbList\",\"@id\":\"https:\/\/muniabancay.gob.pe\/web\/alcalde\/#breadcrumb\",\"itemListElement\":[{\"@type\":\"ListItem\",\"position\":1,\"name\":\"Portada\",\"item\":\"https:\/\/muniabancay.gob.pe\/web\/\"},{\"@type\":\"ListItem\",\"position\":2,\"name\":\"Alcalde\"}]},{\"@type\":\"WebSite\",\"@id\":\"https:\/\/muniabancay.gob.pe\/web\/#website\",\"url\":\"https:\/\/muniabancay.gob.pe\/web\/\",\"name\":\"Municipalidad Provincial de Abancay\",\"description\":\"MPA\",\"publisher\":{\"@id\":\"https:\/\/muniabancay.gob.pe\/web\/#organization\"},\"alternateName\":\"Municipalidad Provincial de Abancay\",\"potentialAction\":[{\"@type\":\"SearchAction\",\"target\":{\"@type\":\"EntryPoint\",\"urlTemplate\":\"https:\/\/muniabancay.gob.pe\/web\/?s={search_term_string}\"},\"query-input\":\"required name=search_term_string\"}],\"inLanguage\":\"es-PE\"},{\"@type\":\"Organization\",\"@id\":\"https:\/\/muniabancay.gob.pe\/web\/#organization\",\"name\":\"Municipalidad Provincial de Abancay\",\"alternateName\":\"Municipalidad Provincial de Abancay\",\"url\":\"https:\/\/muniabancay.gob.pe\/web\/\",\"logo\":{\"@type\":\"ImageObject\",\"inLanguage\":\"es-PE\",\"@id\":\"https:\/\/muniabancay.gob.pe\/web\/#\/schema\/logo\/image\/\",\"url\":\"https:\/\/muniabancay.gob.pe\/web\/wp-content\/uploads\/2023\/10\/logo_abc23.png\",\"contentUrl\":\"https:\/\/muniabancay.gob.pe\/web\/wp-content\/uploads\/2023\/10\/logo_abc23.png\",\"width\":699,\"height\":700,\"caption\":\"Municipalidad Provincial de Abancay\"},\"image\":{\"@id\":\"https:\/\/muniabancay.gob.pe\/web\/#\/schema\/logo\/image\/\"},\"sameAs\":[\"https:\/\/www.facebook.com\/profile.php?id=61551095133565\",\"https:\/\/www.tiktok.com\/@tiktokmuniabancay?_t=8cBFA7r1OHV&_r=1\"]}]}<\/script>\n<!-- \/ Yoast SEO plugin. -->","yoast_head_json":{"title":"Alcalde - Municipalidad Provincial de Abancay","robots":{"index":"index","follow":"follow","max-snippet":"max-snippet:-1","max-image-preview":"max-image-preview:large","max-video-preview":"max-video-preview:-1"},"canonical":"https:\/\/muniabancay.gob.pe\/web\/alcalde\/","og_locale":"es_ES","og_type":"article","og_title":"Alcalde - Municipalidad Provincial de Abancay","og_description":"Alcalde Es un verdadero placer poder escribir estas palabras dirigi\u00e9ndome a todos ustedes desde el despacho de la alcald\u00eda. Quiero agradecerle el voto de confianza puesto al nuevo equipo de trabajo. Con humildad, honestidad, coherencia y transparencia, ir\u00e9 desarrollando todas esas acciones para que nuestra linda ciudad de Abancay ocupe el lugar que merece. De","og_url":"https:\/\/muniabancay.gob.pe\/web\/alcalde\/","og_site_name":"Municipalidad Provincial de Abancay","article_publisher":"https:\/\/www.facebook.com\/profile.php?id=61551095133565","article_modified_time":"2023-05-30T12:54:30+00:00","og_image":[{"url":"https:\/\/muniabancay.gob.pe\/web\/wp-content\/uploads\/2023\/04\/alcandeabc.jpg"}],"twitter_card":"summary_large_image","twitter_misc":{"Est. reading time":"2 minutos"},"schema":{"@context":"https:\/\/schema.org","@graph":[{"@type":"WebPage","@id":"https:\/\/muniabancay.gob.pe\/web\/alcalde\/","url":"https:\/\/muniabancay.gob.pe\/web\/alcalde\/","name":"Alcalde - Municipalidad Provincial de Abancay","isPartOf":{"@id":"https:\/\/muniabancay.gob.pe\/web\/#website"},"datePublished":"2023-04-19T17:28:48+00:00","dateModified":"2023-05-30T12:54:30+00:00","breadcrumb":{"@id":"https:\/\/muniabancay.gob.pe\/web\/alcalde\/#breadcrumb"},"inLanguage":"es-PE","potentialAction":[{"@type":"ReadAction","target":["https:\/\/muniabancay.gob.pe\/web\/alcalde\/"]}]},{"@type":"BreadcrumbList","@id":"https:\/\/muniabancay.gob.pe\/web\/alcalde\/#breadcrumb","itemListElement":[{"@type":"ListItem","position":1,"name":"Portada","item":"https:\/\/muniabancay.gob.pe\/web\/"},{"@type":"ListItem","position":2,"name":"Alcalde"}]},{"@type":"WebSite","@id":"https:\/\/muniabancay.gob.pe\/web\/#website","url":"https:\/\/muniabancay.gob.pe\/web\/","name":"Municipalidad Provincial de Abancay","description":"MPA","publisher":{"@id":"https:\/\/muniabancay.gob.pe\/web\/#organization"},"alternateName":"Municipalidad Provincial de Abancay","potentialAction":[{"@type":"SearchAction","target":{"@type":"EntryPoint","urlTemplate":"https:\/\/muniabancay.gob.pe\/web\/?s={search_term_string}"},"query-input":"required name=search_term_string"}],"inLanguage":"es-PE"},{"@type":"Organization","@id":"https:\/\/muniabancay.gob.pe\/web\/#organization","name":"Municipalidad Provincial de Abancay","alternateName":"Municipalidad Provincial de Abancay","url":"https:\/\/muniabancay.gob.pe\/web\/","logo":{"@type":"ImageObject","inLanguage":"es-PE","@id":"https:\/\/muniabancay.gob.pe\/web\/#\/schema\/logo\/image\/","url":"https:\/\/muniabancay.gob.pe\/web\/wp-content\/uploads\/2023\/10\/logo_abc23.png","contentUrl":"https:\/\/muniabancay.gob.pe\/web\/wp-content\/uploads\/2023\/10\/logo_abc23.png","width":699,"height":700,"caption":"Municipalidad Provincial de Abancay"},"image":{"@id":"https:\/\/muniabancay.gob.pe\/web\/#\/schema\/logo\/image\/"},"sameAs":["https:\/\/www.facebook.com\/profile.php?id=61551095133565","https:\/\/www.tiktok.com\/@tiktokmuniabancay?_t=8cBFA7r1OHV&_r=1"]}]}},"_links":{"self":[{"href":"https:\/\/muniabancay.gob.pe\/web\/wp-json\/wp\/v2\/pages\/1364","targetHints":{"allow":["GET"]}}],"collection":[{"href":"https:\/\/muniabancay.gob.pe\/web\/wp-json\/wp\/v2\/pages"}],"about":[{"href":"https:\/\/muniabancay.gob.pe\/web\/wp-json\/wp\/v2\/types\/page"}],"author":[{"embeddable":true,"href":"https:\/\/muniabancay.gob.pe\/web\/wp-json\/wp\/v2\/users\/1"}],"replies":[{"embeddable":true,"href":"https:\/\/muniabancay.gob.pe\/web\/wp-json\/wp\/v2\/comments?post=1364"}],"version-history":[{"count":23,"href":"https:\/\/muniabancay.gob.pe\/web\/wp-json\/wp\/v2\/pages\/1364\/revisions"}],"predecessor-version":[{"id":2065,"href":"https:\/\/muniabancay.gob.pe\/web\/wp-json\/wp\/v2\/pages\/1364\/revisions\/2065"}],"wp:attachment":[{"href":"https:\/\/muniabancay.gob.pe\/web\/wp-json\/wp\/v2\/media?parent=1364"}],"curies":[{"name":"wp","href":"https:\/\/api.w.org\/{rel}","templated":true}]}}