{"id":1449,"date":"2023-04-20T08:55:57","date_gmt":"2023-04-20T13:55:57","guid":{"rendered":"https:\/\/muniabancay.gob.pe\/web\/?page_id=1449"},"modified":"2023-04-20T09:08:35","modified_gmt":"2023-04-20T14:08:35","slug":"funcionarios","status":"publish","type":"page","link":"https:\/\/muniabancay.gob.pe\/web\/funcionarios\/","title":{"rendered":"Funcionarios"},"content":{"rendered":"<p><section class=\"kc-elm kc-css-974076 kc_row\"><div class=\"kc-row-container  kc-container\"><div class=\"kc-wrap-columns\"><div class=\"kc-elm kc-css-121897 kc_col-sm-12 kc_column kc_col-sm-12\"><div class=\"kc-col-container\"><div class=\"kc-elm kc-css-686218\" style=\"height: 47px; clear: both; width:100%;\"><\/div><div class=\"kc-elm kc-css-701309\" style=\"height: 194px; clear: both; width:100%;\"><\/div><div class=\"kc-carousel-post kc-elm kc-css-80687\"><h3 class=\"list-post-title\">\u00daltimas Noticias<\/h3><div class=\"kc-owl-post-carousel owl-carousel list-post category \" data-owl-options='{\"items\":\"3\",\"mobile\":\"1\",\"tablet\":\"2\",\"speed\":500,\"navigation\":\"\",\"pagination\":\"yes\",\"autoheight\":\"\",\"autoplay\":\"yes\"}'>\t\t<div class=\"item list-item post-161\">\n\n\t\t\t<div class=\"post-content\">\n\n\t\t\t\t<div class=\"image\"><img loading=\"lazy\" decoding=\"async\" width=\"770\" height=\"400\" src=\"https:\/\/muniabancay.gob.pe\/web\/wp-content\/uploads\/2018\/04\/n1_noti_v2.jpg\" class=\"attachment-large size-large wp-post-image\" alt=\"\" srcset=\"https:\/\/muniabancay.gob.pe\/web\/wp-content\/uploads\/2018\/04\/n1_noti_v2.jpg 770w, https:\/\/muniabancay.gob.pe\/web\/wp-content\/uploads\/2018\/04\/n1_noti_v2-600x312.jpg 600w, https:\/\/muniabancay.gob.pe\/web\/wp-content\/uploads\/2018\/04\/n1_noti_v2-300x156.jpg 300w, https:\/\/muniabancay.gob.pe\/web\/wp-content\/uploads\/2018\/04\/n1_noti_v2-768x399.jpg 768w\" sizes=\"auto, (max-width: 770px) 100vw, 770px\" \/><h3 class=\"caption\"><a href=\"https:\/\/muniabancay.gob.pe\/web\/2018\/04\/24\/alcalde-de-abancay-raul-pena-un-lider-comprometido-y-consciente-de-las-necesidades-de-la-poblacion\/\">Alcalde de Abancay Ra\u00fal Pe\u00f1a: Un l\u00edder comprometido<\/a><\/h3><\/div>\n\t\t\t\t\n\t\t\t\t<div class=\"in-post-content\">Durante las movilizaciones de hoy, por las principales arterias de la ciudad, un grupo de ciudadanos comprometidos y que, de manera pac\u00edfica, expresaron sus demandas ...<\/div>\n\t\t\t\t\t\t\t<\/div>\n\n\t\t<\/div>\n\t\t\t\t<div class=\"item list-item post-163\">\n\n\t\t\t<div class=\"post-content\">\n\n\t\t\t\t<div class=\"image\"><img loading=\"lazy\" decoding=\"async\" width=\"770\" height=\"400\" src=\"https:\/\/muniabancay.gob.pe\/web\/wp-content\/uploads\/2018\/04\/logom2.jpg\" class=\"attachment-large size-large wp-post-image\" alt=\"\" srcset=\"https:\/\/muniabancay.gob.pe\/web\/wp-content\/uploads\/2018\/04\/logom2.jpg 770w, https:\/\/muniabancay.gob.pe\/web\/wp-content\/uploads\/2018\/04\/logom2-300x156.jpg 300w, https:\/\/muniabancay.gob.pe\/web\/wp-content\/uploads\/2018\/04\/logom2-768x399.jpg 768w, https:\/\/muniabancay.gob.pe\/web\/wp-content\/uploads\/2018\/04\/logom2-600x312.jpg 600w\" sizes=\"auto, (max-width: 770px) 100vw, 770px\" \/><h3 class=\"caption\"><a href=\"https:\/\/muniabancay.gob.pe\/web\/2018\/04\/24\/por-un-camal-mas-seguro-y-eficiente\/\">\u00a1Por un CAMAL m\u00e1s seguro y eficiente!<\/a><\/h3><\/div>\n\t\t\t\t\n\t\t\t\t<div class=\"in-post-content\">SENASA y Municipalidad Provincial Abancay proponen mejoras en su infraestructura. El Camal de Abancay ha presentado un petitorio en coordinaci\u00f3n con el Servicio Nacional de ...<\/div>\n\t\t\t\t\t\t\t<\/div>\n\n\t\t<\/div>\n\t\t\t\t<div class=\"item list-item post-165\">\n\n\t\t\t<div class=\"post-content\">\n\n\t\t\t\t<div class=\"image\"><img loading=\"lazy\" decoding=\"async\" width=\"770\" height=\"400\" src=\"https:\/\/muniabancay.gob.pe\/web\/wp-content\/uploads\/2018\/04\/logom3.jpg\" class=\"attachment-large size-large wp-post-image\" alt=\"\" srcset=\"https:\/\/muniabancay.gob.pe\/web\/wp-content\/uploads\/2018\/04\/logom3.jpg 770w, https:\/\/muniabancay.gob.pe\/web\/wp-content\/uploads\/2018\/04\/logom3-300x156.jpg 300w, https:\/\/muniabancay.gob.pe\/web\/wp-content\/uploads\/2018\/04\/logom3-768x399.jpg 768w, https:\/\/muniabancay.gob.pe\/web\/wp-content\/uploads\/2018\/04\/logom3-600x312.jpg 600w\" sizes=\"auto, (max-width: 770px) 100vw, 770px\" \/><h3 class=\"caption\"><a href=\"https:\/\/muniabancay.gob.pe\/web\/2018\/04\/24\/a-fiscalizacion-es-un-tema-de-prioridad-para-el-concejo-municipal\/\">La Fiscalizaci\u00f3n es un Tema de Prioridad Para El Concejo Municipal<\/a><\/h3><\/div>\n\t\t\t\t\n\t\t\t\t<div class=\"in-post-content\">El Concejo Municipal recibi\u00f3 charla informativa, por parte de la Fiscal\u00eda Provincial Corporativa Especializada en Delitos de Corrupci\u00f3n. El objetivo de dicha jornada fue sensibilizar ...<\/div>\n\t\t\t\t\t\t\t<\/div>\n\n\t\t<\/div>\n\t\t\t\t<div class=\"item list-item post-167\">\n\n\t\t\t<div class=\"post-content\">\n\n\t\t\t\t<div class=\"image\"><img loading=\"lazy\" decoding=\"async\" width=\"770\" height=\"400\" src=\"https:\/\/muniabancay.gob.pe\/web\/wp-content\/uploads\/2018\/04\/logom4n4.jpg\" class=\"attachment-large size-large wp-post-image\" alt=\"\" srcset=\"https:\/\/muniabancay.gob.pe\/web\/wp-content\/uploads\/2018\/04\/logom4n4.jpg 770w, https:\/\/muniabancay.gob.pe\/web\/wp-content\/uploads\/2018\/04\/logom4n4-300x156.jpg 300w, https:\/\/muniabancay.gob.pe\/web\/wp-content\/uploads\/2018\/04\/logom4n4-768x399.jpg 768w, https:\/\/muniabancay.gob.pe\/web\/wp-content\/uploads\/2018\/04\/logom4n4-600x312.jpg 600w\" sizes=\"auto, (max-width: 770px) 100vw, 770px\" \/><h3 class=\"caption\"><a href=\"https:\/\/muniabancay.gob.pe\/web\/2018\/04\/24\/fiscalizacion-a-terminales-de-transporte-publico\/\">Fiscalizaci\u00f3n a Terminales de Transporte P\u00fablico<\/a><\/h3><\/div>\n\t\t\t\t\n\t\t\t\t<div class=\"in-post-content\">La Municipalidad Provincial de Abancay mediante la Gerencia de Transporte P\u00fablico, Sub Gerencia de Comercializaci\u00f3n y Desarrollo Empresarial y la Sub Gerencia de Fiscalizaci\u00f3n Tributaria, ...<\/div>\n\t\t\t\t\t\t\t<\/div>\n\n\t\t<\/div>\n\t\t\t\t<div class=\"item list-item post-169\">\n\n\t\t\t<div class=\"post-content\">\n\n\t\t\t\t<div class=\"image\"><img loading=\"lazy\" decoding=\"async\" width=\"770\" height=\"400\" src=\"https:\/\/muniabancay.gob.pe\/web\/wp-content\/uploads\/2018\/04\/logom4n4barr.jpg\" class=\"attachment-large size-large wp-post-image\" alt=\"\" srcset=\"https:\/\/muniabancay.gob.pe\/web\/wp-content\/uploads\/2018\/04\/logom4n4barr.jpg 770w, https:\/\/muniabancay.gob.pe\/web\/wp-content\/uploads\/2018\/04\/logom4n4barr-300x156.jpg 300w, https:\/\/muniabancay.gob.pe\/web\/wp-content\/uploads\/2018\/04\/logom4n4barr-768x399.jpg 768w, https:\/\/muniabancay.gob.pe\/web\/wp-content\/uploads\/2018\/04\/logom4n4barr-600x312.jpg 600w\" sizes=\"auto, (max-width: 770px) 100vw, 770px\" \/><h3 class=\"caption\"><a href=\"https:\/\/muniabancay.gob.pe\/web\/2018\/04\/24\/alcalde-raul-pena-realiza-visitas-inopinadas-a-obras\/\">Alcalde Ra\u00fal Pe\u00f1a, Realiza Visitas Inopinadas A Obras<\/a><\/h3><\/div>\n\t\t\t\t\n\t\t\t\t<div class=\"in-post-content\">Hoy desde tempranas horas el Alcalde Provincial Ra\u00fal Pe\u00f1a, realiz\u00f3 visitas inopinadas a las obras: \u201cMejoramiento de los Servicios de Transitabilidad Vehicular y Peatonal del ...<\/div>\n\t\t\t\t\t\t\t<\/div>\n\n\t\t<\/div>\n\t\t<\/div><\/div><div class=\"kc-elm kc-css-390798\" style=\"height: 36px; clear: both; width:100%;\"><\/div><\/div><\/div><\/div><\/div><\/section><section class=\"kc-elm kc-css-692034 kc_row\"><div class=\"kc-row-container\"><div class=\"kc-wrap-columns\"><div class=\"kc-elm kc-css-517208 kc_col-sm-12 kc_column kc_col-sm-12\"><div class=\"kc-col-container\"><!--Call To Action Section-->\n<section class=\"call-to-action-section\" style=\"background-image:url(https:\/\/muniabancay.gob.pe\/web\/wp-content\/themes\/metron\/images\/background\/5.jpg)\">\n    <div class=\"auto-container\">\n        <div class=\"row clearfix\">\n            <div class=\"col-md-9 col-sm-12 col-xs-12\">\n                <h2>Busca aqu\u00ed tr\u00e1mites, servicios e informaci\u00f3n<\/h2>\n            <\/div>\n            <div class=\"link-column col-md-3 col-sm-12 col-xs-12\">\n                <a class=\"apointment\" href=\"https:\/\/www.gob.pe\/muniabancay\">GOB.PE  <span class=\"icon flaticon-arrow-pointing-to-right\"><\/span><\/a>\n            <\/div>\n        <\/div>\n    <\/div>\n<\/section>\n<!--End Call To Action Section--><\/div><\/div><\/div><\/div><\/section><\/p>\n","protected":false},"excerpt":{"rendered":"","protected":false},"author":1,"featured_media":0,"parent":0,"menu_order":0,"comment_status":"closed","ping_status":"closed","template":"tpl-king_composer.php","meta":{"footnotes":""},"class_list":["post-1449","page","type-page","status-publish","hentry"],"yoast_head":"<!-- This site is optimized with the Yoast SEO plugin v21.8 - https:\/\/yoast.com\/wordpress\/plugins\/seo\/ -->\n<title>Funcionarios - Municipalidad Provincial de Abancay<\/title>\n<meta name=\"robots\" content=\"index, follow, max-snippet:-1, max-image-preview:large, max-video-preview:-1\" \/>\n<link rel=\"canonical\" href=\"https:\/\/muniabancay.gob.pe\/web\/funcionarios\/\" \/>\n<meta property=\"og:locale\" content=\"es_ES\" \/>\n<meta property=\"og:type\" content=\"article\" \/>\n<meta property=\"og:title\" content=\"Funcionarios - Municipalidad Provincial de Abancay\" \/>\n<meta property=\"og:description\" content=\"Funcionarios Erick Alarc\u00f3n Camacho Gerente Municipal &hellip; Jhon Alexis Vargas Arbieto Secretaria General &hellip; Guillermo Casta\u00f1eda Layseca Gerente de Planificaci\u00f3n, Presupuesto y Racionalizaci\u00f3n &hellip; Gu\u00edsela Ortiz Reynoso Procuradora Municipal &hellip; Raul Oswaldo Maldonado Ramos Gerencia de Transportes, Regulaci\u00f3n y Circulaci\u00f3n Vial &hellip; Armando Rodas Alata Gerente de Desarrollo Econ\u00f3mico &hellip; Joel Quispe Cervantes Gerente de\" \/>\n<meta property=\"og:url\" content=\"https:\/\/muniabancay.gob.pe\/web\/funcionarios\/\" \/>\n<meta property=\"og:site_name\" content=\"Municipalidad Provincial de Abancay\" \/>\n<meta property=\"article:publisher\" content=\"https:\/\/www.facebook.com\/profile.php?id=61551095133565\" \/>\n<meta property=\"article:modified_time\" content=\"2023-04-20T14:08:35+00:00\" \/>\n<meta property=\"og:image\" content=\"https:\/\/muniabancay.gob.pe\/web\/wp-content\/uploads\/2023\/04\/ERICK-ALARCON.jpg\" \/>\n<meta name=\"twitter:card\" content=\"summary_large_image\" \/>\n<meta name=\"twitter:label1\" content=\"Est. reading time\" \/>\n\t<meta name=\"twitter:data1\" content=\"1 minuto\" \/>\n<script type=\"application\/ld+json\" class=\"yoast-schema-graph\">{\"@context\":\"https:\/\/schema.org\",\"@graph\":[{\"@type\":\"WebPage\",\"@id\":\"https:\/\/muniabancay.gob.pe\/web\/funcionarios\/\",\"url\":\"https:\/\/muniabancay.gob.pe\/web\/funcionarios\/\",\"name\":\"Funcionarios - Municipalidad Provincial de Abancay\",\"isPartOf\":{\"@id\":\"https:\/\/muniabancay.gob.pe\/web\/#website\"},\"datePublished\":\"2023-04-20T13:55:57+00:00\",\"dateModified\":\"2023-04-20T14:08:35+00:00\",\"breadcrumb\":{\"@id\":\"https:\/\/muniabancay.gob.pe\/web\/funcionarios\/#breadcrumb\"},\"inLanguage\":\"es-PE\",\"potentialAction\":[{\"@type\":\"ReadAction\",\"target\":[\"https:\/\/muniabancay.gob.pe\/web\/funcionarios\/\"]}]},{\"@type\":\"BreadcrumbList\",\"@id\":\"https:\/\/muniabancay.gob.pe\/web\/funcionarios\/#breadcrumb\",\"itemListElement\":[{\"@type\":\"ListItem\",\"position\":1,\"name\":\"Portada\",\"item\":\"https:\/\/muniabancay.gob.pe\/web\/\"},{\"@type\":\"ListItem\",\"position\":2,\"name\":\"Funcionarios\"}]},{\"@type\":\"WebSite\",\"@id\":\"https:\/\/muniabancay.gob.pe\/web\/#website\",\"url\":\"https:\/\/muniabancay.gob.pe\/web\/\",\"name\":\"Municipalidad Provincial de Abancay\",\"description\":\"MPA\",\"publisher\":{\"@id\":\"https:\/\/muniabancay.gob.pe\/web\/#organization\"},\"alternateName\":\"Municipalidad Provincial de Abancay\",\"potentialAction\":[{\"@type\":\"SearchAction\",\"target\":{\"@type\":\"EntryPoint\",\"urlTemplate\":\"https:\/\/muniabancay.gob.pe\/web\/?s={search_term_string}\"},\"query-input\":\"required name=search_term_string\"}],\"inLanguage\":\"es-PE\"},{\"@type\":\"Organization\",\"@id\":\"https:\/\/muniabancay.gob.pe\/web\/#organization\",\"name\":\"Municipalidad Provincial de Abancay\",\"alternateName\":\"Municipalidad Provincial de Abancay\",\"url\":\"https:\/\/muniabancay.gob.pe\/web\/\",\"logo\":{\"@type\":\"ImageObject\",\"inLanguage\":\"es-PE\",\"@id\":\"https:\/\/muniabancay.gob.pe\/web\/#\/schema\/logo\/image\/\",\"url\":\"https:\/\/muniabancay.gob.pe\/web\/wp-content\/uploads\/2023\/10\/logo_abc23.png\",\"contentUrl\":\"https:\/\/muniabancay.gob.pe\/web\/wp-content\/uploads\/2023\/10\/logo_abc23.png\",\"width\":699,\"height\":700,\"caption\":\"Municipalidad Provincial de Abancay\"},\"image\":{\"@id\":\"https:\/\/muniabancay.gob.pe\/web\/#\/schema\/logo\/image\/\"},\"sameAs\":[\"https:\/\/www.facebook.com\/profile.php?id=61551095133565\",\"https:\/\/www.tiktok.com\/@tiktokmuniabancay?_t=8cBFA7r1OHV&_r=1\"]}]}<\/script>\n<!-- \/ Yoast SEO plugin. -->","yoast_head_json":{"title":"Funcionarios - Municipalidad Provincial de Abancay","robots":{"index":"index","follow":"follow","max-snippet":"max-snippet:-1","max-image-preview":"max-image-preview:large","max-video-preview":"max-video-preview:-1"},"canonical":"https:\/\/muniabancay.gob.pe\/web\/funcionarios\/","og_locale":"es_ES","og_type":"article","og_title":"Funcionarios - Municipalidad Provincial de Abancay","og_description":"Funcionarios Erick Alarc\u00f3n Camacho Gerente Municipal &hellip; Jhon Alexis Vargas Arbieto Secretaria General &hellip; Guillermo Casta\u00f1eda Layseca Gerente de Planificaci\u00f3n, Presupuesto y Racionalizaci\u00f3n &hellip; Gu\u00edsela Ortiz Reynoso Procuradora Municipal &hellip; Raul Oswaldo Maldonado Ramos Gerencia de Transportes, Regulaci\u00f3n y Circulaci\u00f3n Vial &hellip; Armando Rodas Alata Gerente de Desarrollo Econ\u00f3mico &hellip; Joel Quispe Cervantes Gerente de","og_url":"https:\/\/muniabancay.gob.pe\/web\/funcionarios\/","og_site_name":"Municipalidad Provincial de Abancay","article_publisher":"https:\/\/www.facebook.com\/profile.php?id=61551095133565","article_modified_time":"2023-04-20T14:08:35+00:00","og_image":[{"url":"https:\/\/muniabancay.gob.pe\/web\/wp-content\/uploads\/2023\/04\/ERICK-ALARCON.jpg"}],"twitter_card":"summary_large_image","twitter_misc":{"Est. reading time":"1 minuto"},"schema":{"@context":"https:\/\/schema.org","@graph":[{"@type":"WebPage","@id":"https:\/\/muniabancay.gob.pe\/web\/funcionarios\/","url":"https:\/\/muniabancay.gob.pe\/web\/funcionarios\/","name":"Funcionarios - Municipalidad Provincial de Abancay","isPartOf":{"@id":"https:\/\/muniabancay.gob.pe\/web\/#website"},"datePublished":"2023-04-20T13:55:57+00:00","dateModified":"2023-04-20T14:08:35+00:00","breadcrumb":{"@id":"https:\/\/muniabancay.gob.pe\/web\/funcionarios\/#breadcrumb"},"inLanguage":"es-PE","potentialAction":[{"@type":"ReadAction","target":["https:\/\/muniabancay.gob.pe\/web\/funcionarios\/"]}]},{"@type":"BreadcrumbList","@id":"https:\/\/muniabancay.gob.pe\/web\/funcionarios\/#breadcrumb","itemListElement":[{"@type":"ListItem","position":1,"name":"Portada","item":"https:\/\/muniabancay.gob.pe\/web\/"},{"@type":"ListItem","position":2,"name":"Funcionarios"}]},{"@type":"WebSite","@id":"https:\/\/muniabancay.gob.pe\/web\/#website","url":"https:\/\/muniabancay.gob.pe\/web\/","name":"Municipalidad Provincial de Abancay","description":"MPA","publisher":{"@id":"https:\/\/muniabancay.gob.pe\/web\/#organization"},"alternateName":"Municipalidad Provincial de Abancay","potentialAction":[{"@type":"SearchAction","target":{"@type":"EntryPoint","urlTemplate":"https:\/\/muniabancay.gob.pe\/web\/?s={search_term_string}"},"query-input":"required name=search_term_string"}],"inLanguage":"es-PE"},{"@type":"Organization","@id":"https:\/\/muniabancay.gob.pe\/web\/#organization","name":"Municipalidad Provincial de Abancay","alternateName":"Municipalidad Provincial de Abancay","url":"https:\/\/muniabancay.gob.pe\/web\/","logo":{"@type":"ImageObject","inLanguage":"es-PE","@id":"https:\/\/muniabancay.gob.pe\/web\/#\/schema\/logo\/image\/","url":"https:\/\/muniabancay.gob.pe\/web\/wp-content\/uploads\/2023\/10\/logo_abc23.png","contentUrl":"https:\/\/muniabancay.gob.pe\/web\/wp-content\/uploads\/2023\/10\/logo_abc23.png","width":699,"height":700,"caption":"Municipalidad Provincial de Abancay"},"image":{"@id":"https:\/\/muniabancay.gob.pe\/web\/#\/schema\/logo\/image\/"},"sameAs":["https:\/\/www.facebook.com\/profile.php?id=61551095133565","https:\/\/www.tiktok.com\/@tiktokmuniabancay?_t=8cBFA7r1OHV&_r=1"]}]}},"_links":{"self":[{"href":"https:\/\/muniabancay.gob.pe\/web\/wp-json\/wp\/v2\/pages\/1449","targetHints":{"allow":["GET"]}}],"collection":[{"href":"https:\/\/muniabancay.gob.pe\/web\/wp-json\/wp\/v2\/pages"}],"about":[{"href":"https:\/\/muniabancay.gob.pe\/web\/wp-json\/wp\/v2\/types\/page"}],"author":[{"embeddable":true,"href":"https:\/\/muniabancay.gob.pe\/web\/wp-json\/wp\/v2\/users\/1"}],"replies":[{"embeddable":true,"href":"https:\/\/muniabancay.gob.pe\/web\/wp-json\/wp\/v2\/comments?post=1449"}],"version-history":[{"count":8,"href":"https:\/\/muniabancay.gob.pe\/web\/wp-json\/wp\/v2\/pages\/1449\/revisions"}],"predecessor-version":[{"id":1457,"href":"https:\/\/muniabancay.gob.pe\/web\/wp-json\/wp\/v2\/pages\/1449\/revisions\/1457"}],"wp:attachment":[{"href":"https:\/\/muniabancay.gob.pe\/web\/wp-json\/wp\/v2\/media?parent=1449"}],"curies":[{"name":"wp","href":"https:\/\/api.w.org\/{rel}","templated":true}]}}