{"id":1640,"date":"2023-05-04T11:09:01","date_gmt":"2023-05-04T16:09:01","guid":{"rendered":"https:\/\/muniabancay.gob.pe\/web\/?page_id=1640"},"modified":"2024-04-11T12:51:16","modified_gmt":"2024-04-11T17:51:16","slug":"tributos-municipales","status":"publish","type":"page","link":"https:\/\/muniabancay.gob.pe\/web\/tributos-municipales\/","title":{"rendered":"Tributos Municipales"},"content":{"rendered":"<p><section class=\"kc-elm kc-css-919908 kc_row\"><div class=\"kc-row-container  kc-container\"><div class=\"kc-wrap-columns\"><div class=\"kc-elm kc-css-974436 kc_col-sm-12 kc_column kc_col-sm-12\"><div class=\"kc-col-container\"><div class=\"kc-elm kc-css-274311\" style=\"height: 40px; clear: both; width:100%;\"><\/div>\n<div class=\"kc-elm kc-css-752971 kc-title-wrap \">\n\n\t<h4 class=\"kc_title\">EL SISTEMA TRIBUTARIO MUNICIPAL<\/h4>\n<\/div>\n<div class=\"kc-elm kc-css-159343 kc_text_block\"><\/p>\n<p><span style=\"color: #666666; font-family: Montserrat; font-size: 14px; text-align: justify;\">El sistema tributario municipal es el conjunto de tributos (impuestos, tasas y contribuciones) cuya administraci\u00f3n se encuentra a cargo de las municipalidades, sean \u00e9stas de \u00e1mbito provincial o distrital. Asimismo, forman parte de este sistema las normas tributarias municipales y las entidades municipales encargadas de administrar tales tributos.<\/span><\/p>\n<p>\n<\/div><div class=\"kc-elm kc-css-889376\" style=\"height: 16px; clear: both; width:100%;\"><\/div>\n<div class=\"kc-elm kc-css-259775 kc-title-wrap \">\n\n\t<h4 class=\"kc_title\"> \u00bfPOR QUE DEBEMOS TRIBUTAR?<\/h4>\n<\/div>\n<div class=\"kc-elm kc-css-540809 kc_text_block\"><\/p>\n<p><span style=\"color: #666666; font-family: Montserrat; font-size: 14px; text-align: justify;\">Para contar con mejores servicios, mayor infraestructura y promover el desarrollo local, financiando nuevas obras de infraestructura: Pistas, parques, puentes, campos deportivos y manteniendo su conservaci\u00f3n. Mejorar la calidad del servicio de Limpieza P\u00fablica y parques, aumentar la seguridad ciudadana mediante el servicio de serenazgo.<\/span><\/p>\n<p>\n<\/div><div class=\"kc-elm kc-css-58367\" style=\"height: 22px; clear: both; width:100%;\"><\/div><div class=\"kc-elm kc-css-453727 kc_accordion_wrapper\">\n<div class=\"kc-elm kc-css-231245 kc_accordion_section group \"><h3 class=\"kc_accordion_header ui-accordion-header\"><span class=\"ui-accordion-header-icon ui-icon\"><\/span><a href=\"#impuesto-predial\" data-prevent=\"scroll\"><i class=\"\"><\/i> IMPUESTO PREDIAL<\/a><\/h3><div class=\"kc_accordion_content ui-accordion-content kc_clearfix\"><div class=\"kc-panel-body\">\n<div class=\"kc-elm kc-css-155449 kc-pro-button kc-button-main\">\n\t<a href=\"https:\/\/muniabancay.gob.pe\/web\/wp-content\/uploads\/2023\/05\/CARACTERISTICAS-DEL-IMPUESTO-PREDIAL.pdf\" target=\"_blank\">\n\t\t<span class=\"creative_icon creative_icon_left\"> <i class=\"flaticon-pdf\"><\/i>  <\/span><span class=\"creative_title\">Caracter\u00edsticas del Impuesto Predial<\/span>\t<\/a>\n<\/div>\n<\/div><\/div><\/div><div class=\"kc-elm kc-css-416285 kc_accordion_section group \"><h3 class=\"kc_accordion_header ui-accordion-header\"><span class=\"ui-accordion-header-icon ui-icon\"><\/span><a href=\"#formularios-impuesto-predial\" data-prevent=\"scroll\"><i class=\"\"><\/i> FORMULARIOS IMPUESTO PREDIAL<\/a><\/h3><div class=\"kc_accordion_content ui-accordion-content kc_clearfix\"><div class=\"kc-panel-body\"><div class=\"kc-elm kc-css-161393 kc_text_block\"><\/p>\n<p>Formularios para la declaraci\u00f3n jurada por concepto del impuesto predial<\/p>\n<p>\n<\/div>\n<div class=\"kc-elm kc-css-800626 kc-pro-button kc-button-main\">\n\t<a href=\"https:\/\/muniabancay.gob.pe\/web\/wp-content\/uploads\/2023\/05\/FORMATOS-EN-BLANCO.pdf\" target=\"_blank\">\n\t\t<span class=\"creative_icon creative_icon_left\"> <i class=\"flaticon-pdf\"><\/i>  <\/span><span class=\"creative_title\">FORMULARIOS PARA LA DECLARACI\u00d3N JURADA POR CONCEPTO DE IMPUESTO PREDIAL<\/span>\t<\/a>\n<\/div>\n<div class=\"kc-elm kc-css-945905 kc_text_block\"><\/p>\n<p>Indicaciones del Llenado de Formularios del impuesto predial<\/p>\n<p>\n<\/div><\/div><\/div><\/div><div class=\"kc-elm kc-css-248393 kc_accordion_section group \"><h3 class=\"kc_accordion_header ui-accordion-header\"><span class=\"ui-accordion-header-icon ui-icon\"><\/span><a href=\"#plazos-cronograma-y-lugares-de-pago\" data-prevent=\"scroll\"><i class=\"\"><\/i> PLAZOS, CRONOGRAMA Y LUGARES DE PAGO<\/a><\/h3><div class=\"kc_accordion_content ui-accordion-content kc_clearfix\"><div class=\"kc-panel-body\"><div class=\"kc-elm kc-css-947951 kc_text_block\"><\/p>\n<p>Fechas para el pago de Impuesto Predial y Arbitrios Municipales<\/p>\n<p>\n<\/div><div class=\"kc-elm kc-css-958607 kc_text_block\"><\/p>\n<p>Formas de Pago<\/p>\n<p>\n<\/div><div class=\"kc-elm kc-css-775173 kc_text_block\"><\/p>\n<p>Lugar de Pago<\/p>\n<p>\n<\/div><div class=\"kc-elm kc-css-47994 kc-raw-code\"><ul class=\"contact-list\">\r\n                        <li> <a href=\"https:\/\/www.gob.pe\/institucion\/muniabancay\/sedes\" target=\"_blank\">Jir\u00f3n Lima N\u00b0206 Abancay,<\/a> <br> Abancay - Apur\u00edmac - Per\u00fa<br>Lunes a viernes de 8:00 a 14:30 hrs<\/li>\r\n                     \r\n                    <\/ul><\/div><\/div><\/div><\/div><\/div>\n<div class=\"kc-elm kc-css-62605\" style=\"height: 28px; clear: both; width:100%;\"><\/div>\n<div class=\"kc-elm kc-css-201426 kc-title-wrap \">\n\n\t<h4 class=\"kc_title\">SOFTWARE CHATBOT<\/h4>\n<\/div>\n<div class=\"kc-elm kc-css-518254\" style=\"height: 8px; clear: both; width:100%;\"><\/div><div class=\"kc-elm kc-css-585644 kc_text_block\"><\/p>\n<p>La Gerencia de Administraci\u00f3n Tributaria de la Municipalidad Provincial de Abancay, se complace en anunciar, la finalizaci\u00f3n de la configuraci\u00f3n de su software \u201cChatbot\u201d. Dise\u00f1ado para ofrecer a los ciudadanos una atenci\u00f3n r\u00e1pida y eficiente en cuanto a sus dudas y necesidades relacionadas con los servicios tributarios, el Chatbot est\u00e1 programado para proporcionar respuestas r\u00e1pidas y precisas, act\u00faa como intermediario entre el usuario y nuestro personal de ventanilla, lo que permite una atenci\u00f3n remota, a trav\u00e9s, de la aplicaci\u00f3n de mensajer\u00eda instant\u00e1nea Whatsapp.<br \/>El proceso de acceso al servicio de \u201cChatbot\u201d es muy sencillo. Todo lo que se requiere es escribir un mensaje desde tu cuenta de Whatsapp al n\u00famero (+51 928 593 756) y autom\u00e1ticamente se mostrar\u00e1n las opciones del men\u00fa. Cada subm\u00f3dulo, cuenta con todos los documentos necesarios para una solicitud que se anexar\u00e1 a su mensaje autom\u00e1ticamente en formato PDF.<br \/>En este sentido, la Gerencia de Administraci\u00f3n Tributaria de la Municipalidad Provincial de Abancay, se enorgullece de ofrecer un servicio innovador que ayuda a mejorar la calidad de atenci\u00f3n que brindamos a nuestros ciudadanos. Esperamos que esta nueva herramienta sea de gran utilidad para todos.<\/p>\n<p>\n<\/div><div class=\"kc-elm kc-css-458854\" style=\"height: 10px; clear: both; width:100%;\"><\/div><div class=\"kc-elm kc-css-522281 kc_shortcode kc_single_image\">\n\n        <img decoding=\"async\" src=\"https:\/\/muniabancay.gob.pe\/web\/wp-content\/uploads\/2024\/04\/WhatsApp-Image-2024-04-11-at-11.30.55-AM.jpeg\" class=\"\" alt=\"\" \/>    <\/div>\n\n<div class=\"kc-elm kc-css-798149\">\n\t<a class=\"kc_button\" href=\"https:\/\/wa.me\/51900115116?qr=1\" target=\"_blank\" title=\"Chatbot WhatsApp\" onclick=\"\">\n\t\t<i class=\"et-chat\"><\/i> Chatbot WhatsApp\t<\/a>\n<\/div>\n<div class=\"kc-elm kc-css-180532\" style=\"height: 40px; clear: both; width:100%;\"><\/div><div class=\"kc-elm kc-css-245623 kc-raw-code\"><center><iframe loading=\"lazy\" src=\"https:\/\/www.facebook.com\/plugins\/video.php?height=314&href=https%3A%2F%2Fwww.facebook.com%2Fmuniabancay.gob.pe%2Fvideos%2F121959614247147%2F&show_text=false&width=560&t=0\" width=\"850\" height=\"500\" style=\"border:none;overflow:hidden\" scrolling=\"no\" frameborder=\"0\" allowfullscreen=\"true\" allow=\"autoplay; clipboard-write; encrypted-media; picture-in-picture; web-share\" allowFullScreen=\"true\"><\/iframe><\/center><\/div><div class=\"kc-elm kc-css-397824\" style=\"height: 119px; clear: both; width:100%;\"><\/div><\/div><\/div><\/div><\/div><\/section><section class=\"kc-elm kc-css-536059 kc_row\"><div class=\"kc-row-container\"><div class=\"kc-wrap-columns\"><div class=\"kc-elm kc-css-142434 kc_col-sm-12 kc_column kc_col-sm-12\"><div class=\"kc-col-container\"><\/div><\/div><\/div><\/div><\/section><\/p>\n","protected":false},"excerpt":{"rendered":"","protected":false},"author":1,"featured_media":0,"parent":0,"menu_order":0,"comment_status":"closed","ping_status":"closed","template":"tpl-king_composer.php","meta":{"footnotes":""},"class_list":["post-1640","page","type-page","status-publish","hentry"],"yoast_head":"<!-- This site is optimized with the Yoast SEO plugin v21.8 - https:\/\/yoast.com\/wordpress\/plugins\/seo\/ -->\n<title>Tributos Municipales - Municipalidad Provincial de Abancay<\/title>\n<meta name=\"robots\" content=\"index, follow, max-snippet:-1, max-image-preview:large, max-video-preview:-1\" \/>\n<link rel=\"canonical\" href=\"https:\/\/muniabancay.gob.pe\/web\/tributos-municipales\/\" \/>\n<meta property=\"og:locale\" content=\"es_ES\" \/>\n<meta property=\"og:type\" content=\"article\" \/>\n<meta property=\"og:title\" content=\"Tributos Municipales - Municipalidad Provincial de Abancay\" \/>\n<meta property=\"og:description\" content=\"EL SISTEMA TRIBUTARIO MUNICIPAL El sistema tributario municipal es el conjunto de tributos (impuestos, tasas y contribuciones) cuya administraci\u00f3n se encuentra a cargo de las municipalidades, sean \u00e9stas de \u00e1mbito provincial o distrital. Asimismo, forman parte de este sistema las normas tributarias municipales y las entidades municipales encargadas de administrar tales tributos. \u00bfPOR QUE DEBEMOS\" \/>\n<meta property=\"og:url\" content=\"https:\/\/muniabancay.gob.pe\/web\/tributos-municipales\/\" \/>\n<meta property=\"og:site_name\" content=\"Municipalidad Provincial de Abancay\" \/>\n<meta property=\"article:publisher\" content=\"https:\/\/www.facebook.com\/profile.php?id=61551095133565\" \/>\n<meta property=\"article:modified_time\" content=\"2024-04-11T17:51:16+00:00\" \/>\n<meta property=\"og:image\" content=\"https:\/\/muniabancay.gob.pe\/web\/wp-content\/uploads\/2024\/04\/WhatsApp-Image-2024-04-11-at-11.30.55-AM.jpeg\" \/>\n<meta name=\"twitter:card\" content=\"summary_large_image\" \/>\n<meta name=\"twitter:label1\" content=\"Est. reading time\" \/>\n\t<meta name=\"twitter:data1\" content=\"3 minutos\" \/>\n<script type=\"application\/ld+json\" class=\"yoast-schema-graph\">{\"@context\":\"https:\/\/schema.org\",\"@graph\":[{\"@type\":\"WebPage\",\"@id\":\"https:\/\/muniabancay.gob.pe\/web\/tributos-municipales\/\",\"url\":\"https:\/\/muniabancay.gob.pe\/web\/tributos-municipales\/\",\"name\":\"Tributos Municipales - Municipalidad Provincial de Abancay\",\"isPartOf\":{\"@id\":\"https:\/\/muniabancay.gob.pe\/web\/#website\"},\"datePublished\":\"2023-05-04T16:09:01+00:00\",\"dateModified\":\"2024-04-11T17:51:16+00:00\",\"breadcrumb\":{\"@id\":\"https:\/\/muniabancay.gob.pe\/web\/tributos-municipales\/#breadcrumb\"},\"inLanguage\":\"es-PE\",\"potentialAction\":[{\"@type\":\"ReadAction\",\"target\":[\"https:\/\/muniabancay.gob.pe\/web\/tributos-municipales\/\"]}]},{\"@type\":\"BreadcrumbList\",\"@id\":\"https:\/\/muniabancay.gob.pe\/web\/tributos-municipales\/#breadcrumb\",\"itemListElement\":[{\"@type\":\"ListItem\",\"position\":1,\"name\":\"Portada\",\"item\":\"https:\/\/muniabancay.gob.pe\/web\/\"},{\"@type\":\"ListItem\",\"position\":2,\"name\":\"Tributos Municipales\"}]},{\"@type\":\"WebSite\",\"@id\":\"https:\/\/muniabancay.gob.pe\/web\/#website\",\"url\":\"https:\/\/muniabancay.gob.pe\/web\/\",\"name\":\"Municipalidad Provincial de Abancay\",\"description\":\"MPA\",\"publisher\":{\"@id\":\"https:\/\/muniabancay.gob.pe\/web\/#organization\"},\"alternateName\":\"Municipalidad Provincial de Abancay\",\"potentialAction\":[{\"@type\":\"SearchAction\",\"target\":{\"@type\":\"EntryPoint\",\"urlTemplate\":\"https:\/\/muniabancay.gob.pe\/web\/?s={search_term_string}\"},\"query-input\":\"required name=search_term_string\"}],\"inLanguage\":\"es-PE\"},{\"@type\":\"Organization\",\"@id\":\"https:\/\/muniabancay.gob.pe\/web\/#organization\",\"name\":\"Municipalidad Provincial de Abancay\",\"alternateName\":\"Municipalidad Provincial de Abancay\",\"url\":\"https:\/\/muniabancay.gob.pe\/web\/\",\"logo\":{\"@type\":\"ImageObject\",\"inLanguage\":\"es-PE\",\"@id\":\"https:\/\/muniabancay.gob.pe\/web\/#\/schema\/logo\/image\/\",\"url\":\"https:\/\/muniabancay.gob.pe\/web\/wp-content\/uploads\/2023\/10\/logo_abc23.png\",\"contentUrl\":\"https:\/\/muniabancay.gob.pe\/web\/wp-content\/uploads\/2023\/10\/logo_abc23.png\",\"width\":699,\"height\":700,\"caption\":\"Municipalidad Provincial de Abancay\"},\"image\":{\"@id\":\"https:\/\/muniabancay.gob.pe\/web\/#\/schema\/logo\/image\/\"},\"sameAs\":[\"https:\/\/www.facebook.com\/profile.php?id=61551095133565\",\"https:\/\/www.tiktok.com\/@tiktokmuniabancay?_t=8cBFA7r1OHV&_r=1\"]}]}<\/script>\n<!-- \/ Yoast SEO plugin. -->","yoast_head_json":{"title":"Tributos Municipales - Municipalidad Provincial de Abancay","robots":{"index":"index","follow":"follow","max-snippet":"max-snippet:-1","max-image-preview":"max-image-preview:large","max-video-preview":"max-video-preview:-1"},"canonical":"https:\/\/muniabancay.gob.pe\/web\/tributos-municipales\/","og_locale":"es_ES","og_type":"article","og_title":"Tributos Municipales - Municipalidad Provincial de Abancay","og_description":"EL SISTEMA TRIBUTARIO MUNICIPAL El sistema tributario municipal es el conjunto de tributos (impuestos, tasas y contribuciones) cuya administraci\u00f3n se encuentra a cargo de las municipalidades, sean \u00e9stas de \u00e1mbito provincial o distrital. Asimismo, forman parte de este sistema las normas tributarias municipales y las entidades municipales encargadas de administrar tales tributos. \u00bfPOR QUE DEBEMOS","og_url":"https:\/\/muniabancay.gob.pe\/web\/tributos-municipales\/","og_site_name":"Municipalidad Provincial de Abancay","article_publisher":"https:\/\/www.facebook.com\/profile.php?id=61551095133565","article_modified_time":"2024-04-11T17:51:16+00:00","og_image":[{"url":"https:\/\/muniabancay.gob.pe\/web\/wp-content\/uploads\/2024\/04\/WhatsApp-Image-2024-04-11-at-11.30.55-AM.jpeg"}],"twitter_card":"summary_large_image","twitter_misc":{"Est. reading time":"3 minutos"},"schema":{"@context":"https:\/\/schema.org","@graph":[{"@type":"WebPage","@id":"https:\/\/muniabancay.gob.pe\/web\/tributos-municipales\/","url":"https:\/\/muniabancay.gob.pe\/web\/tributos-municipales\/","name":"Tributos Municipales - Municipalidad Provincial de Abancay","isPartOf":{"@id":"https:\/\/muniabancay.gob.pe\/web\/#website"},"datePublished":"2023-05-04T16:09:01+00:00","dateModified":"2024-04-11T17:51:16+00:00","breadcrumb":{"@id":"https:\/\/muniabancay.gob.pe\/web\/tributos-municipales\/#breadcrumb"},"inLanguage":"es-PE","potentialAction":[{"@type":"ReadAction","target":["https:\/\/muniabancay.gob.pe\/web\/tributos-municipales\/"]}]},{"@type":"BreadcrumbList","@id":"https:\/\/muniabancay.gob.pe\/web\/tributos-municipales\/#breadcrumb","itemListElement":[{"@type":"ListItem","position":1,"name":"Portada","item":"https:\/\/muniabancay.gob.pe\/web\/"},{"@type":"ListItem","position":2,"name":"Tributos Municipales"}]},{"@type":"WebSite","@id":"https:\/\/muniabancay.gob.pe\/web\/#website","url":"https:\/\/muniabancay.gob.pe\/web\/","name":"Municipalidad Provincial de Abancay","description":"MPA","publisher":{"@id":"https:\/\/muniabancay.gob.pe\/web\/#organization"},"alternateName":"Municipalidad Provincial de Abancay","potentialAction":[{"@type":"SearchAction","target":{"@type":"EntryPoint","urlTemplate":"https:\/\/muniabancay.gob.pe\/web\/?s={search_term_string}"},"query-input":"required name=search_term_string"}],"inLanguage":"es-PE"},{"@type":"Organization","@id":"https:\/\/muniabancay.gob.pe\/web\/#organization","name":"Municipalidad Provincial de Abancay","alternateName":"Municipalidad Provincial de Abancay","url":"https:\/\/muniabancay.gob.pe\/web\/","logo":{"@type":"ImageObject","inLanguage":"es-PE","@id":"https:\/\/muniabancay.gob.pe\/web\/#\/schema\/logo\/image\/","url":"https:\/\/muniabancay.gob.pe\/web\/wp-content\/uploads\/2023\/10\/logo_abc23.png","contentUrl":"https:\/\/muniabancay.gob.pe\/web\/wp-content\/uploads\/2023\/10\/logo_abc23.png","width":699,"height":700,"caption":"Municipalidad Provincial de Abancay"},"image":{"@id":"https:\/\/muniabancay.gob.pe\/web\/#\/schema\/logo\/image\/"},"sameAs":["https:\/\/www.facebook.com\/profile.php?id=61551095133565","https:\/\/www.tiktok.com\/@tiktokmuniabancay?_t=8cBFA7r1OHV&_r=1"]}]}},"_links":{"self":[{"href":"https:\/\/muniabancay.gob.pe\/web\/wp-json\/wp\/v2\/pages\/1640","targetHints":{"allow":["GET"]}}],"collection":[{"href":"https:\/\/muniabancay.gob.pe\/web\/wp-json\/wp\/v2\/pages"}],"about":[{"href":"https:\/\/muniabancay.gob.pe\/web\/wp-json\/wp\/v2\/types\/page"}],"author":[{"embeddable":true,"href":"https:\/\/muniabancay.gob.pe\/web\/wp-json\/wp\/v2\/users\/1"}],"replies":[{"embeddable":true,"href":"https:\/\/muniabancay.gob.pe\/web\/wp-json\/wp\/v2\/comments?post=1640"}],"version-history":[{"count":37,"href":"https:\/\/muniabancay.gob.pe\/web\/wp-json\/wp\/v2\/pages\/1640\/revisions"}],"predecessor-version":[{"id":5749,"href":"https:\/\/muniabancay.gob.pe\/web\/wp-json\/wp\/v2\/pages\/1640\/revisions\/5749"}],"wp:attachment":[{"href":"https:\/\/muniabancay.gob.pe\/web\/wp-json\/wp\/v2\/media?parent=1640"}],"curies":[{"name":"wp","href":"https:\/\/api.w.org\/{rel}","templated":true}]}}