{"id":1671,"date":"2023-05-04T12:43:21","date_gmt":"2023-05-04T17:43:21","guid":{"rendered":"https:\/\/muniabancay.gob.pe\/web\/?page_id=1671"},"modified":"2024-02-28T08:33:53","modified_gmt":"2024-02-28T13:33:53","slug":"licencias-de-funcionamiento","status":"publish","type":"page","link":"https:\/\/muniabancay.gob.pe\/web\/licencias-de-funcionamiento\/","title":{"rendered":"Licencias de Funcionamiento"},"content":{"rendered":"<section class=\"kc-elm kc-css-139117 kc_row\"><div class=\"kc-row-container  kc-container\"><div class=\"kc-wrap-columns\"><div class=\"kc-elm kc-css-944407 kc_col-sm-12 kc_column kc_col-sm-12\"><div class=\"kc-col-container\"><div class=\"kc-elm kc-css-612140\" style=\"height: 40px; clear: both; width:100%;\"><\/div><div class=\"kc-elm kc-css-846458 kc_accordion_wrapper\">\n<div class=\"kc-elm kc-css-476198 kc_accordion_section group \"><h3 class=\"kc_accordion_header ui-accordion-header\"><span class=\"ui-accordion-header-icon ui-icon\"><\/span><a href=\"#que-es-la-licencia-de-funcionamiento\" data-prevent=\"scroll\"><i class=\"\"><\/i> \u00bfQU\u00c9 ES LA LICENCIA DE FUNCIONAMIENTO?<\/a><\/h3><div class=\"kc_accordion_content ui-accordion-content kc_clearfix\"><div class=\"kc-panel-body\"><div class=\"kc-elm kc-css-166836\">\n\t<div class=\"kc-carousel_images kc-elm kc-css-166836\">\n\t\n\t\t<div class=\"kc-carousel-images owl-carousel-images kc-sync1  owl-nav-arrow\" data-owl-i-options='{\"items\":\"1\",\"tablet\":\"2\",\"mobile\":\"1\",\"speed\":\"500\",\"navigation\":\"yes\",\"pagination\":\"yes\",\"autoheight\":\"\",\"progressbar\":\"yes\",\"delay\":\"6\",\"autoplay\":\"yes\",\"showthumb\":\"\",\"num_thumb\":\"5\"}'>\n\t\n\t\t\t\t\t<div class=\"item\">\n\t\n\t\t\t\t\t\t\t<img decoding=\"async\" src=\"https:\/\/muniabancay.gob.pe\/web\/wp-content\/uploads\/2024\/02\/pdf-comercializacion_page-0002.jpg\"  alt=\"\"\/>\n\t\n\t\t\t\t\n\t\t\t<\/div>\n\t\n\t\t\t\t\t<div class=\"item\">\n\t\n\t\t\t\t\t\t\t<img decoding=\"async\" src=\"https:\/\/muniabancay.gob.pe\/web\/wp-content\/uploads\/2024\/02\/pdf-comercializacion_page-0001.jpg\"  alt=\"\"\/>\n\t\n\t\t\t\t\n\t\t\t<\/div>\n\t\n\t\t\t\n\t\t<\/div>\n\t\n\t\t\t<\/div>\n<\/div>\n<\/div><\/div><\/div><div class=\"kc-elm kc-css-918662 kc_accordion_section group \"><h3 class=\"kc_accordion_header ui-accordion-header\"><span class=\"ui-accordion-header-icon ui-icon\"><\/span><a href=\"#requisitos-para-licencia-de-funcionamiento\" data-prevent=\"scroll\"><i class=\"\"><\/i> REQUISITOS PARA LICENCIA DE FUNCIONAMIENTO<\/a><\/h3><div class=\"kc_accordion_content ui-accordion-content kc_clearfix\"><div class=\"kc-panel-body\"><div class=\"kc-elm kc-css-489860\">\n\t<div class=\"kc-carousel_images kc-elm kc-css-489860\">\n\t\n\t\t<div class=\"kc-carousel-images owl-carousel-images kc-sync1  owl-nav-arrow\" data-owl-i-options='{\"items\":\"1\",\"tablet\":\"2\",\"mobile\":\"1\",\"speed\":\"500\",\"navigation\":\"yes\",\"pagination\":\"yes\",\"autoheight\":\"\",\"progressbar\":\"yes\",\"delay\":\"6\",\"autoplay\":\"yes\",\"showthumb\":\"\",\"num_thumb\":\"5\"}'>\n\t\n\t\t\t\t\t<div class=\"item\">\n\t\n\t\t\t\t\t\t\t<img decoding=\"async\" src=\"https:\/\/muniabancay.gob.pe\/web\/wp-content\/uploads\/2024\/02\/pdf-comercializacion_page-0003.jpg\"  alt=\"\"\/>\n\t\n\t\t\t\t\n\t\t\t<\/div>\n\t\n\t\t\t\t\t<div class=\"item\">\n\t\n\t\t\t\t\t\t\t<img decoding=\"async\" src=\"https:\/\/muniabancay.gob.pe\/web\/wp-content\/uploads\/2024\/02\/pdf-comercializacion_page-0005.jpg\"  alt=\"\"\/>\n\t\n\t\t\t\t\n\t\t\t<\/div>\n\t\n\t\t\t\t\t<div class=\"item\">\n\t\n\t\t\t\t\t\t\t<img decoding=\"async\" src=\"https:\/\/muniabancay.gob.pe\/web\/wp-content\/uploads\/2024\/02\/pdf-comercializacion_page-0006.jpg\"  alt=\"\"\/>\n\t\n\t\t\t\t\n\t\t\t<\/div>\n\t\n\t\t\t\n\t\t<\/div>\n\t\n\t\t\t<\/div>\n<\/div>\n<\/div><\/div><\/div><div class=\"kc-elm kc-css-842706 kc_accordion_section group \"><h3 class=\"kc_accordion_header ui-accordion-header\"><span class=\"ui-accordion-header-icon ui-icon\"><\/span><a href=\"#pasos-a-seguir-para-el-tramite-de-una-licencia-de-funcionamiento\" data-prevent=\"scroll\"><i class=\"\"><\/i> PASOS A SEGUIR PARA EL TR\u00c1MITE DE UNA LICENCIA DE FUNCIONAMIENTO<\/a><\/h3><div class=\"kc_accordion_content ui-accordion-content kc_clearfix\"><div class=\"kc-panel-body\"><div class=\"kc-elm kc-css-397529\">\n\t<div class=\"kc-carousel_images kc-elm kc-css-397529\">\n\t\n\t\t<div class=\"kc-carousel-images owl-carousel-images kc-sync1  owl-nav-arrow\" data-owl-i-options='{\"items\":\"1\",\"tablet\":\"2\",\"mobile\":\"1\",\"speed\":\"500\",\"navigation\":\"yes\",\"pagination\":\"yes\",\"autoheight\":\"\",\"progressbar\":\"yes\",\"delay\":\"6\",\"autoplay\":\"yes\",\"showthumb\":\"\",\"num_thumb\":\"5\"}'>\n\t\n\t\t\t\t\t<div class=\"item\">\n\t\n\t\t\t\t\t\t\t<img decoding=\"async\" src=\"https:\/\/muniabancay.gob.pe\/web\/wp-content\/uploads\/2024\/02\/pdf-comercializacion_page-0004.jpg\"  alt=\"\"\/>\n\t\n\t\t\t\t\n\t\t\t<\/div>\n\t\n\t\t\t\n\t\t<\/div>\n\t\n\t\t\t<\/div>\n<\/div>\n<\/div><\/div><\/div><div class=\"kc-elm kc-css-367767 kc_accordion_section group \"><h3 class=\"kc_accordion_header ui-accordion-header\"><span class=\"ui-accordion-header-icon ui-icon\"><\/span><a href=\"#formatos-de-declaracion-jurada\" data-prevent=\"scroll\"><i class=\"\"><\/i> FORMATOS DE DECLARACI\u00d3N JURADA<\/a><\/h3><div class=\"kc_accordion_content ui-accordion-content kc_clearfix\"><div class=\"kc-panel-body\">\n<div class=\"kc-elm kc-css-433682 kc-pro-button kc-button-main\">\n\t<a href=\"https:\/\/muniabancay.gob.pe\/web\/wp-content\/uploads\/2024\/02\/fopormato-declaracion-jurada.pdf\" target=\"_blank\">\n\t\t<span class=\"creative_icon creative_icon_left\"> <i class=\"flaticon-pdf\"><\/i>  <\/span><span class=\"creative_title\">FORMATO DE DECLARACI\u00d3N JURADA PARA LICENCIA DE FUNCIONAMIENTO<\/span>\t<\/a>\n<\/div>\n<\/div><\/div><\/div><div class=\"kc-elm kc-css-7575 kc_accordion_section group \"><h3 class=\"kc_accordion_header ui-accordion-header\"><span class=\"ui-accordion-header-icon ui-icon\"><\/span><a href=\"#preguntas-frecuentes\" data-prevent=\"scroll\"><i class=\"\"><\/i> PREGUNTAS FRECUENTES<\/a><\/h3><div class=\"kc_accordion_content ui-accordion-content kc_clearfix\"><div class=\"kc-panel-body\"><div class=\"kc-elm kc-css-426943 kc-raw-code\"><div style=\"text-align: CENTER;\"><iframe loading=\"lazy\" src=\"https:\/\/app.muniabancay.gob.pe\/documentos\/preguntasfrecuentes\/\" style=\"border:0px #ffffff none;\" name=\"myiFrame\" scrolling=\"no\" frameborder=\"1\" marginheight=\"0px\" marginwidth=\"0px\" height=\"1200px\" width=\"1000px\" allowfullscreen><\/iframe>\r\n<\/div><\/div><\/div><\/div><\/div><div class=\"kc-elm kc-css-8200 kc_accordion_section group \"><h3 class=\"kc_accordion_header ui-accordion-header\"><span class=\"ui-accordion-header-icon ui-icon\"><\/span><a href=\"#normativa\" data-prevent=\"scroll\"><i class=\"\"><\/i> NORMATIVA<\/a><\/h3><div class=\"kc_accordion_content ui-accordion-content kc_clearfix\"><div class=\"kc-panel-body\">\n<div class=\"kc-elm kc-css-250469 kc-pro-button kc-button-main\">\n\t<a href=\"https:\/\/www.gob.pe\/institucion\/congreso-de-la-republica\/normas-legales\/1788305-28976\" target=\"_blank\">\n\t\t<span class=\"creative_icon creative_icon_left\"> <i class=\"flaticon-pdf\"><\/i>  <\/span><span class=\"creative_title\">Ley 28976 - Ley Marco de Licencia de Funcionamiento<\/span>\t<\/a>\n<\/div>\n<div class=\"kc-elm kc-css-945014\" style=\"height: 20px; clear: both; width:100%;\"><\/div>\n<div class=\"kc-elm kc-css-310005 kc-pro-button kc-button-main\">\n\t<a href=\"https:\/\/busquedas.elperuano.pe\/dispositivo\/NL\/1866265-1\" target=\"_blank\">\n\t\t<span class=\"creative_icon creative_icon_left\"> <i class=\"flaticon-pdf\"><\/i>  <\/span><span class=\"creative_title\"> Decreto Supremo que modifica el Decreto Supremo N\u00b0 011-2017-PRODUCE,- DECRETO SUPREMO N\u00b0 009-2020-PRODUCE<\/span>\t<\/a>\n<\/div>\n<div class=\"kc-elm kc-css-421318\" style=\"height: 20px; clear: both; width:100%;\"><\/div>\n<div class=\"kc-elm kc-css-413881 kc-pro-button kc-button-main\">\n\t<a href=\"https:\/\/busquedas.elperuano.pe\/dispositivo\/NL\/1866352-3\" target=\"_blank\">\n\t\t<span class=\"creative_icon creative_icon_left\"> <i class=\"flaticon-pdf\"><\/i>  <\/span><span class=\"creative_title\">Decreto Supremo que aprueba el Reglamento de la Ley N\u00ba 30877, Ley General de Bodegueros DECRETO SUPREMO N\u00ba 010-2020-PRODUCE<\/span>\t<\/a>\n<\/div>\n<\/div><\/div><\/div><div class=\"kc-elm kc-css-810901 kc_accordion_section group \"><h3 class=\"kc_accordion_header ui-accordion-header\"><span class=\"ui-accordion-header-icon ui-icon\"><\/span><a href=\"#glosario\" data-prevent=\"scroll\"><i class=\"\"><\/i> GLOSARIO<\/a><\/h3><div class=\"kc_accordion_content ui-accordion-content kc_clearfix\"><div class=\"kc-panel-body\"><div class=\"kc-elm kc-css-517543\">\n\t<div class=\"kc-carousel_images kc-elm kc-css-517543\">\n\t\n\t\t<div class=\"kc-carousel-images owl-carousel-images kc-sync1  owl-nav-arrow\" data-owl-i-options='{\"items\":\"1\",\"tablet\":\"2\",\"mobile\":\"1\",\"speed\":\"500\",\"navigation\":\"yes\",\"pagination\":\"yes\",\"autoheight\":\"\",\"progressbar\":\"yes\",\"delay\":\"6\",\"autoplay\":\"yes\",\"showthumb\":\"\",\"num_thumb\":\"5\"}'>\n\t\n\t\t\t\t\t<div class=\"item\">\n\t\n\t\t\t\t\t\t\t<img decoding=\"async\" src=\"https:\/\/muniabancay.gob.pe\/web\/wp-content\/uploads\/2024\/02\/pdf-comercializacion_page-0007.jpg\"  alt=\"\"\/>\n\t\n\t\t\t\t\n\t\t\t<\/div>\n\t\n\t\t\t\t\t<div class=\"item\">\n\t\n\t\t\t\t\t\t\t<img decoding=\"async\" src=\"https:\/\/muniabancay.gob.pe\/web\/wp-content\/uploads\/2024\/02\/pdf-comercializacion_page-0004.jpg\"  alt=\"\"\/>\n\t\n\t\t\t\t\n\t\t\t<\/div>\n\t\n\t\t\t\n\t\t<\/div>\n\t\n\t\t\t<\/div>\n<\/div>\n<\/div><\/div><\/div><\/div>\n<div class=\"kc-elm kc-css-800976\" style=\"height: 150px; clear: both; width:100%;\"><\/div><\/div><\/div><\/div><\/div><\/section>\n","protected":false},"excerpt":{"rendered":"","protected":false},"author":1,"featured_media":0,"parent":0,"menu_order":0,"comment_status":"closed","ping_status":"closed","template":"tpl-king_composer.php","meta":{"footnotes":""},"class_list":["post-1671","page","type-page","status-publish","hentry"],"yoast_head":"<!-- This site is optimized with the Yoast SEO plugin v21.8 - https:\/\/yoast.com\/wordpress\/plugins\/seo\/ -->\n<title>Licencias de Funcionamiento - Municipalidad Provincial de Abancay<\/title>\n<meta name=\"robots\" content=\"index, follow, max-snippet:-1, max-image-preview:large, max-video-preview:-1\" \/>\n<link rel=\"canonical\" href=\"https:\/\/muniabancay.gob.pe\/web\/licencias-de-funcionamiento\/\" \/>\n<meta property=\"og:locale\" content=\"es_ES\" \/>\n<meta property=\"og:type\" content=\"article\" \/>\n<meta property=\"og:title\" content=\"Licencias de Funcionamiento - Municipalidad Provincial de Abancay\" \/>\n<meta property=\"og:description\" content=\"\u00bfQU\u00c9 ES LA LICENCIA DE FUNCIONAMIENTO? REQUISITOS PARA LICENCIA DE FUNCIONAMIENTO PASOS A SEGUIR PARA EL TR\u00c1MITE DE UNA LICENCIA DE FUNCIONAMIENTO FORMATOS DE DECLARACI\u00d3N JURADA FORMATO DE DECLARACI\u00d3N JURADA PARA LICENCIA DE FUNCIONAMIENTO PREGUNTAS FRECUENTES NORMATIVA Ley 28976 &#8211; Ley Marco de Licencia de Funcionamiento Decreto Supremo que modifica el Decreto Supremo N\u00b0 011-2017-PRODUCE,-\" \/>\n<meta property=\"og:url\" content=\"https:\/\/muniabancay.gob.pe\/web\/licencias-de-funcionamiento\/\" \/>\n<meta property=\"og:site_name\" content=\"Municipalidad Provincial de Abancay\" \/>\n<meta property=\"article:publisher\" content=\"https:\/\/www.facebook.com\/profile.php?id=61551095133565\" \/>\n<meta property=\"article:modified_time\" content=\"2024-02-28T13:33:53+00:00\" \/>\n<meta property=\"og:image\" content=\"https:\/\/muniabancay.gob.pe\/web\/wp-content\/uploads\/2024\/02\/pdf-comercializacion_page-0002.jpg\" \/>\n<meta name=\"twitter:card\" content=\"summary_large_image\" \/>\n<meta name=\"twitter:label1\" content=\"Est. reading time\" \/>\n\t<meta name=\"twitter:data1\" content=\"1 minuto\" \/>\n<script type=\"application\/ld+json\" class=\"yoast-schema-graph\">{\"@context\":\"https:\/\/schema.org\",\"@graph\":[{\"@type\":\"WebPage\",\"@id\":\"https:\/\/muniabancay.gob.pe\/web\/licencias-de-funcionamiento\/\",\"url\":\"https:\/\/muniabancay.gob.pe\/web\/licencias-de-funcionamiento\/\",\"name\":\"Licencias de Funcionamiento - Municipalidad Provincial de Abancay\",\"isPartOf\":{\"@id\":\"https:\/\/muniabancay.gob.pe\/web\/#website\"},\"datePublished\":\"2023-05-04T17:43:21+00:00\",\"dateModified\":\"2024-02-28T13:33:53+00:00\",\"breadcrumb\":{\"@id\":\"https:\/\/muniabancay.gob.pe\/web\/licencias-de-funcionamiento\/#breadcrumb\"},\"inLanguage\":\"es-PE\",\"potentialAction\":[{\"@type\":\"ReadAction\",\"target\":[\"https:\/\/muniabancay.gob.pe\/web\/licencias-de-funcionamiento\/\"]}]},{\"@type\":\"BreadcrumbList\",\"@id\":\"https:\/\/muniabancay.gob.pe\/web\/licencias-de-funcionamiento\/#breadcrumb\",\"itemListElement\":[{\"@type\":\"ListItem\",\"position\":1,\"name\":\"Portada\",\"item\":\"https:\/\/muniabancay.gob.pe\/web\/\"},{\"@type\":\"ListItem\",\"position\":2,\"name\":\"Licencias de Funcionamiento\"}]},{\"@type\":\"WebSite\",\"@id\":\"https:\/\/muniabancay.gob.pe\/web\/#website\",\"url\":\"https:\/\/muniabancay.gob.pe\/web\/\",\"name\":\"Municipalidad Provincial de Abancay\",\"description\":\"MPA\",\"publisher\":{\"@id\":\"https:\/\/muniabancay.gob.pe\/web\/#organization\"},\"alternateName\":\"Municipalidad Provincial de Abancay\",\"potentialAction\":[{\"@type\":\"SearchAction\",\"target\":{\"@type\":\"EntryPoint\",\"urlTemplate\":\"https:\/\/muniabancay.gob.pe\/web\/?s={search_term_string}\"},\"query-input\":\"required name=search_term_string\"}],\"inLanguage\":\"es-PE\"},{\"@type\":\"Organization\",\"@id\":\"https:\/\/muniabancay.gob.pe\/web\/#organization\",\"name\":\"Municipalidad Provincial de Abancay\",\"alternateName\":\"Municipalidad Provincial de Abancay\",\"url\":\"https:\/\/muniabancay.gob.pe\/web\/\",\"logo\":{\"@type\":\"ImageObject\",\"inLanguage\":\"es-PE\",\"@id\":\"https:\/\/muniabancay.gob.pe\/web\/#\/schema\/logo\/image\/\",\"url\":\"https:\/\/muniabancay.gob.pe\/web\/wp-content\/uploads\/2023\/10\/logo_abc23.png\",\"contentUrl\":\"https:\/\/muniabancay.gob.pe\/web\/wp-content\/uploads\/2023\/10\/logo_abc23.png\",\"width\":699,\"height\":700,\"caption\":\"Municipalidad Provincial de Abancay\"},\"image\":{\"@id\":\"https:\/\/muniabancay.gob.pe\/web\/#\/schema\/logo\/image\/\"},\"sameAs\":[\"https:\/\/www.facebook.com\/profile.php?id=61551095133565\",\"https:\/\/www.tiktok.com\/@tiktokmuniabancay?_t=8cBFA7r1OHV&_r=1\"]}]}<\/script>\n<!-- \/ Yoast SEO plugin. -->","yoast_head_json":{"title":"Licencias de Funcionamiento - Municipalidad Provincial de Abancay","robots":{"index":"index","follow":"follow","max-snippet":"max-snippet:-1","max-image-preview":"max-image-preview:large","max-video-preview":"max-video-preview:-1"},"canonical":"https:\/\/muniabancay.gob.pe\/web\/licencias-de-funcionamiento\/","og_locale":"es_ES","og_type":"article","og_title":"Licencias de Funcionamiento - Municipalidad Provincial de Abancay","og_description":"\u00bfQU\u00c9 ES LA LICENCIA DE FUNCIONAMIENTO? REQUISITOS PARA LICENCIA DE FUNCIONAMIENTO PASOS A SEGUIR PARA EL TR\u00c1MITE DE UNA LICENCIA DE FUNCIONAMIENTO FORMATOS DE DECLARACI\u00d3N JURADA FORMATO DE DECLARACI\u00d3N JURADA PARA LICENCIA DE FUNCIONAMIENTO PREGUNTAS FRECUENTES NORMATIVA Ley 28976 &#8211; Ley Marco de Licencia de Funcionamiento Decreto Supremo que modifica el Decreto Supremo N\u00b0 011-2017-PRODUCE,-","og_url":"https:\/\/muniabancay.gob.pe\/web\/licencias-de-funcionamiento\/","og_site_name":"Municipalidad Provincial de Abancay","article_publisher":"https:\/\/www.facebook.com\/profile.php?id=61551095133565","article_modified_time":"2024-02-28T13:33:53+00:00","og_image":[{"url":"https:\/\/muniabancay.gob.pe\/web\/wp-content\/uploads\/2024\/02\/pdf-comercializacion_page-0002.jpg"}],"twitter_card":"summary_large_image","twitter_misc":{"Est. reading time":"1 minuto"},"schema":{"@context":"https:\/\/schema.org","@graph":[{"@type":"WebPage","@id":"https:\/\/muniabancay.gob.pe\/web\/licencias-de-funcionamiento\/","url":"https:\/\/muniabancay.gob.pe\/web\/licencias-de-funcionamiento\/","name":"Licencias de Funcionamiento - Municipalidad Provincial de Abancay","isPartOf":{"@id":"https:\/\/muniabancay.gob.pe\/web\/#website"},"datePublished":"2023-05-04T17:43:21+00:00","dateModified":"2024-02-28T13:33:53+00:00","breadcrumb":{"@id":"https:\/\/muniabancay.gob.pe\/web\/licencias-de-funcionamiento\/#breadcrumb"},"inLanguage":"es-PE","potentialAction":[{"@type":"ReadAction","target":["https:\/\/muniabancay.gob.pe\/web\/licencias-de-funcionamiento\/"]}]},{"@type":"BreadcrumbList","@id":"https:\/\/muniabancay.gob.pe\/web\/licencias-de-funcionamiento\/#breadcrumb","itemListElement":[{"@type":"ListItem","position":1,"name":"Portada","item":"https:\/\/muniabancay.gob.pe\/web\/"},{"@type":"ListItem","position":2,"name":"Licencias de Funcionamiento"}]},{"@type":"WebSite","@id":"https:\/\/muniabancay.gob.pe\/web\/#website","url":"https:\/\/muniabancay.gob.pe\/web\/","name":"Municipalidad Provincial de Abancay","description":"MPA","publisher":{"@id":"https:\/\/muniabancay.gob.pe\/web\/#organization"},"alternateName":"Municipalidad Provincial de Abancay","potentialAction":[{"@type":"SearchAction","target":{"@type":"EntryPoint","urlTemplate":"https:\/\/muniabancay.gob.pe\/web\/?s={search_term_string}"},"query-input":"required name=search_term_string"}],"inLanguage":"es-PE"},{"@type":"Organization","@id":"https:\/\/muniabancay.gob.pe\/web\/#organization","name":"Municipalidad Provincial de Abancay","alternateName":"Municipalidad Provincial de Abancay","url":"https:\/\/muniabancay.gob.pe\/web\/","logo":{"@type":"ImageObject","inLanguage":"es-PE","@id":"https:\/\/muniabancay.gob.pe\/web\/#\/schema\/logo\/image\/","url":"https:\/\/muniabancay.gob.pe\/web\/wp-content\/uploads\/2023\/10\/logo_abc23.png","contentUrl":"https:\/\/muniabancay.gob.pe\/web\/wp-content\/uploads\/2023\/10\/logo_abc23.png","width":699,"height":700,"caption":"Municipalidad Provincial de Abancay"},"image":{"@id":"https:\/\/muniabancay.gob.pe\/web\/#\/schema\/logo\/image\/"},"sameAs":["https:\/\/www.facebook.com\/profile.php?id=61551095133565","https:\/\/www.tiktok.com\/@tiktokmuniabancay?_t=8cBFA7r1OHV&_r=1"]}]}},"_links":{"self":[{"href":"https:\/\/muniabancay.gob.pe\/web\/wp-json\/wp\/v2\/pages\/1671","targetHints":{"allow":["GET"]}}],"collection":[{"href":"https:\/\/muniabancay.gob.pe\/web\/wp-json\/wp\/v2\/pages"}],"about":[{"href":"https:\/\/muniabancay.gob.pe\/web\/wp-json\/wp\/v2\/types\/page"}],"author":[{"embeddable":true,"href":"https:\/\/muniabancay.gob.pe\/web\/wp-json\/wp\/v2\/users\/1"}],"replies":[{"embeddable":true,"href":"https:\/\/muniabancay.gob.pe\/web\/wp-json\/wp\/v2\/comments?post=1671"}],"version-history":[{"count":30,"href":"https:\/\/muniabancay.gob.pe\/web\/wp-json\/wp\/v2\/pages\/1671\/revisions"}],"predecessor-version":[{"id":5219,"href":"https:\/\/muniabancay.gob.pe\/web\/wp-json\/wp\/v2\/pages\/1671\/revisions\/5219"}],"wp:attachment":[{"href":"https:\/\/muniabancay.gob.pe\/web\/wp-json\/wp\/v2\/media?parent=1671"}],"curies":[{"name":"wp","href":"https:\/\/api.w.org\/{rel}","templated":true}]}}