{"id":1779,"date":"2023-05-08T13:49:39","date_gmt":"2023-05-08T18:49:39","guid":{"rendered":"https:\/\/muniabancay.gob.pe\/web\/?page_id=1779"},"modified":"2023-05-08T14:21:18","modified_gmt":"2023-05-08T19:21:18","slug":"registro-civil","status":"publish","type":"page","link":"https:\/\/muniabancay.gob.pe\/web\/registro-civil\/","title":{"rendered":"Registro Civil"},"content":{"rendered":"<p><section class=\"kc-elm kc-css-507544 kc_row\"><div class=\"kc-row-container  kc-container\"><div class=\"kc-wrap-columns\"><div class=\"kc-elm kc-css-323112 kc_col-sm-12 kc_column kc_col-sm-12\"><div class=\"kc-col-container\"><div class=\"kc-elm kc-css-595296\" style=\"height: 103px; clear: both; width:100%;\"><\/div><div class=\"kc-elm kc-css-1913 kc_row kc_row_inner\"><div class=\"kc-elm kc-css-44399 kc_col-sm-6 kc_column_inner kc_col-sm-6\"><div class=\"kc_wrapper kc-col-inner-container\"><div class=\"kc-elm kc-css-977888 kc_shortcode kc_single_image\">\n\n        <img decoding=\"async\" src=\"https:\/\/muniabancay.gob.pe\/web\/wp-content\/uploads\/2023\/05\/matrimonio-300x300.png\" class=\"\" alt=\"\" \/>    <\/div>\n<\/div><\/div><div class=\"kc-elm kc-css-92004 kc_col-sm-6 kc_column_inner kc_col-sm-6\"><div class=\"kc_wrapper kc-col-inner-container\">\n<div class=\"kc-elm kc-css-967452 kc-title-wrap \">\n\n\t<h3 class=\"kc_title\">Matrimonio Civil<\/h3>\n<\/div>\n<div class=\"kc-elm kc-css-680463 kc_text_block\"><\/p>\n<p>Para contraer Matrimonio Civil lo invitamos a conocer los detalles sobre las caracter\u00edsticas de los documentos y plazos para presentarlos en la Municipalidad Provincial de Abancay.<\/p>\n<p>Esta dependencia est\u00e1 ubicada en la Av. Juan Pablo Castro, Terminal Terrestre de Abancay<br \/>Horario de atenci\u00f3n 8:00 a.m. a 2:30 p.m.<\/p>\n<p>\n<\/div><\/div><\/div><\/div><div class=\"kc-elm kc-css-848329\" style=\"height: 24px; clear: both; width:100%;\"><\/div><div class=\"kc-elm kc-css-860738 kc_row kc_row_inner\"><div class=\"kc-elm kc-css-44852 kc_col-sm-6 kc_column_inner kc_col-sm-6\"><div class=\"kc_wrapper kc-col-inner-container\"><div class=\"kc-elm kc-css-829309 kc_shortcode kc_single_image\">\n\n        <img decoding=\"async\" src=\"https:\/\/muniabancay.gob.pe\/web\/wp-content\/uploads\/2023\/05\/nacimiento-300x300.png\" class=\"\" alt=\"\" \/>    <\/div>\n<\/div><\/div><div class=\"kc-elm kc-css-164079 kc_col-sm-6 kc_column_inner kc_col-sm-6\"><div class=\"kc_wrapper kc-col-inner-container\">\n<div class=\"kc-elm kc-css-760808 kc-title-wrap \">\n\n\t<h3 class=\"kc_title\">Partidas de Nacimiento<\/h3>\n<\/div>\n<div class=\"kc-elm kc-css-273302 kc_text_block\"><\/p>\n<p>Si eres mayor de edad y necesitas la copia certificada de una partida o acta de nacimiento, puedes solicitarla\u00a0 \u00a0en la Municipalidad Provincial de Abancay.<\/p>\n<p>Esta dependencia est\u00e1 ubicada en la Av. Juan Pablo Castro, Terminal Terrestre de Abancay<br \/>Horario de atenci\u00f3n 8:00 a.m. a 2:30 p.m.<\/p>\n<p>\n<\/div><\/div><\/div><\/div><div class=\"kc-elm kc-css-798450\" style=\"height: 51px; clear: both; width:100%;\"><\/div><\/div><\/div><\/div><\/div><\/section><section class=\"kc-elm kc-css-992601 kc_row\"><div class=\"kc-row-container  kc-container\"><div class=\"kc-wrap-columns\"><div class=\"kc-elm kc-css-243500 kc_col-sm-12 kc_column kc_col-sm-12\"><div class=\"kc-col-container\"><div class=\"kc-elm kc-css-172122\" style=\"height: 87px; clear: both; width:100%;\"><\/div><div class=\"kc-carousel-post kc-elm kc-css-770505\"><h3 class=\"list-post-title\">\u00daltimas Noticias<\/h3><div class=\"kc-owl-post-carousel owl-carousel list-post category \" data-owl-options='{\"items\":\"3\",\"mobile\":\"1\",\"tablet\":\"2\",\"speed\":500,\"navigation\":\"\",\"pagination\":\"yes\",\"autoheight\":\"\",\"autoplay\":\"yes\"}'>\t\t<div class=\"item list-item post-11832\">\n\n\t\t\t<div class=\"post-content\">\n\n\t\t\t\t<div class=\"image\"><img loading=\"lazy\" decoding=\"async\" width=\"1024\" height=\"736\" src=\"https:\/\/muniabancay.gob.pe\/web\/wp-content\/uploads\/2026\/04\/661651353_1378563164297623_715228526004002596_n-1024x736.jpg\" class=\"attachment-large size-large wp-post-image\" alt=\"\" srcset=\"https:\/\/muniabancay.gob.pe\/web\/wp-content\/uploads\/2026\/04\/661651353_1378563164297623_715228526004002596_n-1024x736.jpg 1024w, https:\/\/muniabancay.gob.pe\/web\/wp-content\/uploads\/2026\/04\/661651353_1378563164297623_715228526004002596_n-300x216.jpg 300w, https:\/\/muniabancay.gob.pe\/web\/wp-content\/uploads\/2026\/04\/661651353_1378563164297623_715228526004002596_n-768x552.jpg 768w, https:\/\/muniabancay.gob.pe\/web\/wp-content\/uploads\/2026\/04\/661651353_1378563164297623_715228526004002596_n-600x431.jpg 600w, https:\/\/muniabancay.gob.pe\/web\/wp-content\/uploads\/2026\/04\/661651353_1378563164297623_715228526004002596_n.jpg 1500w\" sizes=\"auto, (max-width: 1024px) 100vw, 1024px\" \/><h3 class=\"caption\"><a href=\"https:\/\/muniabancay.gob.pe\/web\/2026\/04\/06\/deslizamiento-en-huayllabamba-activa-alerta-y-trabajos-urgentes-en-abancay\/\">DESLIZAMIENTO EN HUAYLLABAMBA ACTIVA ALERTA Y TRABAJOS URGENTES EN ABANCAY<\/a><\/h3><\/div>\n\t\t\t\t\n\t\t\t\t<div class=\"in-post-content\">Municipalidad Provincial interviene ante afectaci\u00f3n de \u00e1reas de cultivo y riesgo en la quebrada \u00d1acchero. Las lluvias intensas de las \u00faltimas semanas terminaron pasando factura ...<\/div>\n\t\t\t\t\t\t\t<\/div>\n\n\t\t<\/div>\n\t\t\t\t<div class=\"item list-item post-11828\">\n\n\t\t\t<div class=\"post-content\">\n\n\t\t\t\t<div class=\"image\"><img loading=\"lazy\" decoding=\"async\" width=\"1024\" height=\"576\" src=\"https:\/\/muniabancay.gob.pe\/web\/wp-content\/uploads\/2026\/04\/662327282_1373540114799928_1615652295588277496_n-1024x576.jpg\" class=\"attachment-large size-large wp-post-image\" alt=\"\" srcset=\"https:\/\/muniabancay.gob.pe\/web\/wp-content\/uploads\/2026\/04\/662327282_1373540114799928_1615652295588277496_n-1024x576.jpg 1024w, https:\/\/muniabancay.gob.pe\/web\/wp-content\/uploads\/2026\/04\/662327282_1373540114799928_1615652295588277496_n-300x169.jpg 300w, https:\/\/muniabancay.gob.pe\/web\/wp-content\/uploads\/2026\/04\/662327282_1373540114799928_1615652295588277496_n-768x432.jpg 768w, https:\/\/muniabancay.gob.pe\/web\/wp-content\/uploads\/2026\/04\/662327282_1373540114799928_1615652295588277496_n-600x338.jpg 600w, https:\/\/muniabancay.gob.pe\/web\/wp-content\/uploads\/2026\/04\/662327282_1373540114799928_1615652295588277496_n.jpg 1440w\" sizes=\"auto, (max-width: 1024px) 100vw, 1024px\" \/><h3 class=\"caption\"><a href=\"https:\/\/muniabancay.gob.pe\/web\/2026\/04\/01\/%f0%9f%9f%a3%e2%9a%aa-abancay-vibro-con-orgullo-y-pasion-%f0%9f%8e%89-17\/\">\u00a1PRE-MUNI ABANCAY CONSOLIDA RESULTADOS! MUNICIPALIDAD RECONOCE A NUEVOS INGRESANTES A UNIVERSIDADES<\/a><\/h3><\/div>\n\t\t\t\t\n\t\t\t\t<div class=\"in-post-content\">J\u00f3venes accedieron a casas de estudio de la regi\u00f3n y del pa\u00eds gracias al programa impulsado por la gesti\u00f3n municipal. ,,,,,,,,,,,,,,,,,,,,,,,,,,,,,,,,,,,,,,,,,,,,,,,,,,,,,,,,,,,,,,,,,,,,,,,,,,,,,,,,,,,,,,,,,,,,,,,,,,,,,,,,,,,,,,,,,,,,,,,,,,,,,,,,,,,, En un acto sencillo ...<\/div>\n\t\t\t\t\t\t\t<\/div>\n\n\t\t<\/div>\n\t\t\t\t<div class=\"item list-item post-11824\">\n\n\t\t\t<div class=\"post-content\">\n\n\t\t\t\t<div class=\"image\"><img loading=\"lazy\" decoding=\"async\" width=\"1024\" height=\"576\" src=\"https:\/\/muniabancay.gob.pe\/web\/wp-content\/uploads\/2026\/04\/660110675_1373380671482539_4113623580967348073_n-1024x576.jpg\" class=\"attachment-large size-large wp-post-image\" alt=\"\" srcset=\"https:\/\/muniabancay.gob.pe\/web\/wp-content\/uploads\/2026\/04\/660110675_1373380671482539_4113623580967348073_n-1024x576.jpg 1024w, https:\/\/muniabancay.gob.pe\/web\/wp-content\/uploads\/2026\/04\/660110675_1373380671482539_4113623580967348073_n-300x169.jpg 300w, https:\/\/muniabancay.gob.pe\/web\/wp-content\/uploads\/2026\/04\/660110675_1373380671482539_4113623580967348073_n-768x432.jpg 768w, https:\/\/muniabancay.gob.pe\/web\/wp-content\/uploads\/2026\/04\/660110675_1373380671482539_4113623580967348073_n-1536x864.jpg 1536w, https:\/\/muniabancay.gob.pe\/web\/wp-content\/uploads\/2026\/04\/660110675_1373380671482539_4113623580967348073_n-600x338.jpg 600w, https:\/\/muniabancay.gob.pe\/web\/wp-content\/uploads\/2026\/04\/660110675_1373380671482539_4113623580967348073_n.jpg 2048w\" sizes=\"auto, (max-width: 1024px) 100vw, 1024px\" \/><h3 class=\"caption\"><a href=\"https:\/\/muniabancay.gob.pe\/web\/2026\/03\/31\/%f0%9f%9f%a3%e2%9a%aa-abancay-vibro-con-orgullo-y-pasion-%f0%9f%8e%89-16\/\">PROCESI\u00d3N DEL CRISTO CRUCIFICADO RECORRI\u00d3 LAS PRINCIPALES CALLES DE NUESTRA CIUDAD EN LUNES SANTO CONGREGANDO A MILES DE FIELES.<\/a><\/h3><\/div>\n\t\t\t\t\n\t\t\t\t<div class=\"in-post-content\">Ciudadan\u00eda particip\u00f3 en una de las expresiones m\u00e1s representativas de la Semana Santa En el marco de las celebraciones por Semana Santa, la noche del ...<\/div>\n\t\t\t\t\t\t\t<\/div>\n\n\t\t<\/div>\n\t\t\t\t<div class=\"item list-item post-11822\">\n\n\t\t\t<div class=\"post-content\">\n\n\t\t\t\t<div class=\"image\"><img loading=\"lazy\" decoding=\"async\" width=\"1024\" height=\"1024\" src=\"https:\/\/muniabancay.gob.pe\/web\/wp-content\/uploads\/2026\/04\/658375680_1373470584806881_3573689134625834292_n-1024x1024.jpg\" class=\"attachment-large size-large wp-post-image\" alt=\"\" srcset=\"https:\/\/muniabancay.gob.pe\/web\/wp-content\/uploads\/2026\/04\/658375680_1373470584806881_3573689134625834292_n-1024x1024.jpg 1024w, https:\/\/muniabancay.gob.pe\/web\/wp-content\/uploads\/2026\/04\/658375680_1373470584806881_3573689134625834292_n-300x300.jpg 300w, https:\/\/muniabancay.gob.pe\/web\/wp-content\/uploads\/2026\/04\/658375680_1373470584806881_3573689134625834292_n-150x150.jpg 150w, https:\/\/muniabancay.gob.pe\/web\/wp-content\/uploads\/2026\/04\/658375680_1373470584806881_3573689134625834292_n-768x768.jpg 768w, https:\/\/muniabancay.gob.pe\/web\/wp-content\/uploads\/2026\/04\/658375680_1373470584806881_3573689134625834292_n-75x75.jpg 75w, https:\/\/muniabancay.gob.pe\/web\/wp-content\/uploads\/2026\/04\/658375680_1373470584806881_3573689134625834292_n-100x100.jpg 100w, https:\/\/muniabancay.gob.pe\/web\/wp-content\/uploads\/2026\/04\/658375680_1373470584806881_3573689134625834292_n-70x70.jpg 70w, https:\/\/muniabancay.gob.pe\/web\/wp-content\/uploads\/2026\/04\/658375680_1373470584806881_3573689134625834292_n-80x80.jpg 80w, https:\/\/muniabancay.gob.pe\/web\/wp-content\/uploads\/2026\/04\/658375680_1373470584806881_3573689134625834292_n-270x270.jpg 270w, https:\/\/muniabancay.gob.pe\/web\/wp-content\/uploads\/2026\/04\/658375680_1373470584806881_3573689134625834292_n-56x56.jpg 56w, https:\/\/muniabancay.gob.pe\/web\/wp-content\/uploads\/2026\/04\/658375680_1373470584806881_3573689134625834292_n-90x90.jpg 90w, https:\/\/muniabancay.gob.pe\/web\/wp-content\/uploads\/2026\/04\/658375680_1373470584806881_3573689134625834292_n-92x92.jpg 92w, https:\/\/muniabancay.gob.pe\/web\/wp-content\/uploads\/2026\/04\/658375680_1373470584806881_3573689134625834292_n-60x60.jpg 60w, https:\/\/muniabancay.gob.pe\/web\/wp-content\/uploads\/2026\/04\/658375680_1373470584806881_3573689134625834292_n-600x600.jpg 600w, https:\/\/muniabancay.gob.pe\/web\/wp-content\/uploads\/2026\/04\/658375680_1373470584806881_3573689134625834292_n.jpg 1200w\" sizes=\"auto, (max-width: 1024px) 100vw, 1024px\" \/><h3 class=\"caption\"><a href=\"https:\/\/muniabancay.gob.pe\/web\/2026\/04\/01\/impulsamos-el-empadronamiento-de-hogares-para-que-mas-familias-accedan-al-apoyo-del-estado\/\">IMPULSAMOS EL EMPADRONAMIENTO DE HOGARES PARA QUE M\u00c1S FAMILIAS ACCEDAN AL APOYO DEL ESTADO<\/a><\/h3><\/div>\n\t\t\t\t\n\t\t\t\t<div class=\"in-post-content\">\u00a0Municipio inicia acciones en el marco del Programa de Incentivos 2026, priorizando la actualizaci\u00f3n de datos y la inclusi\u00f3n de m\u00e1s familias en el sistema ...<\/div>\n\t\t\t\t\t\t\t<\/div>\n\n\t\t<\/div>\n\t\t\t\t<div class=\"item list-item post-11815\">\n\n\t\t\t<div class=\"post-content\">\n\n\t\t\t\t<div class=\"image\"><img loading=\"lazy\" decoding=\"async\" width=\"1024\" height=\"954\" src=\"https:\/\/muniabancay.gob.pe\/web\/wp-content\/uploads\/2026\/03\/661668892_1372768004877139_874694778736137726_n.jpg\" class=\"attachment-large size-large wp-post-image\" alt=\"\" srcset=\"https:\/\/muniabancay.gob.pe\/web\/wp-content\/uploads\/2026\/03\/661668892_1372768004877139_874694778736137726_n.jpg 1024w, https:\/\/muniabancay.gob.pe\/web\/wp-content\/uploads\/2026\/03\/661668892_1372768004877139_874694778736137726_n-300x279.jpg 300w, https:\/\/muniabancay.gob.pe\/web\/wp-content\/uploads\/2026\/03\/661668892_1372768004877139_874694778736137726_n-768x716.jpg 768w, https:\/\/muniabancay.gob.pe\/web\/wp-content\/uploads\/2026\/03\/661668892_1372768004877139_874694778736137726_n-600x559.jpg 600w\" sizes=\"auto, (max-width: 1024px) 100vw, 1024px\" \/><h3 class=\"caption\"><a href=\"https:\/\/muniabancay.gob.pe\/web\/2026\/03\/30\/%f0%9f%a4%9d%f0%9f%8f%bdmpa-aprueba-y-pone-en-marcha-el-programa-de-integridad-2026-para-fortalecer-la-transparencia-en-la-gestion-publica\/\">MPA APRUEBA Y PONE EN MARCHA EL PROGRAMA DE INTEGRIDAD 2026 PARA FORTALECER LA TRANSPARENCIA EN LA GESTI\u00d3N P\u00daBLICA.<\/a><\/h3><\/div>\n\t\t\t\t\n\t\t\t\t<div class=\"in-post-content\">Documento establece acciones concretas para prevenir la corrupci\u00f3n, mejorar la rendici\u00f3n de cuentas y consolidar una cultura \u00e9tica en toda la instituci\u00f3n. La Municipalidad Provincial ...<\/div>\n\t\t\t\t\t\t\t<\/div>\n\n\t\t<\/div>\n\t\t<\/div><\/div><div class=\"kc-elm kc-css-550478\" style=\"height: 87px; clear: both; width:100%;\"><\/div><\/div><\/div><\/div><\/div><\/section><section class=\"kc-elm kc-css-894949 kc_row\"><div class=\"kc-row-container\"><div class=\"kc-wrap-columns\"><div class=\"kc-elm kc-css-772941 kc_col-sm-12 kc_column kc_col-sm-12\"><div class=\"kc-col-container\"><!--Call To Action Section-->\n<section class=\"call-to-action-section\" style=\"background-image:url(https:\/\/muniabancay.gob.pe\/web\/wp-content\/themes\/metron\/images\/background\/5.jpg)\">\n    <div class=\"auto-container\">\n        <div class=\"row clearfix\">\n            <div class=\"col-md-9 col-sm-12 col-xs-12\">\n                <h2>Busca aqu\u00ed tr\u00e1mites, servicios e informaci\u00f3n<\/h2>\n            <\/div>\n            <div class=\"link-column col-md-3 col-sm-12 col-xs-12\">\n                <a class=\"apointment\" href=\"https:\/\/www.gob.pe\/muniabancay\">gob.pe <span class=\"icon flaticon-arrow-pointing-to-right\"><\/span><\/a>\n            <\/div>\n        <\/div>\n    <\/div>\n<\/section>\n<!--End Call To Action Section--><\/div><\/div><\/div><\/div><\/section><\/p>\n","protected":false},"excerpt":{"rendered":"","protected":false},"author":1,"featured_media":0,"parent":0,"menu_order":0,"comment_status":"closed","ping_status":"closed","template":"tpl-king_composer.php","meta":{"footnotes":""},"class_list":["post-1779","page","type-page","status-publish","hentry"],"yoast_head":"<!-- This site is optimized with the Yoast SEO plugin v21.8 - https:\/\/yoast.com\/wordpress\/plugins\/seo\/ -->\n<title>Registro Civil - Municipalidad Provincial de Abancay<\/title>\n<meta name=\"robots\" content=\"index, follow, max-snippet:-1, max-image-preview:large, max-video-preview:-1\" \/>\n<link rel=\"canonical\" href=\"https:\/\/muniabancay.gob.pe\/web\/registro-civil\/\" \/>\n<meta property=\"og:locale\" content=\"es_ES\" \/>\n<meta property=\"og:type\" content=\"article\" \/>\n<meta property=\"og:title\" content=\"Registro Civil - Municipalidad Provincial de Abancay\" \/>\n<meta property=\"og:description\" content=\"Matrimonio Civil Para contraer Matrimonio Civil lo invitamos a conocer los detalles sobre las caracter\u00edsticas de los documentos y plazos para presentarlos en la Municipalidad Provincial de Abancay. Esta dependencia est\u00e1 ubicada en la Av. Juan Pablo Castro, Terminal Terrestre de AbancayHorario de atenci\u00f3n 8:00 a.m. a 2:30 p.m. Partidas de Nacimiento Si eres mayor\" \/>\n<meta property=\"og:url\" content=\"https:\/\/muniabancay.gob.pe\/web\/registro-civil\/\" \/>\n<meta property=\"og:site_name\" content=\"Municipalidad Provincial de Abancay\" \/>\n<meta property=\"article:publisher\" content=\"https:\/\/www.facebook.com\/profile.php?id=61551095133565\" \/>\n<meta property=\"article:modified_time\" content=\"2023-05-08T19:21:18+00:00\" \/>\n<meta property=\"og:image\" content=\"https:\/\/muniabancay.gob.pe\/web\/wp-content\/uploads\/2023\/05\/matrimonio-300x300.png\" \/>\n<meta name=\"twitter:card\" content=\"summary_large_image\" \/>\n<meta name=\"twitter:label1\" content=\"Est. reading time\" \/>\n\t<meta name=\"twitter:data1\" content=\"2 minutos\" \/>\n<script type=\"application\/ld+json\" class=\"yoast-schema-graph\">{\"@context\":\"https:\/\/schema.org\",\"@graph\":[{\"@type\":\"WebPage\",\"@id\":\"https:\/\/muniabancay.gob.pe\/web\/registro-civil\/\",\"url\":\"https:\/\/muniabancay.gob.pe\/web\/registro-civil\/\",\"name\":\"Registro Civil - Municipalidad Provincial de Abancay\",\"isPartOf\":{\"@id\":\"https:\/\/muniabancay.gob.pe\/web\/#website\"},\"datePublished\":\"2023-05-08T18:49:39+00:00\",\"dateModified\":\"2023-05-08T19:21:18+00:00\",\"breadcrumb\":{\"@id\":\"https:\/\/muniabancay.gob.pe\/web\/registro-civil\/#breadcrumb\"},\"inLanguage\":\"es-PE\",\"potentialAction\":[{\"@type\":\"ReadAction\",\"target\":[\"https:\/\/muniabancay.gob.pe\/web\/registro-civil\/\"]}]},{\"@type\":\"BreadcrumbList\",\"@id\":\"https:\/\/muniabancay.gob.pe\/web\/registro-civil\/#breadcrumb\",\"itemListElement\":[{\"@type\":\"ListItem\",\"position\":1,\"name\":\"Portada\",\"item\":\"https:\/\/muniabancay.gob.pe\/web\/\"},{\"@type\":\"ListItem\",\"position\":2,\"name\":\"Registro Civil\"}]},{\"@type\":\"WebSite\",\"@id\":\"https:\/\/muniabancay.gob.pe\/web\/#website\",\"url\":\"https:\/\/muniabancay.gob.pe\/web\/\",\"name\":\"Municipalidad Provincial de Abancay\",\"description\":\"MPA\",\"publisher\":{\"@id\":\"https:\/\/muniabancay.gob.pe\/web\/#organization\"},\"alternateName\":\"Municipalidad Provincial de Abancay\",\"potentialAction\":[{\"@type\":\"SearchAction\",\"target\":{\"@type\":\"EntryPoint\",\"urlTemplate\":\"https:\/\/muniabancay.gob.pe\/web\/?s={search_term_string}\"},\"query-input\":\"required name=search_term_string\"}],\"inLanguage\":\"es-PE\"},{\"@type\":\"Organization\",\"@id\":\"https:\/\/muniabancay.gob.pe\/web\/#organization\",\"name\":\"Municipalidad Provincial de Abancay\",\"alternateName\":\"Municipalidad Provincial de Abancay\",\"url\":\"https:\/\/muniabancay.gob.pe\/web\/\",\"logo\":{\"@type\":\"ImageObject\",\"inLanguage\":\"es-PE\",\"@id\":\"https:\/\/muniabancay.gob.pe\/web\/#\/schema\/logo\/image\/\",\"url\":\"https:\/\/muniabancay.gob.pe\/web\/wp-content\/uploads\/2023\/10\/logo_abc23.png\",\"contentUrl\":\"https:\/\/muniabancay.gob.pe\/web\/wp-content\/uploads\/2023\/10\/logo_abc23.png\",\"width\":699,\"height\":700,\"caption\":\"Municipalidad Provincial de Abancay\"},\"image\":{\"@id\":\"https:\/\/muniabancay.gob.pe\/web\/#\/schema\/logo\/image\/\"},\"sameAs\":[\"https:\/\/www.facebook.com\/profile.php?id=61551095133565\",\"https:\/\/www.tiktok.com\/@tiktokmuniabancay?_t=8cBFA7r1OHV&_r=1\"]}]}<\/script>\n<!-- \/ Yoast SEO plugin. -->","yoast_head_json":{"title":"Registro Civil - Municipalidad Provincial de Abancay","robots":{"index":"index","follow":"follow","max-snippet":"max-snippet:-1","max-image-preview":"max-image-preview:large","max-video-preview":"max-video-preview:-1"},"canonical":"https:\/\/muniabancay.gob.pe\/web\/registro-civil\/","og_locale":"es_ES","og_type":"article","og_title":"Registro Civil - Municipalidad Provincial de Abancay","og_description":"Matrimonio Civil Para contraer Matrimonio Civil lo invitamos a conocer los detalles sobre las caracter\u00edsticas de los documentos y plazos para presentarlos en la Municipalidad Provincial de Abancay. Esta dependencia est\u00e1 ubicada en la Av. Juan Pablo Castro, Terminal Terrestre de AbancayHorario de atenci\u00f3n 8:00 a.m. a 2:30 p.m. Partidas de Nacimiento Si eres mayor","og_url":"https:\/\/muniabancay.gob.pe\/web\/registro-civil\/","og_site_name":"Municipalidad Provincial de Abancay","article_publisher":"https:\/\/www.facebook.com\/profile.php?id=61551095133565","article_modified_time":"2023-05-08T19:21:18+00:00","og_image":[{"url":"https:\/\/muniabancay.gob.pe\/web\/wp-content\/uploads\/2023\/05\/matrimonio-300x300.png"}],"twitter_card":"summary_large_image","twitter_misc":{"Est. reading time":"2 minutos"},"schema":{"@context":"https:\/\/schema.org","@graph":[{"@type":"WebPage","@id":"https:\/\/muniabancay.gob.pe\/web\/registro-civil\/","url":"https:\/\/muniabancay.gob.pe\/web\/registro-civil\/","name":"Registro Civil - Municipalidad Provincial de Abancay","isPartOf":{"@id":"https:\/\/muniabancay.gob.pe\/web\/#website"},"datePublished":"2023-05-08T18:49:39+00:00","dateModified":"2023-05-08T19:21:18+00:00","breadcrumb":{"@id":"https:\/\/muniabancay.gob.pe\/web\/registro-civil\/#breadcrumb"},"inLanguage":"es-PE","potentialAction":[{"@type":"ReadAction","target":["https:\/\/muniabancay.gob.pe\/web\/registro-civil\/"]}]},{"@type":"BreadcrumbList","@id":"https:\/\/muniabancay.gob.pe\/web\/registro-civil\/#breadcrumb","itemListElement":[{"@type":"ListItem","position":1,"name":"Portada","item":"https:\/\/muniabancay.gob.pe\/web\/"},{"@type":"ListItem","position":2,"name":"Registro Civil"}]},{"@type":"WebSite","@id":"https:\/\/muniabancay.gob.pe\/web\/#website","url":"https:\/\/muniabancay.gob.pe\/web\/","name":"Municipalidad Provincial de Abancay","description":"MPA","publisher":{"@id":"https:\/\/muniabancay.gob.pe\/web\/#organization"},"alternateName":"Municipalidad Provincial de Abancay","potentialAction":[{"@type":"SearchAction","target":{"@type":"EntryPoint","urlTemplate":"https:\/\/muniabancay.gob.pe\/web\/?s={search_term_string}"},"query-input":"required name=search_term_string"}],"inLanguage":"es-PE"},{"@type":"Organization","@id":"https:\/\/muniabancay.gob.pe\/web\/#organization","name":"Municipalidad Provincial de Abancay","alternateName":"Municipalidad Provincial de Abancay","url":"https:\/\/muniabancay.gob.pe\/web\/","logo":{"@type":"ImageObject","inLanguage":"es-PE","@id":"https:\/\/muniabancay.gob.pe\/web\/#\/schema\/logo\/image\/","url":"https:\/\/muniabancay.gob.pe\/web\/wp-content\/uploads\/2023\/10\/logo_abc23.png","contentUrl":"https:\/\/muniabancay.gob.pe\/web\/wp-content\/uploads\/2023\/10\/logo_abc23.png","width":699,"height":700,"caption":"Municipalidad Provincial de Abancay"},"image":{"@id":"https:\/\/muniabancay.gob.pe\/web\/#\/schema\/logo\/image\/"},"sameAs":["https:\/\/www.facebook.com\/profile.php?id=61551095133565","https:\/\/www.tiktok.com\/@tiktokmuniabancay?_t=8cBFA7r1OHV&_r=1"]}]}},"_links":{"self":[{"href":"https:\/\/muniabancay.gob.pe\/web\/wp-json\/wp\/v2\/pages\/1779","targetHints":{"allow":["GET"]}}],"collection":[{"href":"https:\/\/muniabancay.gob.pe\/web\/wp-json\/wp\/v2\/pages"}],"about":[{"href":"https:\/\/muniabancay.gob.pe\/web\/wp-json\/wp\/v2\/types\/page"}],"author":[{"embeddable":true,"href":"https:\/\/muniabancay.gob.pe\/web\/wp-json\/wp\/v2\/users\/1"}],"replies":[{"embeddable":true,"href":"https:\/\/muniabancay.gob.pe\/web\/wp-json\/wp\/v2\/comments?post=1779"}],"version-history":[{"count":17,"href":"https:\/\/muniabancay.gob.pe\/web\/wp-json\/wp\/v2\/pages\/1779\/revisions"}],"predecessor-version":[{"id":1799,"href":"https:\/\/muniabancay.gob.pe\/web\/wp-json\/wp\/v2\/pages\/1779\/revisions\/1799"}],"wp:attachment":[{"href":"https:\/\/muniabancay.gob.pe\/web\/wp-json\/wp\/v2\/media?parent=1779"}],"curies":[{"name":"wp","href":"https:\/\/api.w.org\/{rel}","templated":true}]}}