{"id":1810,"date":"2023-05-11T09:33:34","date_gmt":"2023-05-11T14:33:34","guid":{"rendered":"https:\/\/muniabancay.gob.pe\/web\/?page_id=1810"},"modified":"2023-05-11T10:23:47","modified_gmt":"2023-05-11T15:23:47","slug":"simbolos-provinciales","status":"publish","type":"page","link":"https:\/\/muniabancay.gob.pe\/web\/simbolos-provinciales\/","title":{"rendered":"S\u00edmbolos Provinciales"},"content":{"rendered":"<p><section class=\"kc-elm kc-css-706569 kc_row\"><div class=\"kc-row-container\"><div class=\"kc-wrap-columns\"><div class=\"kc-elm kc-css-532471 kc_col-sm-12 kc_column kc_col-sm-12\"><div class=\"kc-col-container\"><div class=\"kc-elm kc-css-429275\" style=\"height: 51px; clear: both; width:100%;\"><\/div><\/div><\/div><\/div><\/div><\/section><section class=\"kc-elm kc-css-429765 kc_row\"><div class=\"kc-row-container  kc-container\"><div class=\"kc-wrap-columns\"><div class=\"kc-elm kc-css-961106 kc_col-sm-12 kc_column kc_col-sm-12\"><div class=\"kc-col-container\">\n<div class=\"kc-elm kc-css-162465 kc-title-wrap \">\n\n\t<h3 class=\"kc_title\">ESCUDO<\/h3>\n<\/div>\n<div class=\"kc-elm kc-css-492376 kc_row kc_row_inner\"><div class=\"kc-elm kc-css-485042 kc_col-sm-6 kc_column_inner kc_col-sm-6\"><div class=\"kc_wrapper kc-col-inner-container\"><div class=\"kc-elm kc-css-838356 kc_shortcode kc_single_image\">\n\n        <img loading=\"lazy\" decoding=\"async\" src=\"https:\/\/upload.wikimedia.org\/wikipedia\/commons\/thumb\/f\/f4\/Escudo_de_Abancay.png\/576px-Escudo_de_Abancay.png\" width=\"400\" height=\"400\" class=\"\" alt=\"\" \/>    <\/div>\n<\/div><\/div><div class=\"kc-elm kc-css-632206 kc_col-sm-6 kc_column_inner kc_col-sm-6\"><div class=\"kc_wrapper kc-col-inner-container\"><div class=\"kc-elm kc-css-621746\" style=\"height: 20px; clear: both; width:100%;\"><\/div>\n<div class=\"kc-elm kc-css-728988 kc-title-wrap \">\n\n\t<h4 class=\"kc_title\">Escudo de la provincia de Abancay<\/h4>\n<\/div>\n<div class=\"kc-elm kc-css-782189 kc_text_block\"><\/p>\n<p>El escudo de la provincia de Abancay, ubicada en la regi\u00f3n de Apur\u00edmac, Per\u00fa, se compone de varios elementos que representan la historia, la cultura y la geograf\u00eda de la provincia.<\/p>\n<ul>\n<li>\n<p>Campo verde: El escudo est\u00e1 dividido en dos campos horizontales. El campo superior es de color verde, que simboliza la fertilidad de la tierra y la riqueza natural de la regi\u00f3n.<\/p>\n<\/li>\n<li>Campo celeste: El campo inferior es de color celeste, representando el cielo y la pureza.<\/li>\n<li>Sol radiante: En la parte superior del escudo, Este sol es una representaci\u00f3n del Inti, el dios sol de la cultura inca, y simboliza la luminosidad y el poder.<\/li>\n<li>Monta\u00f1as y r\u00edos: En el campo inferior, sobre el fondo celeste, se encuentran representadas las monta\u00f1as y los r\u00edos que caracterizan el paisaje de la provincia de Abancay. Estas representaciones resaltan la geograf\u00eda monta\u00f1osa de la regi\u00f3n y su riqueza h\u00eddrica.<\/li>\n<\/ul>\n<p>\n<\/div><\/div><\/div><\/div><\/div><\/div><\/div><\/div><\/section><section class=\"kc-elm kc-css-753625 kc_row\"><div class=\"kc-row-container  kc-container\"><div class=\"kc-wrap-columns\"><div class=\"kc-elm kc-css-892169 kc_col-sm-12 kc_column kc_col-sm-12\"><div class=\"kc-col-container\"><div class=\"kc-elm kc-css-741234\" style=\"height: 109px; clear: both; width:100%;\"><\/div><\/div><\/div><\/div><\/div><\/section><section class=\"kc-elm kc-css-161386 kc_row\"><div class=\"kc-row-container  kc-container\"><div class=\"kc-wrap-columns\"><div class=\"kc-elm kc-css-610530 kc_col-sm-12 kc_column kc_col-sm-12\"><div class=\"kc-col-container\">\n<div class=\"kc-elm kc-css-290943 kc-title-wrap \">\n\n\t<h3 class=\"kc_title\">BANDERA<\/h3>\n<\/div>\n<div class=\"kc-elm kc-css-837206 kc_row kc_row_inner\"><div class=\"kc-elm kc-css-48354 kc_col-sm-6 kc_column_inner kc_col-sm-6\"><div class=\"kc_wrapper kc-col-inner-container\"><div class=\"kc-elm kc-css-30625\" style=\"height: 20px; clear: both; width:100%;\"><\/div><div class=\"kc-elm kc-css-290981 kc_shortcode kc_single_image\">\n\n        <img decoding=\"async\" src=\"https:\/\/muniabancay.gob.pe\/web\/wp-content\/uploads\/2023\/05\/Bandera-de-Abancay.jpg\" class=\"\" alt=\"\" \/>    <\/div>\n<\/div><\/div><div class=\"kc-elm kc-css-821640 kc_col-sm-6 kc_column_inner kc_col-sm-6\"><div class=\"kc_wrapper kc-col-inner-container\"><div class=\"kc-elm kc-css-441530\" style=\"height: 20px; clear: both; width:100%;\"><\/div>\n<div class=\"kc-elm kc-css-342447 kc-title-wrap \">\n\n\t<h4 class=\"kc_title\">Bandera de la provincia de Abancay<\/h4>\n<\/div>\n<div class=\"kc-elm kc-css-573081 kc_text_block\"><\/p>\n<p>Est\u00e1 compuesta por dos franjas horizontales de igual tama\u00f1o. La franja superior es de color blanco, simbolizando la pureza y la unidad de la comunidad. La franja inferior es de color lila, representando la identidad cultural y la historia de la provincia. En conjunto, la bandera de Abancay transmite un mensaje de paz, unidad y el orgullo de su herencia cultural.<\/p>\n<p>\n<\/div><\/div><\/div><\/div><\/div><\/div><\/div><\/div><\/section><section class=\"kc-elm kc-css-193162 kc_row\"><div class=\"kc-row-container  kc-container\"><div class=\"kc-wrap-columns\"><div class=\"kc-elm kc-css-959840 kc_col-sm-12 kc_column kc_col-sm-12\"><div class=\"kc-col-container\"><div class=\"kc-elm kc-css-945349\" style=\"height: 109px; clear: both; width:100%;\"><\/div><\/div><\/div><\/div><\/div><\/section><section class=\"kc-elm kc-css-841150 kc_row\"><div class=\"kc-row-container  kc-container\"><div class=\"kc-wrap-columns\"><div class=\"kc-elm kc-css-299521 kc_col-sm-12 kc_column kc_col-sm-12\"><div class=\"kc-col-container\">\n<div class=\"kc-elm kc-css-664408 kc-title-wrap \">\n\n\t<h3 class=\"kc_title\">HIMNO<\/h3>\n<\/div>\n<div class=\"kc-elm kc-css-200630\" style=\"height: 20px; clear: both; width:100%;\"><\/div>\n<div class=\"kc-elm kc-css-463314 kc-title-wrap \">\n\n\t<h4 class=\"kc_title\">Himno de la provincia de Abancay<\/h4>\n<\/div>\n<div class=\"kc-elm kc-css-246051\" style=\"height: 20px; clear: both; width:100%;\"><\/div><div class=\"kc-elm kc-css-30878 kc_text_block\"><\/p>\n<p>CORO<\/p>\n<p>\n<\/div><div class=\"kc-elm kc-css-412663 kc_text_block\"><\/p>\n<p>Salve Abancay, hermosa tierra,<br \/>donde brilla el sol, trina el zorzal,<br \/>salve Abancay, flor de la sierra<br \/>hoy brindo a t\u00ed, canci\u00f3n triunfal.<br \/>Cuna de ilustres compatriotas<br \/>hombres que el nombre de Abancay,<br \/>lo remontaron cual gaviotas<br \/>\/hasta las cumbres del Ampay.<br \/>Cuna viviente del Rosario<br \/>que en ti, la Madre del Se\u00f1or<br \/>deposit\u00f3 cual relicario<br \/>\/prenda de su materno amor.<\/p>\n<p>Lecho alfombrado del Mari\u00f1o<br \/>r\u00edo que cuida tu verdor<br \/>y que en tus brazos cual un ni\u00f1o<br \/>recibes t\u00fa vida y frescor.<br \/>Jard\u00edn florido de Amankaes<br \/>hizo de t\u00ed. Dios creador,<br \/>conserva t\u00fa la fe que trace:<br \/>Peruano s\u00e9, con nuevo ardor.<\/p>\n<p>\n<\/div><\/div><\/div><\/div><\/div><\/section><section class=\"kc-elm kc-css-176267 kc_row\"><div class=\"kc-row-container  kc-container\"><div class=\"kc-wrap-columns\"><div class=\"kc-elm kc-css-764456 kc_col-sm-12 kc_column kc_col-sm-12\"><div class=\"kc-col-container\"><div class=\"kc-elm kc-css-497444\" style=\"height: 198px; clear: both; width:100%;\"><\/div><div class=\"kc-carousel-post kc-elm kc-css-564585\"><h3 class=\"list-post-title\"> \u00daltimas Noticias<\/h3><div class=\"kc-owl-post-carousel owl-carousel list-post category \" data-owl-options='{\"items\":\"3\",\"mobile\":\"1\",\"tablet\":\"2\",\"speed\":500,\"navigation\":\"\",\"pagination\":\"yes\",\"autoheight\":\"\",\"autoplay\":\"yes\"}'>\t\t<div class=\"item list-item post-11868\">\n\n\t\t\t<div class=\"post-content\">\n\n\t\t\t\t<div class=\"image\"><img loading=\"lazy\" decoding=\"async\" width=\"800\" height=\"969\" src=\"https:\/\/muniabancay.gob.pe\/web\/wp-content\/uploads\/2026\/04\/672674691_1384400170380589_5846323343748692587_n-1.jpg\" class=\"attachment-large size-large wp-post-image\" alt=\"\" srcset=\"https:\/\/muniabancay.gob.pe\/web\/wp-content\/uploads\/2026\/04\/672674691_1384400170380589_5846323343748692587_n-1.jpg 800w, https:\/\/muniabancay.gob.pe\/web\/wp-content\/uploads\/2026\/04\/672674691_1384400170380589_5846323343748692587_n-1-248x300.jpg 248w, https:\/\/muniabancay.gob.pe\/web\/wp-content\/uploads\/2026\/04\/672674691_1384400170380589_5846323343748692587_n-1-768x930.jpg 768w, https:\/\/muniabancay.gob.pe\/web\/wp-content\/uploads\/2026\/04\/672674691_1384400170380589_5846323343748692587_n-1-600x727.jpg 600w\" sizes=\"auto, (max-width: 800px) 100vw, 800px\" \/><h3 class=\"caption\"><a href=\"https:\/\/muniabancay.gob.pe\/web\/2026\/04\/13\/cordial-invitacion-al-inicio-de-obra\/\">\u00a1CORDIAL INVITACI\u00d3N AL INICIO DE OBRA!<\/a><\/h3><\/div>\n\t\t\t\t\n\t\t\t\t<div class=\"in-post-content\">La Municipalidad Provincial de Abancay tiene el agrado de invitar a todos los vecinos y a la comunidad en general a participar en el evento ...<\/div>\n\t\t\t\t\t\t\t<\/div>\n\n\t\t<\/div>\n\t\t\t\t<div class=\"item list-item post-11858\">\n\n\t\t\t<div class=\"post-content\">\n\n\t\t\t\t<div class=\"image\"><img loading=\"lazy\" decoding=\"async\" width=\"797\" height=\"1024\" src=\"https:\/\/muniabancay.gob.pe\/web\/wp-content\/uploads\/2026\/04\/669866986_1381948153959124_5569989976165475737_n-797x1024.jpg\" class=\"attachment-large size-large wp-post-image\" alt=\"\" srcset=\"https:\/\/muniabancay.gob.pe\/web\/wp-content\/uploads\/2026\/04\/669866986_1381948153959124_5569989976165475737_n-797x1024.jpg 797w, https:\/\/muniabancay.gob.pe\/web\/wp-content\/uploads\/2026\/04\/669866986_1381948153959124_5569989976165475737_n-233x300.jpg 233w, https:\/\/muniabancay.gob.pe\/web\/wp-content\/uploads\/2026\/04\/669866986_1381948153959124_5569989976165475737_n-768x987.jpg 768w, https:\/\/muniabancay.gob.pe\/web\/wp-content\/uploads\/2026\/04\/669866986_1381948153959124_5569989976165475737_n-600x771.jpg 600w, https:\/\/muniabancay.gob.pe\/web\/wp-content\/uploads\/2026\/04\/669866986_1381948153959124_5569989976165475737_n.jpg 1024w\" sizes=\"auto, (max-width: 797px) 100vw, 797px\" \/><h3 class=\"caption\"><a href=\"https:\/\/muniabancay.gob.pe\/web\/2026\/04\/10\/ven-con-tu-mejor-amigo-gran-jornada-veterinaria-gratuita\/\">\u00a1VEN CON TU MEJOR AMIGO!  GRAN JORNADA VETERINARIA GRATUITA<\/a><\/h3><\/div>\n\t\t\t\t\n\t\t\t\t<div class=\"in-post-content\">La Municipalidad Provincial de Abancay (MPA), a trav\u00e9s de del \u00c1rea de Control de Canes, anuncia la Jornada Veterinaria GRATUITA por el Aniversario del Centro ...<\/div>\n\t\t\t\t\t\t\t<\/div>\n\n\t\t<\/div>\n\t\t\t\t<div class=\"item list-item post-11857\">\n\n\t\t\t<div class=\"post-content\">\n\n\t\t\t\t<div class=\"image\"><img loading=\"lazy\" decoding=\"async\" width=\"1024\" height=\"683\" src=\"https:\/\/muniabancay.gob.pe\/web\/wp-content\/uploads\/2026\/04\/669708438_1381905997296673_2910017651221999818_n-1024x683.jpg\" class=\"attachment-large size-large wp-post-image\" alt=\"\" srcset=\"https:\/\/muniabancay.gob.pe\/web\/wp-content\/uploads\/2026\/04\/669708438_1381905997296673_2910017651221999818_n-1024x683.jpg 1024w, https:\/\/muniabancay.gob.pe\/web\/wp-content\/uploads\/2026\/04\/669708438_1381905997296673_2910017651221999818_n-300x200.jpg 300w, https:\/\/muniabancay.gob.pe\/web\/wp-content\/uploads\/2026\/04\/669708438_1381905997296673_2910017651221999818_n-768x512.jpg 768w, https:\/\/muniabancay.gob.pe\/web\/wp-content\/uploads\/2026\/04\/669708438_1381905997296673_2910017651221999818_n-391x260.jpg 391w, https:\/\/muniabancay.gob.pe\/web\/wp-content\/uploads\/2026\/04\/669708438_1381905997296673_2910017651221999818_n-1536x1024.jpg 1536w, https:\/\/muniabancay.gob.pe\/web\/wp-content\/uploads\/2026\/04\/669708438_1381905997296673_2910017651221999818_n-600x400.jpg 600w, https:\/\/muniabancay.gob.pe\/web\/wp-content\/uploads\/2026\/04\/669708438_1381905997296673_2910017651221999818_n.jpg 2048w\" sizes=\"auto, (max-width: 1024px) 100vw, 1024px\" \/><h3 class=\"caption\"><a href=\"https:\/\/muniabancay.gob.pe\/web\/2026\/04\/10\/refuerzan-acciones-preventivas-para-garantizar-neutralidad-electoral-en-locales-de-votacion\/\">REFUERZAN ACCIONES PREVENTIVAS PARA GARANTIZAR NEUTRALIDAD ELECTORAL EN LOCALES DE VOTACI\u00d3N<\/a><\/h3><\/div>\n\t\t\t\t\n\t\t\t\t<div class=\"in-post-content\">Municipalidad Provincial de Abancay (MPA), Jurado Nacional de Elecciones (JNE), Ministerio P\u00fablico y Polic\u00eda Nacional intervienen espacios p\u00fablicos para retirar propaganda pol\u00edtica cercana a centros ...<\/div>\n\t\t\t\t\t\t\t<\/div>\n\n\t\t<\/div>\n\t\t\t\t<div class=\"item list-item post-11856\">\n\n\t\t\t<div class=\"post-content\">\n\n\t\t\t\t<div class=\"image\"><img loading=\"lazy\" decoding=\"async\" width=\"1024\" height=\"683\" src=\"https:\/\/muniabancay.gob.pe\/web\/wp-content\/uploads\/2026\/04\/670536270_1381830207304252_8213611389844377155_n-1024x683.jpg\" class=\"attachment-large size-large wp-post-image\" alt=\"\" srcset=\"https:\/\/muniabancay.gob.pe\/web\/wp-content\/uploads\/2026\/04\/670536270_1381830207304252_8213611389844377155_n-1024x683.jpg 1024w, https:\/\/muniabancay.gob.pe\/web\/wp-content\/uploads\/2026\/04\/670536270_1381830207304252_8213611389844377155_n-300x200.jpg 300w, https:\/\/muniabancay.gob.pe\/web\/wp-content\/uploads\/2026\/04\/670536270_1381830207304252_8213611389844377155_n-768x512.jpg 768w, https:\/\/muniabancay.gob.pe\/web\/wp-content\/uploads\/2026\/04\/670536270_1381830207304252_8213611389844377155_n-391x260.jpg 391w, https:\/\/muniabancay.gob.pe\/web\/wp-content\/uploads\/2026\/04\/670536270_1381830207304252_8213611389844377155_n-1536x1024.jpg 1536w, https:\/\/muniabancay.gob.pe\/web\/wp-content\/uploads\/2026\/04\/670536270_1381830207304252_8213611389844377155_n-600x400.jpg 600w, https:\/\/muniabancay.gob.pe\/web\/wp-content\/uploads\/2026\/04\/670536270_1381830207304252_8213611389844377155_n.jpg 2048w\" sizes=\"auto, (max-width: 1024px) 100vw, 1024px\" \/><h3 class=\"caption\"><a href=\"https:\/\/muniabancay.gob.pe\/web\/2026\/04\/10\/fortalecemos-la-formacion-ciudadana-con-la-juramentacion-del-municipio-escolar-en-el-colegio-santa-rosa\/\">FORTALECEMOS LA FORMACI\u00d3N CIUDADANA CON LA JURAMENTACI\u00d3N DEL MUNICIPIO ESCOLAR EN EL COLEGIO SANTA ROSA<\/a><\/h3><\/div>\n\t\t\t\t\n\t\t\t\t<div class=\"in-post-content\">Primer regidor tom\u00f3 juramento a autoridades estudiantiles elegidas democr\u00e1ticamente, destacando el rol del liderazgo juvenil en la construcci\u00f3n de ciudadan\u00eda. En una ceremonia significativa para ...<\/div>\n\t\t\t\t\t\t\t<\/div>\n\n\t\t<\/div>\n\t\t\t\t<div class=\"item list-item post-11849\">\n\n\t\t\t<div class=\"post-content\">\n\n\t\t\t\t<div class=\"image\"><img loading=\"lazy\" decoding=\"async\" width=\"1024\" height=\"576\" src=\"https:\/\/muniabancay.gob.pe\/web\/wp-content\/uploads\/2026\/04\/669245088_1381145870706019_8633198262885806629_n-1024x576.jpg\" class=\"attachment-large size-large wp-post-image\" alt=\"\" srcset=\"https:\/\/muniabancay.gob.pe\/web\/wp-content\/uploads\/2026\/04\/669245088_1381145870706019_8633198262885806629_n-1024x576.jpg 1024w, https:\/\/muniabancay.gob.pe\/web\/wp-content\/uploads\/2026\/04\/669245088_1381145870706019_8633198262885806629_n-300x169.jpg 300w, https:\/\/muniabancay.gob.pe\/web\/wp-content\/uploads\/2026\/04\/669245088_1381145870706019_8633198262885806629_n-768x432.jpg 768w, https:\/\/muniabancay.gob.pe\/web\/wp-content\/uploads\/2026\/04\/669245088_1381145870706019_8633198262885806629_n-1536x864.jpg 1536w, https:\/\/muniabancay.gob.pe\/web\/wp-content\/uploads\/2026\/04\/669245088_1381145870706019_8633198262885806629_n-600x338.jpg 600w, https:\/\/muniabancay.gob.pe\/web\/wp-content\/uploads\/2026\/04\/669245088_1381145870706019_8633198262885806629_n.jpg 2048w\" sizes=\"auto, (max-width: 1024px) 100vw, 1024px\" \/><h3 class=\"caption\"><a href=\"https:\/\/muniabancay.gob.pe\/web\/2026\/04\/10\/municipalidad-lidera-gran-marcha-de-sensibilizacion-promoviendo-la-actividad-fisica-y-el-bienestar-de-la-poblacion\/\">MUNICIPALIDAD LIDERA GRAN MARCHA DE SENSIBILIZACI\u00d3N PROMOVIENDO LA ACTIVIDAD F\u00cdSICA Y EL BIENESTAR DE LA POBLACI\u00d3N<\/a><\/h3><\/div>\n\t\t\t\t\n\t\t\t\t<div class=\"in-post-content\">Sumamos esfuerzos para generar conciencia sobre la importancia de la actividad f\u00edsica como herramienta clave para prevenir enfermedades y mejorar la calidad de vida. En ...<\/div>\n\t\t\t\t\t\t\t<\/div>\n\n\t\t<\/div>\n\t\t<\/div><\/div><\/div><\/div><\/div><\/div><\/section><section class=\"kc-elm kc-css-766447 kc_row\"><div class=\"kc-row-container\"><div class=\"kc-wrap-columns\"><div class=\"kc-elm kc-css-314070 kc_col-sm-12 kc_column kc_col-sm-12\"><div class=\"kc-col-container\"><!--Call To Action Section-->\n<section class=\"call-to-action-section\" style=\"background-image:url(https:\/\/muniabancay.gob.pe\/web\/wp-content\/themes\/metron\/images\/background\/5.jpg)\">\n    <div class=\"auto-container\">\n        <div class=\"row clearfix\">\n            <div class=\"col-md-9 col-sm-12 col-xs-12\">\n                <h2>Busca aqu\u00ed tr\u00e1mites, servicios e informaci\u00f3n<\/h2>\n            <\/div>\n            <div class=\"link-column col-md-3 col-sm-12 col-xs-12\">\n                <a class=\"apointment\" href=\"https:\/\/www.gob.pe\/muniabancay\">GOB.PE  <span class=\"icon flaticon-arrow-pointing-to-right\"><\/span><\/a>\n            <\/div>\n        <\/div>\n    <\/div>\n<\/section>\n<!--End Call To Action Section--><\/div><\/div><\/div><\/div><\/section><\/p>\n","protected":false},"excerpt":{"rendered":"","protected":false},"author":1,"featured_media":0,"parent":0,"menu_order":0,"comment_status":"closed","ping_status":"closed","template":"tpl-king_composer.php","meta":{"footnotes":""},"class_list":["post-1810","page","type-page","status-publish","hentry"],"yoast_head":"<!-- This site is optimized with the Yoast SEO plugin v21.8 - https:\/\/yoast.com\/wordpress\/plugins\/seo\/ -->\n<title>S\u00edmbolos Provinciales - Municipalidad Provincial de Abancay<\/title>\n<meta name=\"robots\" content=\"index, follow, max-snippet:-1, max-image-preview:large, max-video-preview:-1\" \/>\n<link rel=\"canonical\" href=\"https:\/\/muniabancay.gob.pe\/web\/simbolos-provinciales\/\" \/>\n<meta property=\"og:locale\" content=\"es_ES\" \/>\n<meta property=\"og:type\" content=\"article\" \/>\n<meta property=\"og:title\" content=\"S\u00edmbolos Provinciales - Municipalidad Provincial de Abancay\" \/>\n<meta property=\"og:description\" content=\"ESCUDO Escudo de la provincia de Abancay El escudo de la provincia de Abancay, ubicada en la regi\u00f3n de Apur\u00edmac, Per\u00fa, se compone de varios elementos que representan la historia, la cultura y la geograf\u00eda de la provincia. Campo verde: El escudo est\u00e1 dividido en dos campos horizontales. El campo superior es de color verde,\" \/>\n<meta property=\"og:url\" content=\"https:\/\/muniabancay.gob.pe\/web\/simbolos-provinciales\/\" \/>\n<meta property=\"og:site_name\" content=\"Municipalidad Provincial de Abancay\" \/>\n<meta property=\"article:publisher\" content=\"https:\/\/www.facebook.com\/profile.php?id=61551095133565\" \/>\n<meta property=\"article:modified_time\" content=\"2023-05-11T15:23:47+00:00\" \/>\n<meta property=\"og:image\" content=\"https:\/\/upload.wikimedia.org\/wikipedia\/commons\/thumb\/f\/f4\/Escudo_de_Abancay.png\/576px-Escudo_de_Abancay.png\" \/>\n<meta name=\"twitter:card\" content=\"summary_large_image\" \/>\n<meta name=\"twitter:label1\" content=\"Est. reading time\" \/>\n\t<meta name=\"twitter:data1\" content=\"3 minutos\" \/>\n<script type=\"application\/ld+json\" class=\"yoast-schema-graph\">{\"@context\":\"https:\/\/schema.org\",\"@graph\":[{\"@type\":\"WebPage\",\"@id\":\"https:\/\/muniabancay.gob.pe\/web\/simbolos-provinciales\/\",\"url\":\"https:\/\/muniabancay.gob.pe\/web\/simbolos-provinciales\/\",\"name\":\"S\u00edmbolos Provinciales - Municipalidad Provincial de Abancay\",\"isPartOf\":{\"@id\":\"https:\/\/muniabancay.gob.pe\/web\/#website\"},\"datePublished\":\"2023-05-11T14:33:34+00:00\",\"dateModified\":\"2023-05-11T15:23:47+00:00\",\"breadcrumb\":{\"@id\":\"https:\/\/muniabancay.gob.pe\/web\/simbolos-provinciales\/#breadcrumb\"},\"inLanguage\":\"es-PE\",\"potentialAction\":[{\"@type\":\"ReadAction\",\"target\":[\"https:\/\/muniabancay.gob.pe\/web\/simbolos-provinciales\/\"]}]},{\"@type\":\"BreadcrumbList\",\"@id\":\"https:\/\/muniabancay.gob.pe\/web\/simbolos-provinciales\/#breadcrumb\",\"itemListElement\":[{\"@type\":\"ListItem\",\"position\":1,\"name\":\"Portada\",\"item\":\"https:\/\/muniabancay.gob.pe\/web\/\"},{\"@type\":\"ListItem\",\"position\":2,\"name\":\"S\u00edmbolos Provinciales\"}]},{\"@type\":\"WebSite\",\"@id\":\"https:\/\/muniabancay.gob.pe\/web\/#website\",\"url\":\"https:\/\/muniabancay.gob.pe\/web\/\",\"name\":\"Municipalidad Provincial de Abancay\",\"description\":\"MPA\",\"publisher\":{\"@id\":\"https:\/\/muniabancay.gob.pe\/web\/#organization\"},\"alternateName\":\"Municipalidad Provincial de Abancay\",\"potentialAction\":[{\"@type\":\"SearchAction\",\"target\":{\"@type\":\"EntryPoint\",\"urlTemplate\":\"https:\/\/muniabancay.gob.pe\/web\/?s={search_term_string}\"},\"query-input\":\"required name=search_term_string\"}],\"inLanguage\":\"es-PE\"},{\"@type\":\"Organization\",\"@id\":\"https:\/\/muniabancay.gob.pe\/web\/#organization\",\"name\":\"Municipalidad Provincial de Abancay\",\"alternateName\":\"Municipalidad Provincial de Abancay\",\"url\":\"https:\/\/muniabancay.gob.pe\/web\/\",\"logo\":{\"@type\":\"ImageObject\",\"inLanguage\":\"es-PE\",\"@id\":\"https:\/\/muniabancay.gob.pe\/web\/#\/schema\/logo\/image\/\",\"url\":\"https:\/\/muniabancay.gob.pe\/web\/wp-content\/uploads\/2023\/10\/logo_abc23.png\",\"contentUrl\":\"https:\/\/muniabancay.gob.pe\/web\/wp-content\/uploads\/2023\/10\/logo_abc23.png\",\"width\":699,\"height\":700,\"caption\":\"Municipalidad Provincial de Abancay\"},\"image\":{\"@id\":\"https:\/\/muniabancay.gob.pe\/web\/#\/schema\/logo\/image\/\"},\"sameAs\":[\"https:\/\/www.facebook.com\/profile.php?id=61551095133565\",\"https:\/\/www.tiktok.com\/@tiktokmuniabancay?_t=8cBFA7r1OHV&_r=1\"]}]}<\/script>\n<!-- \/ Yoast SEO plugin. -->","yoast_head_json":{"title":"S\u00edmbolos Provinciales - Municipalidad Provincial de Abancay","robots":{"index":"index","follow":"follow","max-snippet":"max-snippet:-1","max-image-preview":"max-image-preview:large","max-video-preview":"max-video-preview:-1"},"canonical":"https:\/\/muniabancay.gob.pe\/web\/simbolos-provinciales\/","og_locale":"es_ES","og_type":"article","og_title":"S\u00edmbolos Provinciales - Municipalidad Provincial de Abancay","og_description":"ESCUDO Escudo de la provincia de Abancay El escudo de la provincia de Abancay, ubicada en la regi\u00f3n de Apur\u00edmac, Per\u00fa, se compone de varios elementos que representan la historia, la cultura y la geograf\u00eda de la provincia. Campo verde: El escudo est\u00e1 dividido en dos campos horizontales. El campo superior es de color verde,","og_url":"https:\/\/muniabancay.gob.pe\/web\/simbolos-provinciales\/","og_site_name":"Municipalidad Provincial de Abancay","article_publisher":"https:\/\/www.facebook.com\/profile.php?id=61551095133565","article_modified_time":"2023-05-11T15:23:47+00:00","og_image":[{"url":"https:\/\/upload.wikimedia.org\/wikipedia\/commons\/thumb\/f\/f4\/Escudo_de_Abancay.png\/576px-Escudo_de_Abancay.png"}],"twitter_card":"summary_large_image","twitter_misc":{"Est. reading time":"3 minutos"},"schema":{"@context":"https:\/\/schema.org","@graph":[{"@type":"WebPage","@id":"https:\/\/muniabancay.gob.pe\/web\/simbolos-provinciales\/","url":"https:\/\/muniabancay.gob.pe\/web\/simbolos-provinciales\/","name":"S\u00edmbolos Provinciales - Municipalidad Provincial de Abancay","isPartOf":{"@id":"https:\/\/muniabancay.gob.pe\/web\/#website"},"datePublished":"2023-05-11T14:33:34+00:00","dateModified":"2023-05-11T15:23:47+00:00","breadcrumb":{"@id":"https:\/\/muniabancay.gob.pe\/web\/simbolos-provinciales\/#breadcrumb"},"inLanguage":"es-PE","potentialAction":[{"@type":"ReadAction","target":["https:\/\/muniabancay.gob.pe\/web\/simbolos-provinciales\/"]}]},{"@type":"BreadcrumbList","@id":"https:\/\/muniabancay.gob.pe\/web\/simbolos-provinciales\/#breadcrumb","itemListElement":[{"@type":"ListItem","position":1,"name":"Portada","item":"https:\/\/muniabancay.gob.pe\/web\/"},{"@type":"ListItem","position":2,"name":"S\u00edmbolos Provinciales"}]},{"@type":"WebSite","@id":"https:\/\/muniabancay.gob.pe\/web\/#website","url":"https:\/\/muniabancay.gob.pe\/web\/","name":"Municipalidad Provincial de Abancay","description":"MPA","publisher":{"@id":"https:\/\/muniabancay.gob.pe\/web\/#organization"},"alternateName":"Municipalidad Provincial de Abancay","potentialAction":[{"@type":"SearchAction","target":{"@type":"EntryPoint","urlTemplate":"https:\/\/muniabancay.gob.pe\/web\/?s={search_term_string}"},"query-input":"required name=search_term_string"}],"inLanguage":"es-PE"},{"@type":"Organization","@id":"https:\/\/muniabancay.gob.pe\/web\/#organization","name":"Municipalidad Provincial de Abancay","alternateName":"Municipalidad Provincial de Abancay","url":"https:\/\/muniabancay.gob.pe\/web\/","logo":{"@type":"ImageObject","inLanguage":"es-PE","@id":"https:\/\/muniabancay.gob.pe\/web\/#\/schema\/logo\/image\/","url":"https:\/\/muniabancay.gob.pe\/web\/wp-content\/uploads\/2023\/10\/logo_abc23.png","contentUrl":"https:\/\/muniabancay.gob.pe\/web\/wp-content\/uploads\/2023\/10\/logo_abc23.png","width":699,"height":700,"caption":"Municipalidad Provincial de Abancay"},"image":{"@id":"https:\/\/muniabancay.gob.pe\/web\/#\/schema\/logo\/image\/"},"sameAs":["https:\/\/www.facebook.com\/profile.php?id=61551095133565","https:\/\/www.tiktok.com\/@tiktokmuniabancay?_t=8cBFA7r1OHV&_r=1"]}]}},"_links":{"self":[{"href":"https:\/\/muniabancay.gob.pe\/web\/wp-json\/wp\/v2\/pages\/1810","targetHints":{"allow":["GET"]}}],"collection":[{"href":"https:\/\/muniabancay.gob.pe\/web\/wp-json\/wp\/v2\/pages"}],"about":[{"href":"https:\/\/muniabancay.gob.pe\/web\/wp-json\/wp\/v2\/types\/page"}],"author":[{"embeddable":true,"href":"https:\/\/muniabancay.gob.pe\/web\/wp-json\/wp\/v2\/users\/1"}],"replies":[{"embeddable":true,"href":"https:\/\/muniabancay.gob.pe\/web\/wp-json\/wp\/v2\/comments?post=1810"}],"version-history":[{"count":29,"href":"https:\/\/muniabancay.gob.pe\/web\/wp-json\/wp\/v2\/pages\/1810\/revisions"}],"predecessor-version":[{"id":1840,"href":"https:\/\/muniabancay.gob.pe\/web\/wp-json\/wp\/v2\/pages\/1810\/revisions\/1840"}],"wp:attachment":[{"href":"https:\/\/muniabancay.gob.pe\/web\/wp-json\/wp\/v2\/media?parent=1810"}],"curies":[{"name":"wp","href":"https:\/\/api.w.org\/{rel}","templated":true}]}}